{"id":99,"date":"2014-11-03T03:57:57","date_gmt":"2014-11-03T03:57:57","guid":{"rendered":"https:\/\/magoezequias.com.ar\/tienda\/?page_id=99"},"modified":"2026-03-16T21:14:18","modified_gmt":"2026-03-17T00:14:18","slug":"como-comprar","status":"publish","type":"page","link":"https:\/\/magoezequias.com.ar\/tienda\/como-comprar","title":{"rendered":"Como comprar"},"content":{"rendered":"<p style=\"text-align: justify;\">La compra la realizar\u00e1 a trav\u00e9s de nuestro carrito de compras, en nuestra p\u00e1gina Web, podr\u00e1s elegir el art\u00edculo deseado y la cantidad requerida. Luego presionas el Bot\u00f3n \u201c<strong>A\u00d1ADIR AL CARRITO<\/strong>\u201d y aparecer\u00e1 el detalle de los productos que has seleccionado sobre el carrito que aparece en el margen superior derecho del Sitio Web, o ingresando en la opci\u00f3n \u00a8<strong>VER CARRITO<\/strong>\u00a8.<\/p>\n<p style=\"text-align: justify;\">Para terminar con su compra deber\u00e1s ir primero al carrito de compras, donde podr\u00e1 ver la lista de productos, modificar cantidades o eliminar alguno de la lista. Para finalizar deber\u00e1 pulsar el Bot\u00f3n \u201c<strong>IR A LA CAJA<\/strong>\u201d.<\/p>\n<p style=\"text-align: justify;\">A continuaci\u00f3n deber\u00e1 completar los Detalles de facturaci\u00f3n donde especificar\u00e1 el lugar donde debe ser enviada la mercader\u00eda y nos dejar\u00e1 cualquier comentario relacionado a los productos adquiridos o env\u00edo.<\/p>\n<p style=\"text-align: justify;\">Para finalizar elegir\u00e1 alguna Forma de pago; igualmente nos pondremos en contacto con usted para coordinar el env\u00edo y all\u00ed puede optar por alg\u00fan otro sistema de pago:<\/p>\n<p style=\"text-align: justify;\">Transferencia o dep\u00f3sito en cuenta bancaria.<\/p>\n<p style=\"text-align: justify;\">A trav\u00e9s de PayPal\u00a0\u00a0\u00a0<a href=\"http:\/\/www.paypal.com\/\">www.paypal.com<\/a><\/p>\n<p style=\"text-align: justify;\">Western Union\u00a0\u00a0\u00a0<a href=\"http:\/\/www.westernunion.com\/\">www.westernunion.com<\/a><\/p>\n<p style=\"text-align: justify;\">Si deseas no usar el carrito de compras env\u00edanos un e-mail con tu pedido y coordinamos el pago y el env\u00edo al lugar que dispongas o tambi\u00e9n mediante whatsapp al +54 9 2352 406856.<\/p>\n<p style=\"text-align: justify;\"><strong>Realizamos el env\u00edo sin cargo <\/strong>a todo el Pa\u00eds, directamente a su domicilio en compras superiores a $ 150.000 (ciento cincuenta mil Pesos), mediante Correo Argentino.<\/p>\n<p style=\"text-align: justify;\"><strong>Env\u00edos al Exterior.<\/strong> Con costo reducidos en compras superiores a 150 d\u00f3lares.<\/p>\n<p style=\"text-align: justify;\">Recuerde que luego de efectuada la compra en nuestra p\u00e1gina nos pondremos en contacto con usted para coordinar la forma de pago y el env\u00edo de la mercader\u00eda. Todas las compras son enviadas por correo con un servicio que permite el seguimiento de la pieza por Internet.<\/p>\n<p style=\"text-align: justify;\">\u00a0<\/p>\n\n\n<p><\/p>\n","protected":false},"excerpt":{"rendered":"<p>La compra la realizar\u00e1 a trav\u00e9s de nuestro carrito de compras, en nuestra p\u00e1gina Web, podr\u00e1s elegir el art\u00edculo deseado y la cantidad requerida. Luego presionas el Bot\u00f3n \u201cA\u00d1ADIR AL CARRITO\u201d y aparecer\u00e1 el detalle de los productos que has seleccionado sobre el carrito que aparece en el margen superior derecho del Sitio Web, o [&hellip;]<\/p>\n","protected":false},"author":1,"featured_media":0,"parent":0,"menu_order":0,"comment_status":"open","ping_status":"open","template":"","meta":{"footnotes":""},"class_list":["post-99","page","type-page","status-publish","hentry"],"aioseo_notices":[],"_links":{"self":[{"href":"https:\/\/magoezequias.com.ar\/tienda\/wp-json\/wp\/v2\/pages\/99","targetHints":{"allow":["GET"]}}],"collection":[{"href":"https:\/\/magoezequias.com.ar\/tienda\/wp-json\/wp\/v2\/pages"}],"about":[{"href":"https:\/\/magoezequias.com.ar\/tienda\/wp-json\/wp\/v2\/types\/page"}],"author":[{"embeddable":true,"href":"https:\/\/magoezequias.com.ar\/tienda\/wp-json\/wp\/v2\/users\/1"}],"replies":[{"embeddable":true,"href":"https:\/\/magoezequias.com.ar\/tienda\/wp-json\/wp\/v2\/comments?post=99"}],"version-history":[{"count":3,"href":"https:\/\/magoezequias.com.ar\/tienda\/wp-json\/wp\/v2\/pages\/99\/revisions"}],"predecessor-version":[{"id":18426,"href":"https:\/\/magoezequias.com.ar\/tienda\/wp-json\/wp\/v2\/pages\/99\/revisions\/18426"}],"wp:attachment":[{"href":"https:\/\/magoezequias.com.ar\/tienda\/wp-json\/wp\/v2\/media?parent=99"}],"curies":[{"name":"wp","href":"https:\/\/api.w.org\/{rel}","templated":true}]}}