{"id":1002,"date":"2017-11-28T02:12:55","date_gmt":"2017-11-28T02:12:55","guid":{"rendered":"https:\/\/magoezequias.com.ar\/tienda\/?post_type=product&#038;p=1002"},"modified":"2022-07-13T00:12:28","modified_gmt":"2022-07-13T00:12:28","slug":"aparicion-de-pez","status":"publish","type":"product","link":"https:\/\/magoezequias.com.ar\/tienda\/producto\/aparicion-de-pez","title":{"rendered":"Aparici\u00f3n de Pez"},"content":{"rendered":"<p><a href=\"https:\/\/magoezequias.com.ar\/tienda\/wp-content\/uploads\/2017\/11\/aparicion-pez2.jpg\"><img fetchpriority=\"high\" decoding=\"async\" class=\"aligncenter size-full wp-image-1005\" src=\"https:\/\/magoezequias.com.ar\/tienda\/wp-content\/uploads\/2017\/11\/aparicion-pez2.jpg\" alt=\"\" width=\"448\" height=\"275\" srcset=\"https:\/\/magoezequias.com.ar\/tienda\/wp-content\/uploads\/2017\/11\/aparicion-pez2.jpg 448w, https:\/\/magoezequias.com.ar\/tienda\/wp-content\/uploads\/2017\/11\/aparicion-pez2-300x184.jpg 300w\" sizes=\"(max-width: 448px) 100vw, 448px\" \/><\/a><\/p>\n<p>&nbsp;<\/p>\n<p>El mago dice que va a hacer aparecer un pez. Toma un anotador y comienza a dibujar son un marcador negro sin que lo vean. Pregunta a los ni\u00f1os si quieren ver un pez\u2026. Todos dir\u00e1n que s\u00ed!!!!<\/p>\n<p>&nbsp;<\/p>\n<p>All\u00ed el mago da vuelta el anotador y dice ya lo hice aparecer\u2026.<\/p>\n<p>&nbsp;<\/p>\n<p>El publico al no estar muy entuciasmado con el logro, el mago dice, pero es de verdad nada en el agua\u2026 y dibuja el mar.<\/p>\n<p>&nbsp;<\/p>\n<p>A continuaci\u00f3n le pregunta a los ni\u00f1os como se puede llmar\u2026 y entonces anota el nombre que le dicen<\/p>\n<p>&nbsp;<\/p>\n<p>Ahora llega el momento de la magia, el mago arranca la hoja, hace un cono de papel, da un golpe m\u00e1gico y de repente el pez dibujado se hace real cayendo en la pecera\u2026<\/p>\n<p>&nbsp;<\/p>\n<p>&nbsp;<\/p>\n<p>Aqu\u00ed no termina la magia ya que desenrosca el dibujo y muestra que en la hoja el pez dibujado ha desaparecido quedando solo el mar y el nombre elegido.<\/p>\n<p>&nbsp;<\/p>\n<p>Un efecto muy fuerte, casi autom\u00e1tico de realizar. El bloc y el pez hacen todo el trabajo f\u00e1cil. El manejo es s\u00faper limpio y no tienes que llevar nada cargado.<\/p>\n<p>El pez parece real incluso a corta distancia, nadando a distintos ritmos como un pez real<\/p>\n<p>Se prepara y resetea en segundos. Ocupa muy poco espacio para transportar, sin peligro de llevar l\u00edquidos.<\/p>\n<p>Usted recibe un anotador tama\u00f1o A4, especialmente preparado.<\/p>\n<p>Un pez de color naranja especial<\/p>\n<p>Claras explicaciones en castellano en video<\/p>\n<p>La pecera y el marcador negro no est\u00e1n incluidos.<\/p>\n<p>&nbsp;<\/p>\n<p>Ahora podr\u00e1s lograr la aparici\u00f3n de un pez de una manera s\u00faper divertida, llena de humor y magia, con este juego ya no te tendr\u00e1s que llevar un pez vivo a las actuaciones.<\/p>\n<p>&nbsp;<\/p>\n<p><iframe src=\"https:\/\/www.youtube.com\/embed\/gEWDE_sp3zA\" width=\"560\" height=\"315\" frameborder=\"0\" allowfullscreen=\"allowfullscreen\"><\/iframe><\/p>\n","protected":false},"excerpt":{"rendered":"<p>Ahora podr\u00e1s lograr la aparici\u00f3n de un pez de una manera s\u00faper divertida, llena de humor y magia, con este juego ya no te tendr\u00e1s que llevar un pez vivo a las actuaciones.<\/p>\n","protected":false},"featured_media":1006,"comment_status":"open","ping_status":"closed","template":"","meta":[],"product_brand":[],"product_cat":[10,8,9],"product_tag":[356,407],"class_list":{"0":"post-1002","1":"product","2":"type-product","3":"status-publish","4":"has-post-thumbnail","6":"product_cat-escena","7":"product_cat-infantil","8":"product_cat-salon","9":"product_tag-aparicion","10":"product_tag-pez","12":"first","13":"outofstock","14":"shipping-taxable","15":"purchasable","16":"product-type-simple"},"aioseo_notices":[],"_links":{"self":[{"href":"https:\/\/magoezequias.com.ar\/tienda\/wp-json\/wp\/v2\/product\/1002","targetHints":{"allow":["GET"]}}],"collection":[{"href":"https:\/\/magoezequias.com.ar\/tienda\/wp-json\/wp\/v2\/product"}],"about":[{"href":"https:\/\/magoezequias.com.ar\/tienda\/wp-json\/wp\/v2\/types\/product"}],"replies":[{"embeddable":true,"href":"https:\/\/magoezequias.com.ar\/tienda\/wp-json\/wp\/v2\/comments?post=1002"}],"version-history":[{"count":0,"href":"https:\/\/magoezequias.com.ar\/tienda\/wp-json\/wp\/v2\/product\/1002\/revisions"}],"wp:featuredmedia":[{"embeddable":true,"href":"https:\/\/magoezequias.com.ar\/tienda\/wp-json\/wp\/v2\/media\/1006"}],"wp:attachment":[{"href":"https:\/\/magoezequias.com.ar\/tienda\/wp-json\/wp\/v2\/media?parent=1002"}],"wp:term":[{"taxonomy":"product_brand","embeddable":true,"href":"https:\/\/magoezequias.com.ar\/tienda\/wp-json\/wp\/v2\/product_brand?post=1002"},{"taxonomy":"product_cat","embeddable":true,"href":"https:\/\/magoezequias.com.ar\/tienda\/wp-json\/wp\/v2\/product_cat?post=1002"},{"taxonomy":"product_tag","embeddable":true,"href":"https:\/\/magoezequias.com.ar\/tienda\/wp-json\/wp\/v2\/product_tag?post=1002"}],"curies":[{"name":"wp","href":"https:\/\/api.w.org\/{rel}","templated":true}]}}