{"id":1027,"date":"2017-12-12T21:20:44","date_gmt":"2017-12-12T21:20:44","guid":{"rendered":"https:\/\/magoezequias.com.ar\/tienda\/?post_type=product&#038;p=1027"},"modified":"2024-07-29T11:06:54","modified_gmt":"2024-07-29T11:06:54","slug":"billetera-de-fuego-fire-wallet","status":"publish","type":"product","link":"https:\/\/magoezequias.com.ar\/tienda\/producto\/billetera-de-fuego-fire-wallet","title":{"rendered":"Billetera de Fuego &#8211; Fire Wallet"},"content":{"rendered":"<p><a href=\"https:\/\/magoezequias.com.ar\/tienda\/wp-content\/uploads\/2017\/12\/HTB13ypMiPuhSKJjSspjq6Ai8VXay.jpg\"><img fetchpriority=\"high\" decoding=\"async\" class=\"aligncenter size-full wp-image-1345\" src=\"https:\/\/magoezequias.com.ar\/tienda\/wp-content\/uploads\/2017\/12\/HTB13ypMiPuhSKJjSspjq6Ai8VXay.jpg\" alt=\"\" width=\"1000\" height=\"1000\" srcset=\"https:\/\/magoezequias.com.ar\/tienda\/wp-content\/uploads\/2017\/12\/HTB13ypMiPuhSKJjSspjq6Ai8VXay.jpg 1000w, https:\/\/magoezequias.com.ar\/tienda\/wp-content\/uploads\/2017\/12\/HTB13ypMiPuhSKJjSspjq6Ai8VXay-300x300.jpg 300w, https:\/\/magoezequias.com.ar\/tienda\/wp-content\/uploads\/2017\/12\/HTB13ypMiPuhSKJjSspjq6Ai8VXay-768x768.jpg 768w, https:\/\/magoezequias.com.ar\/tienda\/wp-content\/uploads\/2017\/12\/HTB13ypMiPuhSKJjSspjq6Ai8VXay-150x150.jpg 150w, https:\/\/magoezequias.com.ar\/tienda\/wp-content\/uploads\/2017\/12\/HTB13ypMiPuhSKJjSspjq6Ai8VXay-100x100.jpg 100w\" sizes=\"(max-width: 1000px) 100vw, 1000px\" \/><\/a><\/p>\n<p>Sorprenda al p\u00fablico en su show o en una situaci\u00f3n de la vida diaria. Al abrir su billetera, una gran llamarada de fuego saldr\u00e1 de su interior. Cuando vuelve a abrirla, m\u00e1gicamente el fuego ha desaparecido y se ha convertido en una billetera completamente normal de la cual retira el dinero para pagar.<\/p>\n<p>&nbsp;<\/p>\n<p>&nbsp;<\/p>\n<p>&nbsp;<\/p>\n<p>Un efecto impresionante, autom\u00e1tico y muy f\u00e1cil de utilizar. Necesitar\u00e1 bencina para su uso.<\/p>\n<p>&nbsp;<\/p>\n","protected":false},"excerpt":{"rendered":"<p>Una billetera que podr\u00e1 utilizar todos los d\u00edas y cuando lo desee provocar fuego desde ella.<\/p>\n","protected":false},"featured_media":1345,"comment_status":"open","ping_status":"closed","template":"","meta":[],"product_brand":[],"product_cat":[319,7,10,9],"product_tag":[174,180,181,176],"class_list":{"0":"post-1027","1":"product","2":"type-product","3":"status-publish","4":"has-post-thumbnail","6":"product_cat-principiantes","7":"product_cat-accesorios","8":"product_cat-escena","9":"product_cat-salon","10":"product_tag-billetera","11":"product_tag-fire","12":"product_tag-fuego","13":"product_tag-wallet","15":"first","16":"outofstock","17":"shipping-taxable","18":"purchasable","19":"product-type-simple"},"aioseo_notices":[],"_links":{"self":[{"href":"https:\/\/magoezequias.com.ar\/tienda\/wp-json\/wp\/v2\/product\/1027","targetHints":{"allow":["GET"]}}],"collection":[{"href":"https:\/\/magoezequias.com.ar\/tienda\/wp-json\/wp\/v2\/product"}],"about":[{"href":"https:\/\/magoezequias.com.ar\/tienda\/wp-json\/wp\/v2\/types\/product"}],"replies":[{"embeddable":true,"href":"https:\/\/magoezequias.com.ar\/tienda\/wp-json\/wp\/v2\/comments?post=1027"}],"version-history":[{"count":0,"href":"https:\/\/magoezequias.com.ar\/tienda\/wp-json\/wp\/v2\/product\/1027\/revisions"}],"wp:featuredmedia":[{"embeddable":true,"href":"https:\/\/magoezequias.com.ar\/tienda\/wp-json\/wp\/v2\/media\/1345"}],"wp:attachment":[{"href":"https:\/\/magoezequias.com.ar\/tienda\/wp-json\/wp\/v2\/media?parent=1027"}],"wp:term":[{"taxonomy":"product_brand","embeddable":true,"href":"https:\/\/magoezequias.com.ar\/tienda\/wp-json\/wp\/v2\/product_brand?post=1027"},{"taxonomy":"product_cat","embeddable":true,"href":"https:\/\/magoezequias.com.ar\/tienda\/wp-json\/wp\/v2\/product_cat?post=1027"},{"taxonomy":"product_tag","embeddable":true,"href":"https:\/\/magoezequias.com.ar\/tienda\/wp-json\/wp\/v2\/product_tag?post=1027"}],"curies":[{"name":"wp","href":"https:\/\/api.w.org\/{rel}","templated":true}]}}