{"id":1034,"date":"2018-01-23T02:39:38","date_gmt":"2018-01-23T02:39:38","guid":{"rendered":"https:\/\/magoezequias.com.ar\/tienda\/?post_type=product&#038;p=1034"},"modified":"2019-11-25T14:47:30","modified_gmt":"2019-11-25T14:47:30","slug":"vaso-de-leche-automatico-gigante","status":"publish","type":"product","link":"https:\/\/magoezequias.com.ar\/tienda\/producto\/vaso-de-leche-automatico-gigante","title":{"rendered":"Vaso de leche autom\u00e1tico gigante"},"content":{"rendered":"<p><strong>\u00a0<a href=\"https:\/\/magoezequias.com.ar\/tienda\/wp-content\/uploads\/2018\/01\/Vaso-de-leche-autom\u00e1tico3.png\"><img fetchpriority=\"high\" decoding=\"async\" class=\"aligncenter size-full wp-image-1035\" src=\"https:\/\/magoezequias.com.ar\/tienda\/wp-content\/uploads\/2018\/01\/Vaso-de-leche-autom\u00e1tico3.png\" alt=\"\" width=\"740\" height=\"416\" srcset=\"https:\/\/magoezequias.com.ar\/tienda\/wp-content\/uploads\/2018\/01\/Vaso-de-leche-autom\u00e1tico3.png 740w, https:\/\/magoezequias.com.ar\/tienda\/wp-content\/uploads\/2018\/01\/Vaso-de-leche-autom\u00e1tico3-300x169.png 300w\" sizes=\"(max-width: 740px) 100vw, 740px\" \/><\/a><\/strong><\/p>\n<p>&nbsp;<\/p>\n<p>&nbsp;<\/p>\n<p>Este vaso de leche cl\u00e1sico tiene control de velocidad y una capacidad mayor que los trucos de leche que desaparecen tradicionalmente.\u00a0Est\u00e1 dise\u00f1ado para contener 500 ml de l\u00edquido. Se puede personalizar para que se vea como una marca reconocible para usar con caf\u00e9, leche, coque, jugo y m\u00e1s.<\/p>\n<p>&nbsp;<\/p>\n<p>&nbsp;<\/p>\n<p>Una mejora sorprendente de un cl\u00e1sico m\u00e1gico.\u00a0Recibir\u00e1 un vaso especialmente dise\u00f1ado para una capacidad visual de 500 ml de l\u00edquido.\u00a0El mago muestra el l\u00edquido, con la capacidad de hacer desaparecer el 80%.\u00a0Esta nueva versi\u00f3n del cl\u00e1sico vaso de leche es mucho mejor y m\u00e1s grande, tiene una mayor capacidad, es m\u00e1s visualmente y es adaptable a estos tiempos modernos.\u00a0Tambi\u00e9n recibir\u00e1 una peque\u00f1a v\u00e1lvula especial para control de velocidad, que le permitir\u00e1 tenerla lista en cualquier momento que la necesite.\u00a0La v\u00e1lvula especial no permite que el l\u00edquido baje debido al control del aire; esto lo convierte en un dispositivo \u00fanico.\u00a0Esta v\u00e1lvula que viene con el vidrio es opcional en sus actuaciones: puede usar el vidrio con \u00e9l o sin \u00e9l.\u00a0Este truco especial controla la velocidad del l\u00edquido cuando est\u00e1 bajando.\u00a0Incluso puede detener el l\u00edquido cuando lo desee, y puede devolver el movimiento una vez m\u00e1s.<\/p>\n<p>Con el vidrio, recibes 2 pegatinas de marcas de caf\u00e9 realmente famosas en el mundo.\u00a0Esto har\u00e1 que su dispositivo se vea como el elemento genuino para los ojos de la audiencia.<\/p>\n<p>Puedes usar el vaso con coca, leche, caf\u00e9, jugo de naranja, etc.<\/p>\n<p>Recibir\u00e1s:<\/p>\n<ul>\n<li>Vaso de leche autom\u00e1tico<\/li>\n<li>Tapa de pl\u00e1stico<\/li>\n<li>Pegatinas<\/li>\n<li>Video descargable<\/li>\n<\/ul>\n<p>&nbsp;<\/p>\n<p>Lo mejor est\u00e1 por venir\u00a0Si siempre te aburres con vasos peque\u00f1os de leche, entonces el\u00a0<strong>Vaso de Leche Autom\u00e1tico<\/strong>\u00a0reavivar\u00e1 tu amor por este gran efecto y mejorar\u00e1 tu magia.<\/p>\n<p>&nbsp;<\/p>\n<p>&nbsp;<\/p>\n<p><iframe src=\"https:\/\/www.youtube.com\/embed\/Rci4Ehbvb6w\" width=\"560\" height=\"315\" frameborder=\"0\" allowfullscreen=\"allowfullscreen\"><\/iframe><\/p>\n","protected":false},"excerpt":{"rendered":"<p>La mejor versi\u00f3n de un cl\u00e1sico. M\u00e1s grande y s\u00faper real.<\/p>\n","protected":false},"featured_media":1035,"comment_status":"open","ping_status":"closed","template":"","meta":[],"product_brand":[],"product_cat":[10,8,319,9],"product_tag":[413,411,414,410,412,109],"class_list":{"0":"post-1034","1":"product","2":"type-product","3":"status-publish","4":"has-post-thumbnail","6":"product_cat-escena","7":"product_cat-infantil","8":"product_cat-principiantes","9":"product_cat-salon","10":"product_tag-automatic","11":"product_tag-automatico","12":"product_tag-glass","13":"product_tag-leche","14":"product_tag-milk","15":"product_tag-vaso","17":"first","18":"outofstock","19":"shipping-taxable","20":"purchasable","21":"product-type-simple"},"aioseo_notices":[],"_links":{"self":[{"href":"https:\/\/magoezequias.com.ar\/tienda\/wp-json\/wp\/v2\/product\/1034","targetHints":{"allow":["GET"]}}],"collection":[{"href":"https:\/\/magoezequias.com.ar\/tienda\/wp-json\/wp\/v2\/product"}],"about":[{"href":"https:\/\/magoezequias.com.ar\/tienda\/wp-json\/wp\/v2\/types\/product"}],"replies":[{"embeddable":true,"href":"https:\/\/magoezequias.com.ar\/tienda\/wp-json\/wp\/v2\/comments?post=1034"}],"version-history":[{"count":0,"href":"https:\/\/magoezequias.com.ar\/tienda\/wp-json\/wp\/v2\/product\/1034\/revisions"}],"wp:featuredmedia":[{"embeddable":true,"href":"https:\/\/magoezequias.com.ar\/tienda\/wp-json\/wp\/v2\/media\/1035"}],"wp:attachment":[{"href":"https:\/\/magoezequias.com.ar\/tienda\/wp-json\/wp\/v2\/media?parent=1034"}],"wp:term":[{"taxonomy":"product_brand","embeddable":true,"href":"https:\/\/magoezequias.com.ar\/tienda\/wp-json\/wp\/v2\/product_brand?post=1034"},{"taxonomy":"product_cat","embeddable":true,"href":"https:\/\/magoezequias.com.ar\/tienda\/wp-json\/wp\/v2\/product_cat?post=1034"},{"taxonomy":"product_tag","embeddable":true,"href":"https:\/\/magoezequias.com.ar\/tienda\/wp-json\/wp\/v2\/product_tag?post=1034"}],"curies":[{"name":"wp","href":"https:\/\/api.w.org\/{rel}","templated":true}]}}