{"id":1040,"date":"2018-01-27T01:38:40","date_gmt":"2018-01-27T01:38:40","guid":{"rendered":"https:\/\/magoezequias.com.ar\/tienda\/?post_type=product&#038;p=1040"},"modified":"2019-11-20T01:46:42","modified_gmt":"2019-11-20T01:46:42","slug":"impresora-de-billetes-transparente","status":"publish","type":"product","link":"https:\/\/magoezequias.com.ar\/tienda\/producto\/impresora-de-billetes-transparente","title":{"rendered":"Impresora de billetes transparente\u00a0"},"content":{"rendered":"<p><a href=\"https:\/\/magoezequias.com.ar\/tienda\/wp-content\/uploads\/2018\/01\/impresora-billete.jpg\"><img fetchpriority=\"high\" decoding=\"async\" class=\"aligncenter  wp-image-1042\" src=\"https:\/\/magoezequias.com.ar\/tienda\/wp-content\/uploads\/2018\/01\/impresora-billete.jpg\" alt=\"\" width=\"352\" height=\"352\" srcset=\"https:\/\/magoezequias.com.ar\/tienda\/wp-content\/uploads\/2018\/01\/impresora-billete.jpg 480w, https:\/\/magoezequias.com.ar\/tienda\/wp-content\/uploads\/2018\/01\/impresora-billete-300x300.jpg 300w, https:\/\/magoezequias.com.ar\/tienda\/wp-content\/uploads\/2018\/01\/impresora-billete-90x90.jpg 90w, https:\/\/magoezequias.com.ar\/tienda\/wp-content\/uploads\/2018\/01\/impresora-billete-150x150.jpg 150w\" sizes=\"(max-width: 352px) 100vw, 352px\" \/><\/a><\/p>\n<p>El mago coloca un papel en blanco del mismo tama\u00f1o que un billete en la m\u00e1quina de impresi\u00f3n. Luego gira la m\u00e1quina y autom\u00e1ticamente sale un billete impreso!!!!<\/p>\n<p>&nbsp;<\/p>\n<p>A medida que el papel pasa por la m\u00e1quina, se mueve y se observa claramente como se transforma en un billete verdadero.<\/p>\n<p>&nbsp;<\/p>\n<p>&nbsp;<\/p>\n<p>Un efecto muy visual, impactante y f\u00e1cil de realizar. Ideal para close up, magia infantil o sal\u00f3n.<\/p>\n<p>&nbsp;<\/p>\n<p>&nbsp;<\/p>\n","protected":false},"excerpt":{"rendered":"<p>Un efecto muy visual, impactante y f\u00e1cil de realizar.<\/p>\n","protected":false},"featured_media":1041,"comment_status":"open","ping_status":"closed","template":"","meta":[],"product_brand":[],"product_cat":[8,319,9],"product_tag":[108,416,415],"class_list":{"0":"post-1040","1":"product","2":"type-product","3":"status-publish","4":"has-post-thumbnail","6":"product_cat-infantil","7":"product_cat-principiantes","8":"product_cat-salon","9":"product_tag-billete","10":"product_tag-impresora","11":"product_tag-maquina","13":"first","14":"outofstock","15":"shipping-taxable","16":"purchasable","17":"product-type-simple"},"aioseo_notices":[],"_links":{"self":[{"href":"https:\/\/magoezequias.com.ar\/tienda\/wp-json\/wp\/v2\/product\/1040","targetHints":{"allow":["GET"]}}],"collection":[{"href":"https:\/\/magoezequias.com.ar\/tienda\/wp-json\/wp\/v2\/product"}],"about":[{"href":"https:\/\/magoezequias.com.ar\/tienda\/wp-json\/wp\/v2\/types\/product"}],"replies":[{"embeddable":true,"href":"https:\/\/magoezequias.com.ar\/tienda\/wp-json\/wp\/v2\/comments?post=1040"}],"version-history":[{"count":0,"href":"https:\/\/magoezequias.com.ar\/tienda\/wp-json\/wp\/v2\/product\/1040\/revisions"}],"wp:featuredmedia":[{"embeddable":true,"href":"https:\/\/magoezequias.com.ar\/tienda\/wp-json\/wp\/v2\/media\/1041"}],"wp:attachment":[{"href":"https:\/\/magoezequias.com.ar\/tienda\/wp-json\/wp\/v2\/media?parent=1040"}],"wp:term":[{"taxonomy":"product_brand","embeddable":true,"href":"https:\/\/magoezequias.com.ar\/tienda\/wp-json\/wp\/v2\/product_brand?post=1040"},{"taxonomy":"product_cat","embeddable":true,"href":"https:\/\/magoezequias.com.ar\/tienda\/wp-json\/wp\/v2\/product_cat?post=1040"},{"taxonomy":"product_tag","embeddable":true,"href":"https:\/\/magoezequias.com.ar\/tienda\/wp-json\/wp\/v2\/product_tag?post=1040"}],"curies":[{"name":"wp","href":"https:\/\/api.w.org\/{rel}","templated":true}]}}