{"id":1057,"date":"2018-02-21T02:50:19","date_gmt":"2018-02-21T02:50:19","guid":{"rendered":"https:\/\/magoezequias.com.ar\/tienda\/?post_type=product&#038;p=1057"},"modified":"2019-11-20T01:44:56","modified_gmt":"2019-11-20T01:44:56","slug":"cartas-que-se-achican","status":"publish","type":"product","link":"https:\/\/magoezequias.com.ar\/tienda\/producto\/cartas-que-se-achican","title":{"rendered":"Cartas que se achican"},"content":{"rendered":"<p><a href=\"https:\/\/magoezequias.com.ar\/tienda\/wp-content\/uploads\/2018\/02\/cartas-achican.jpg\"><img fetchpriority=\"high\" decoding=\"async\" class=\"aligncenter  wp-image-1059\" src=\"https:\/\/magoezequias.com.ar\/tienda\/wp-content\/uploads\/2018\/02\/cartas-achican.jpg\" alt=\"\" width=\"324\" height=\"232\" srcset=\"https:\/\/magoezequias.com.ar\/tienda\/wp-content\/uploads\/2018\/02\/cartas-achican.jpg 640w, https:\/\/magoezequias.com.ar\/tienda\/wp-content\/uploads\/2018\/02\/cartas-achican-300x215.jpg 300w, https:\/\/magoezequias.com.ar\/tienda\/wp-content\/uploads\/2018\/02\/cartas-achican-600x429.jpg 600w\" sizes=\"(max-width: 324px) 100vw, 324px\" \/><\/a><\/p>\n<p>&nbsp;<\/p>\n<p>El mago muestra un grupo de cartas de tama\u00f1o normal y las abre en abanico, luego agita sus manos varias veces y las cartas se reducen a un tama\u00f1o m\u00e1s peque\u00f1o.<\/p>\n<p>&nbsp;<\/p>\n<p>Del mismo modo, el mago moviendo sus manos varias veces logra que las cartas disminuyan nuevamente. Esta acci\u00f3n se repite varias veces y siempre con el mismo resultado, las cartas contin\u00faan achic\u00e1ndose hasta que terminan siendo de escasos mil\u00edmetros y desaparecen!!!!<\/p>\n<p>&nbsp;<\/p>\n<p>Una rutina \u00fatil para magia de cerca, sal\u00f3n, escenario tanto hablado como musical. Sirve para adultos o infantil ya que es muy fuerte y visual. Requiere una peque\u00f1a manipulaci\u00f3n.<\/p>\n","protected":false},"excerpt":{"rendered":"<p>Una rutina muy visual apta para publico infantil y adultos, musical o hablado.<\/p>\n","protected":false},"featured_media":1059,"comment_status":"open","ping_status":"closed","template":"","meta":[],"product_brand":[],"product_cat":[12,10,8,319,9],"product_tag":[],"class_list":{"0":"post-1057","1":"product","2":"type-product","3":"status-publish","4":"has-post-thumbnail","6":"product_cat-cartomagia","7":"product_cat-escena","8":"product_cat-infantil","9":"product_cat-principiantes","10":"product_cat-salon","12":"first","13":"outofstock","14":"shipping-taxable","15":"purchasable","16":"product-type-simple"},"aioseo_notices":[],"_links":{"self":[{"href":"https:\/\/magoezequias.com.ar\/tienda\/wp-json\/wp\/v2\/product\/1057","targetHints":{"allow":["GET"]}}],"collection":[{"href":"https:\/\/magoezequias.com.ar\/tienda\/wp-json\/wp\/v2\/product"}],"about":[{"href":"https:\/\/magoezequias.com.ar\/tienda\/wp-json\/wp\/v2\/types\/product"}],"replies":[{"embeddable":true,"href":"https:\/\/magoezequias.com.ar\/tienda\/wp-json\/wp\/v2\/comments?post=1057"}],"version-history":[{"count":0,"href":"https:\/\/magoezequias.com.ar\/tienda\/wp-json\/wp\/v2\/product\/1057\/revisions"}],"wp:featuredmedia":[{"embeddable":true,"href":"https:\/\/magoezequias.com.ar\/tienda\/wp-json\/wp\/v2\/media\/1059"}],"wp:attachment":[{"href":"https:\/\/magoezequias.com.ar\/tienda\/wp-json\/wp\/v2\/media?parent=1057"}],"wp:term":[{"taxonomy":"product_brand","embeddable":true,"href":"https:\/\/magoezequias.com.ar\/tienda\/wp-json\/wp\/v2\/product_brand?post=1057"},{"taxonomy":"product_cat","embeddable":true,"href":"https:\/\/magoezequias.com.ar\/tienda\/wp-json\/wp\/v2\/product_cat?post=1057"},{"taxonomy":"product_tag","embeddable":true,"href":"https:\/\/magoezequias.com.ar\/tienda\/wp-json\/wp\/v2\/product_tag?post=1057"}],"curies":[{"name":"wp","href":"https:\/\/api.w.org\/{rel}","templated":true}]}}