{"id":1069,"date":"2018-03-05T23:09:14","date_gmt":"2018-03-05T23:09:14","guid":{"rendered":"https:\/\/magoezequias.com.ar\/tienda\/?post_type=product&#038;p=1069"},"modified":"2019-11-20T01:42:50","modified_gmt":"2019-11-20T01:42:50","slug":"abanico-roto-y-recompuesto","status":"publish","type":"product","link":"https:\/\/magoezequias.com.ar\/tienda\/producto\/abanico-roto-y-recompuesto","title":{"rendered":"Abanico roto y recompuesto"},"content":{"rendered":"<p><a href=\"https:\/\/magoezequias.com.ar\/tienda\/wp-content\/uploads\/2018\/03\/abanico.jpg\"><img fetchpriority=\"high\" decoding=\"async\" class=\"aligncenter wp-image-1070\" src=\"https:\/\/magoezequias.com.ar\/tienda\/wp-content\/uploads\/2018\/03\/abanico.jpg\" alt=\"\" width=\"280\" height=\"273\" srcset=\"https:\/\/magoezequias.com.ar\/tienda\/wp-content\/uploads\/2018\/03\/abanico.jpg 506w, https:\/\/magoezequias.com.ar\/tienda\/wp-content\/uploads\/2018\/03\/abanico-300x292.jpg 300w\" sizes=\"(max-width: 280px) 100vw, 280px\" \/><\/a><\/p>\n<p>&nbsp;<\/p>\n<p>El abanico roto y recompuesto (The Broken &amp; Restored Fan) es un cl\u00e1sico efecto de comedia. El mago puede abrir y cerrar f\u00e1cilmente el abanico, pero cuando el espectador lo intenta, \u00a1las aspas del abanico se desarman!<\/p>\n<p>&nbsp;<\/p>\n<p>&nbsp;<\/p>\n<p>El abanico es multicolor y de gran tama\u00f1o. Un gas que genera mucha diversi\u00f3n ya que cada vez que se lo entrega a un espectador, \u00e9ste se desarma completamente.<\/p>\n<p>&nbsp;<\/p>\n","protected":false},"excerpt":{"rendered":"<p>Un gag muy divertido y m\u00e1gico.<\/p>\n","protected":false},"featured_media":1070,"comment_status":"open","ping_status":"closed","template":"","meta":[],"product_brand":[],"product_cat":[7,8],"product_tag":[203,432,431],"class_list":{"0":"post-1069","1":"product","2":"type-product","3":"status-publish","4":"has-post-thumbnail","6":"product_cat-accesorios","7":"product_cat-infantil","8":"product_tag-abanico","9":"product_tag-recompuesto","10":"product_tag-roto","12":"first","13":"outofstock","14":"shipping-taxable","15":"purchasable","16":"product-type-simple"},"aioseo_notices":[],"_links":{"self":[{"href":"https:\/\/magoezequias.com.ar\/tienda\/wp-json\/wp\/v2\/product\/1069","targetHints":{"allow":["GET"]}}],"collection":[{"href":"https:\/\/magoezequias.com.ar\/tienda\/wp-json\/wp\/v2\/product"}],"about":[{"href":"https:\/\/magoezequias.com.ar\/tienda\/wp-json\/wp\/v2\/types\/product"}],"replies":[{"embeddable":true,"href":"https:\/\/magoezequias.com.ar\/tienda\/wp-json\/wp\/v2\/comments?post=1069"}],"version-history":[{"count":0,"href":"https:\/\/magoezequias.com.ar\/tienda\/wp-json\/wp\/v2\/product\/1069\/revisions"}],"wp:featuredmedia":[{"embeddable":true,"href":"https:\/\/magoezequias.com.ar\/tienda\/wp-json\/wp\/v2\/media\/1070"}],"wp:attachment":[{"href":"https:\/\/magoezequias.com.ar\/tienda\/wp-json\/wp\/v2\/media?parent=1069"}],"wp:term":[{"taxonomy":"product_brand","embeddable":true,"href":"https:\/\/magoezequias.com.ar\/tienda\/wp-json\/wp\/v2\/product_brand?post=1069"},{"taxonomy":"product_cat","embeddable":true,"href":"https:\/\/magoezequias.com.ar\/tienda\/wp-json\/wp\/v2\/product_cat?post=1069"},{"taxonomy":"product_tag","embeddable":true,"href":"https:\/\/magoezequias.com.ar\/tienda\/wp-json\/wp\/v2\/product_tag?post=1069"}],"curies":[{"name":"wp","href":"https:\/\/api.w.org\/{rel}","templated":true}]}}