{"id":1074,"date":"2018-03-16T22:53:39","date_gmt":"2018-03-16T22:53:39","guid":{"rendered":"https:\/\/magoezequias.com.ar\/tienda\/?post_type=product&#038;p=1074"},"modified":"2025-03-21T20:24:03","modified_gmt":"2025-03-21T23:24:03","slug":"caja-que-pesa","status":"publish","type":"product","link":"https:\/\/magoezequias.com.ar\/tienda\/producto\/caja-que-pesa","title":{"rendered":"Caja que pesa"},"content":{"rendered":"<p><a href=\"https:\/\/magoezequias.com.ar\/tienda\/wp-content\/uploads\/2018\/03\/28661141_10215662724551866_7728727154467437572_n.jpg\"><img fetchpriority=\"high\" decoding=\"async\" class=\"aligncenter wp-image-1077\" src=\"https:\/\/magoezequias.com.ar\/tienda\/wp-content\/uploads\/2018\/03\/28661141_10215662724551866_7728727154467437572_n.jpg\" alt=\"\" width=\"332\" height=\"340\" srcset=\"https:\/\/magoezequias.com.ar\/tienda\/wp-content\/uploads\/2018\/03\/28661141_10215662724551866_7728727154467437572_n.jpg 720w, https:\/\/magoezequias.com.ar\/tienda\/wp-content\/uploads\/2018\/03\/28661141_10215662724551866_7728727154467437572_n-293x300.jpg 293w, https:\/\/magoezequias.com.ar\/tienda\/wp-content\/uploads\/2018\/03\/28661141_10215662724551866_7728727154467437572_n-300x308.jpg 300w\" sizes=\"(max-width: 332px) 100vw, 332px\" \/><\/a><\/p>\n<p>El Mago invita a un espectador al escenario para realizar una demostraci\u00f3n de Hipnosis, dici\u00e9ndole que puede hacerle perder la fuerza. \u00a0Lo\u00a0\u00abhipnotiza\u00bb y le dice que un pa\u00f1uelo pesar\u00e1 100 Kilos. La caja de cart\u00f3n es mostrada vacia, se coloca sobre la escalera, y el espectador puede levantarla.<\/p>\n<p>&nbsp;<\/p>\n<p>Luego el mismo espectador abre la caja, pone el pa\u00f1uelo, intenta levantarla y ya no podr\u00e1.<\/p>\n<p>&nbsp;<\/p>\n<p>El mago nunca se acerca a la caja!!!! Le pide que retire el pa\u00f1uelo y nuevamente recupera las fuerzas levantando la caja.<\/p>\n<p>&nbsp;<\/p>\n<p>Recuerde que el contenido de la caja puede llegar a ser pesado o liviano a su elecci\u00f3n, siempre bajo su completo control y a distancia.\u00a0La mayor\u00eda de los sistemas requieren de una superficie lisa o de vidrio para la rutina en este caso puede hacerlo\u00a0\u00a0en cualquier lugar.\u00a0Escenario, rodeado, al aire libre, etc.<\/p>\n<p>&nbsp;<\/p>\n<p>&nbsp;<\/p>\n<p>Usted recibe todos los elementos de la rutina modificados para el acto, la caja y una escalera plegable de aluminio. \u00a0Es muy f\u00e1cil de manejar, a control remoto, para que usted se dedique solamente a la presentaci\u00f3n<\/p>\n<p>&nbsp;<\/p>\n<p>&nbsp;<\/p>\n<p>&nbsp;<\/p>\n<p>&nbsp;<\/p>\n","protected":false},"excerpt":{"rendered":"<p><strong>COSTO 470 D\u00d3LARES.<\/strong><\/p>\n<p>Una simple caja de cart\u00f3n se transforma en una gran ilusi\u00f3n en escena, una rutina de mucha comedia con un sistema electr\u00f3nico y muy pr\u00e1ctico.<\/p>\n","protected":false},"featured_media":1079,"comment_status":"open","ping_status":"closed","template":"","meta":[],"product_brand":[],"product_cat":[10,9],"product_tag":[207,352,434,433],"class_list":{"0":"post-1074","1":"product","2":"type-product","3":"status-publish","4":"has-post-thumbnail","6":"product_cat-escena","7":"product_cat-salon","8":"product_tag-caja","9":"product_tag-escalera","10":"product_tag-pesa","11":"product_tag-pesada","13":"first","14":"instock","15":"shipping-taxable","16":"product-type-simple"},"aioseo_notices":[],"_links":{"self":[{"href":"https:\/\/magoezequias.com.ar\/tienda\/wp-json\/wp\/v2\/product\/1074","targetHints":{"allow":["GET"]}}],"collection":[{"href":"https:\/\/magoezequias.com.ar\/tienda\/wp-json\/wp\/v2\/product"}],"about":[{"href":"https:\/\/magoezequias.com.ar\/tienda\/wp-json\/wp\/v2\/types\/product"}],"replies":[{"embeddable":true,"href":"https:\/\/magoezequias.com.ar\/tienda\/wp-json\/wp\/v2\/comments?post=1074"}],"version-history":[{"count":1,"href":"https:\/\/magoezequias.com.ar\/tienda\/wp-json\/wp\/v2\/product\/1074\/revisions"}],"predecessor-version":[{"id":18208,"href":"https:\/\/magoezequias.com.ar\/tienda\/wp-json\/wp\/v2\/product\/1074\/revisions\/18208"}],"wp:featuredmedia":[{"embeddable":true,"href":"https:\/\/magoezequias.com.ar\/tienda\/wp-json\/wp\/v2\/media\/1079"}],"wp:attachment":[{"href":"https:\/\/magoezequias.com.ar\/tienda\/wp-json\/wp\/v2\/media?parent=1074"}],"wp:term":[{"taxonomy":"product_brand","embeddable":true,"href":"https:\/\/magoezequias.com.ar\/tienda\/wp-json\/wp\/v2\/product_brand?post=1074"},{"taxonomy":"product_cat","embeddable":true,"href":"https:\/\/magoezequias.com.ar\/tienda\/wp-json\/wp\/v2\/product_cat?post=1074"},{"taxonomy":"product_tag","embeddable":true,"href":"https:\/\/magoezequias.com.ar\/tienda\/wp-json\/wp\/v2\/product_tag?post=1074"}],"curies":[{"name":"wp","href":"https:\/\/api.w.org\/{rel}","templated":true}]}}