{"id":1082,"date":"2018-03-20T14:20:29","date_gmt":"2018-03-20T14:20:29","guid":{"rendered":"https:\/\/magoezequias.com.ar\/tienda\/?post_type=product&#038;p=1082"},"modified":"2025-03-21T20:26:42","modified_gmt":"2025-03-21T23:26:42","slug":"aplausometro-electronico","status":"publish","type":"product","link":"https:\/\/magoezequias.com.ar\/tienda\/producto\/aplausometro-electronico","title":{"rendered":"Aplaus\u00f3metro electr\u00f3nico"},"content":{"rendered":"<p><img fetchpriority=\"high\" decoding=\"async\" class=\" wp-image-1083 alignleft\" src=\"https:\/\/magoezequias.com.ar\/tienda\/wp-content\/uploads\/2018\/03\/IMG-20180320-WA0000.jpg\" alt=\"\" width=\"313\" height=\"1022\" srcset=\"https:\/\/magoezequias.com.ar\/tienda\/wp-content\/uploads\/2018\/03\/IMG-20180320-WA0000.jpg 392w, https:\/\/magoezequias.com.ar\/tienda\/wp-content\/uploads\/2018\/03\/IMG-20180320-WA0000-92x300.jpg 92w, https:\/\/magoezequias.com.ar\/tienda\/wp-content\/uploads\/2018\/03\/IMG-20180320-WA0000-314x1024.jpg 314w, https:\/\/magoezequias.com.ar\/tienda\/wp-content\/uploads\/2018\/03\/IMG-20180320-WA0000-300x980.jpg 300w\" sizes=\"(max-width: 313px) 100vw, 313px\" \/>Este aplaudidor es el dispositivo de calentamiento para la audiencia muy efectivo.<\/p>\n<p>&nbsp;<\/p>\n<p>Es ideal para la entrada al espect\u00e1culo porque los ni\u00f1os se enganchan directamente y entienden que se divertir\u00e1n. \u00a1Su audiencia estar\u00e1 lista para reaccionar y re\u00edrse de su show despu\u00e9s de esta entrada fant\u00e1stica!<\/p>\n<p>&nbsp;<\/p>\n<p>Se puede usar como un dispositivo para medir el aplauso, pero tambi\u00e9n cuando se r\u00eden, un dispositivo detector de mentiras o cualquier otra presentaci\u00f3n.<\/p>\n<p>&nbsp;<\/p>\n<p>La mano o flecha, est\u00e1 totalmente bajo tu control en cualquier momento&#8230; \u00a1puedes manipular el movimiento, los resultados y crear una comedia fant\u00e1stica!<\/p>\n<p>&nbsp;<\/p>\n<p>\u00a1Te divertir\u00e1s con tu audiencia!<\/p>\n<p>&nbsp;<\/p>\n<p>\u00a1Rompieron m\u00ed aplaudidor!\u00bb Al final, los ni\u00f1os gritan tan fuerte y aplauden tanto que se explota el globo y tambi\u00e9n puede colocar fuegos de artificio que se encender\u00e1n de forma autom\u00e1tica.<\/p>\n<p>&nbsp;<\/p>\n<p>&nbsp;<\/p>\n<p>Material de calidad, Muy robusto con un pie totalmente desarmable de metal. Los movimientos est\u00e1n completamente bajo tu dominio gracias a un control remoto electr\u00f3nico.<\/p>\n<p>&nbsp;<\/p>\n<p>&nbsp;<\/p>\n<p>La activaci\u00f3n de la aguja es invisible para los espectadores, como as\u00ed tambi\u00e9n la explosi\u00f3n final.<\/p>\n<p><iframe src=\"https:\/\/player.vimeo.com\/video\/260939044\" width=\"640\" height=\"564\" frameborder=\"0\" allowfullscreen=\"allowfullscreen\"><\/iframe><\/p>\n","protected":false},"excerpt":{"rendered":"<p><strong>COSTO 520 D\u00d3LARES<\/strong><\/p>\n<p>\u00a1Te divertir\u00e1s con tu audiencia! El inico de show ideal.<\/p>\n","protected":false},"featured_media":1084,"comment_status":"open","ping_status":"closed","template":"","meta":[],"product_brand":[],"product_cat":[10,8,9],"product_tag":[435,436,437,438],"class_list":{"0":"post-1082","1":"product","2":"type-product","3":"status-publish","4":"has-post-thumbnail","6":"product_cat-escena","7":"product_cat-infantil","8":"product_cat-salon","9":"product_tag-aplausometro","10":"product_tag-electronico","11":"product_tag-like","12":"product_tag-meter","14":"first","15":"instock","16":"shipping-taxable","17":"purchasable","18":"product-type-simple"},"aioseo_notices":[],"_links":{"self":[{"href":"https:\/\/magoezequias.com.ar\/tienda\/wp-json\/wp\/v2\/product\/1082","targetHints":{"allow":["GET"]}}],"collection":[{"href":"https:\/\/magoezequias.com.ar\/tienda\/wp-json\/wp\/v2\/product"}],"about":[{"href":"https:\/\/magoezequias.com.ar\/tienda\/wp-json\/wp\/v2\/types\/product"}],"replies":[{"embeddable":true,"href":"https:\/\/magoezequias.com.ar\/tienda\/wp-json\/wp\/v2\/comments?post=1082"}],"version-history":[{"count":1,"href":"https:\/\/magoezequias.com.ar\/tienda\/wp-json\/wp\/v2\/product\/1082\/revisions"}],"predecessor-version":[{"id":18210,"href":"https:\/\/magoezequias.com.ar\/tienda\/wp-json\/wp\/v2\/product\/1082\/revisions\/18210"}],"wp:featuredmedia":[{"embeddable":true,"href":"https:\/\/magoezequias.com.ar\/tienda\/wp-json\/wp\/v2\/media\/1084"}],"wp:attachment":[{"href":"https:\/\/magoezequias.com.ar\/tienda\/wp-json\/wp\/v2\/media?parent=1082"}],"wp:term":[{"taxonomy":"product_brand","embeddable":true,"href":"https:\/\/magoezequias.com.ar\/tienda\/wp-json\/wp\/v2\/product_brand?post=1082"},{"taxonomy":"product_cat","embeddable":true,"href":"https:\/\/magoezequias.com.ar\/tienda\/wp-json\/wp\/v2\/product_cat?post=1082"},{"taxonomy":"product_tag","embeddable":true,"href":"https:\/\/magoezequias.com.ar\/tienda\/wp-json\/wp\/v2\/product_tag?post=1082"}],"curies":[{"name":"wp","href":"https:\/\/api.w.org\/{rel}","templated":true}]}}