{"id":10849,"date":"2025-02-27T16:19:50","date_gmt":"2025-02-27T19:19:50","guid":{"rendered":"https:\/\/magoezequias.com.ar\/tienda\/?post_type=product&#038;p=10849"},"modified":"2025-02-27T16:20:26","modified_gmt":"2025-02-27T19:20:26","slug":"lapiz-zig-zag","status":"publish","type":"product","link":"https:\/\/magoezequias.com.ar\/tienda\/producto\/lapiz-zig-zag","title":{"rendered":"L\u00e1piz Zig Zag"},"content":{"rendered":"<p style=\"text-align: justify;\"><a href=\"https:\/\/magoezequias.com.ar\/tienda\/wp-content\/uploads\/2025\/02\/lapiz-zig-zax-2.jpeg\"><img fetchpriority=\"high\" decoding=\"async\" class=\"aligncenter wp-image-10853\" src=\"https:\/\/magoezequias.com.ar\/tienda\/wp-content\/uploads\/2025\/02\/lapiz-zig-zax-2.jpeg\" alt=\"\" width=\"286\" height=\"279\" srcset=\"https:\/\/magoezequias.com.ar\/tienda\/wp-content\/uploads\/2025\/02\/lapiz-zig-zax-2.jpeg 1116w, https:\/\/magoezequias.com.ar\/tienda\/wp-content\/uploads\/2025\/02\/lapiz-zig-zax-2-300x293.jpeg 300w, https:\/\/magoezequias.com.ar\/tienda\/wp-content\/uploads\/2025\/02\/lapiz-zig-zax-2-1024x1001.jpeg 1024w, https:\/\/magoezequias.com.ar\/tienda\/wp-content\/uploads\/2025\/02\/lapiz-zig-zax-2-768x751.jpeg 768w\" sizes=\"(max-width: 286px) 100vw, 286px\" \/><\/a><\/p>\n<p style=\"text-align: justify;\">El artista muestra una caja de madera donde coloca un l\u00e1piz o sorbete. Este queda siempre a la vista.<\/p>\n<p style=\"text-align: justify;\">Realiza unos pases m\u00e1gicos y separa la caja en tres partes, deslizando el centro. Entes momento puede retirar y mostrar como el l\u00e1piz est\u00e1 claramente cortado en tres partes d\u00e1ndolos a revisar.<\/p>\n<p style=\"text-align: justify;\">Si puedes mostrar las tres piezas por separadas!!! Luego pone los tres trozos nuevamente dentro de la caja y tras un pase m\u00e1gico finalmente, el centro se empuja hacia atr\u00e1s.<\/p>\n<p style=\"text-align: justify;\">All\u00ed el l\u00e1piz o sorbete aparece nuevamente completamente ileso, se retira y se da a revisar.<\/p>\n<p><a href=\"https:\/\/magoezequias.com.ar\/tienda\/wp-content\/uploads\/2025\/02\/lapiz-zig-zax-3-e1740683738835.jpeg\"><img decoding=\"async\" class=\"aligncenter wp-image-10851\" src=\"https:\/\/magoezequias.com.ar\/tienda\/wp-content\/uploads\/2025\/02\/lapiz-zig-zax-3-e1740683738835.jpeg\" alt=\"\" width=\"407\" height=\"333\" srcset=\"https:\/\/magoezequias.com.ar\/tienda\/wp-content\/uploads\/2025\/02\/lapiz-zig-zax-3-e1740683738835.jpeg 1080w, https:\/\/magoezequias.com.ar\/tienda\/wp-content\/uploads\/2025\/02\/lapiz-zig-zax-3-e1740683738835-300x245.jpeg 300w, https:\/\/magoezequias.com.ar\/tienda\/wp-content\/uploads\/2025\/02\/lapiz-zig-zax-3-e1740683738835-1024x837.jpeg 1024w, https:\/\/magoezequias.com.ar\/tienda\/wp-content\/uploads\/2025\/02\/lapiz-zig-zax-3-e1740683738835-768x628.jpeg 768w\" sizes=\"(max-width: 407px) 100vw, 407px\" \/><\/a><\/p>\n<p>&nbsp;<\/p>\n<p style=\"text-align: justify;\">La caja est\u00e1 construida en madera, el dise\u00f1o es de tama\u00f1o compacto y con un peso ligero, lo que es de gran comodidad a nuestro transporte.<\/p>\n<p style=\"text-align: justify;\">Usted recibe la caja y un video explicativo donde se detalla como puede cambiar el elemento que usted desea cortar en 3 partes, los cuales pueden ser l\u00e1pices, sorbetes, pinceles o cualquiera que tenga un dise\u00f1o similar.<\/p>\n<p><iframe title=\"YouTube video player\" src=\"https:\/\/www.youtube.com\/embed\/q4IXExuFxMk?si=ILfsPQ0c62DLD_JY\" width=\"560\" height=\"315\" frameborder=\"0\" allowfullscreen=\"allowfullscreen\"><\/iframe><\/p>\n<p style=\"text-align: justify;\">\n","protected":false},"excerpt":{"rendered":"<p>El artista muestra una caja de madera donde coloca un l\u00e1piz o sorbete. Este queda siempre a la vista. Realiza unos pases m\u00e1gicos y separa la caja en tres partes, deslizando el centro. Entes momento puede retirar y mostrar como el l\u00e1piz est\u00e1 claramente cortado en tres partes d\u00e1ndolos a revisar. Si puedes mostrar las [&hellip;]<\/p>\n","protected":false},"featured_media":10853,"comment_status":"open","ping_status":"closed","template":"","meta":[],"product_brand":[],"product_cat":[11,8,6,319,9],"product_tag":[273,488,728,727],"class_list":{"0":"post-10849","1":"product","2":"type-product","3":"status-publish","4":"has-post-thumbnail","6":"product_cat-close-up","7":"product_cat-infantil","8":"product_cat-novedades","9":"product_cat-principiantes","10":"product_cat-salon","11":"product_tag-lapiz","12":"product_tag-sorbete","13":"product_tag-zag","14":"product_tag-zig","16":"first","17":"instock","18":"shipping-taxable","19":"purchasable","20":"product-type-simple"},"aioseo_notices":[],"_links":{"self":[{"href":"https:\/\/magoezequias.com.ar\/tienda\/wp-json\/wp\/v2\/product\/10849","targetHints":{"allow":["GET"]}}],"collection":[{"href":"https:\/\/magoezequias.com.ar\/tienda\/wp-json\/wp\/v2\/product"}],"about":[{"href":"https:\/\/magoezequias.com.ar\/tienda\/wp-json\/wp\/v2\/types\/product"}],"replies":[{"embeddable":true,"href":"https:\/\/magoezequias.com.ar\/tienda\/wp-json\/wp\/v2\/comments?post=10849"}],"version-history":[{"count":2,"href":"https:\/\/magoezequias.com.ar\/tienda\/wp-json\/wp\/v2\/product\/10849\/revisions"}],"predecessor-version":[{"id":10858,"href":"https:\/\/magoezequias.com.ar\/tienda\/wp-json\/wp\/v2\/product\/10849\/revisions\/10858"}],"wp:featuredmedia":[{"embeddable":true,"href":"https:\/\/magoezequias.com.ar\/tienda\/wp-json\/wp\/v2\/media\/10853"}],"wp:attachment":[{"href":"https:\/\/magoezequias.com.ar\/tienda\/wp-json\/wp\/v2\/media?parent=10849"}],"wp:term":[{"taxonomy":"product_brand","embeddable":true,"href":"https:\/\/magoezequias.com.ar\/tienda\/wp-json\/wp\/v2\/product_brand?post=10849"},{"taxonomy":"product_cat","embeddable":true,"href":"https:\/\/magoezequias.com.ar\/tienda\/wp-json\/wp\/v2\/product_cat?post=10849"},{"taxonomy":"product_tag","embeddable":true,"href":"https:\/\/magoezequias.com.ar\/tienda\/wp-json\/wp\/v2\/product_tag?post=10849"}],"curies":[{"name":"wp","href":"https:\/\/api.w.org\/{rel}","templated":true}]}}