{"id":1085,"date":"2018-03-20T23:13:40","date_gmt":"2018-03-20T23:13:40","guid":{"rendered":"https:\/\/magoezequias.com.ar\/tienda\/?post_type=product&#038;p=1085"},"modified":"2021-01-05T22:29:07","modified_gmt":"2021-01-05T22:29:07","slug":"baston-de-aparicion-de-metal-plateado","status":"publish","type":"product","link":"https:\/\/magoezequias.com.ar\/tienda\/producto\/baston-de-aparicion-de-metal-plateado","title":{"rendered":"Bast\u00f3n de aparici\u00f3n de metal Plateado"},"content":{"rendered":"<p><a href=\"https:\/\/magoezequias.com.ar\/tienda\/wp-content\/uploads\/2018\/03\/baston-metal2.jpg\"><img fetchpriority=\"high\" decoding=\"async\" class=\"wp-image-1089 alignleft\" src=\"https:\/\/magoezequias.com.ar\/tienda\/wp-content\/uploads\/2018\/03\/baston-metal2.jpg\" alt=\"\" width=\"276\" height=\"276\" srcset=\"https:\/\/magoezequias.com.ar\/tienda\/wp-content\/uploads\/2018\/03\/baston-metal2.jpg 800w, https:\/\/magoezequias.com.ar\/tienda\/wp-content\/uploads\/2018\/03\/baston-metal2-300x300.jpg 300w, https:\/\/magoezequias.com.ar\/tienda\/wp-content\/uploads\/2018\/03\/baston-metal2-768x768.jpg 768w, https:\/\/magoezequias.com.ar\/tienda\/wp-content\/uploads\/2018\/03\/baston-metal2-150x150.jpg 150w, https:\/\/magoezequias.com.ar\/tienda\/wp-content\/uploads\/2018\/03\/baston-metal2-100x100.jpg 100w\" sizes=\"(max-width: 276px) 100vw, 276px\" \/><\/a>Hecho de metal de excelente calidad, liviano y f\u00e1cil de llevar.<\/p>\n<p>&nbsp;<\/p>\n<p>Posibles presentaciones:<\/p>\n<p>&nbsp;<\/p>\n<ol>\n<li>Elmago hace aparecer de la nada un bast\u00f3n.<\/li>\n<li>Elmago sacude un pa\u00f1uelo en sus manos y al instante se convierte en un bast\u00f3n y el pa\u00f1uelo desaparece.<\/li>\n<li>elmago sostiene un trozo de papel (en realidad papel de fuego flash) en su mano izquierda. La mano derecha sostiene el encendedor, al prender el papel emite una llama fuerte y se convierte en un bast\u00f3n.<\/li>\n<li>El mago sostiene una soga, la prende fuego y esta se trasforma en un bast\u00f3n.<\/li>\n<\/ol>\n<p>&nbsp;<\/p>\n<p><strong>Caracter<\/strong><strong>\u00ed<\/strong><strong>sticas<\/strong><\/p>\n<ol>\n<li>Lalongitud es de aproximadamente80-90\u00a0cm\u00a0.<\/li>\n<li>Este es de metal<\/li>\n<li>Sin \u00f3xido, sin lubricaci\u00f3n y limpieza, sin suciedad, sin p\u00e9rdida de color.<\/li>\n<li>Un acero de alta calidad con un resorte unido a una f\u00e9rula y la disposici\u00f3n de bloqueo.<\/li>\n<\/ol>\n<p>&nbsp;<\/p>\n<p>&nbsp;<\/p>\n<p>&nbsp;<\/p>\n<p><iframe src=\"https:\/\/www.youtube.com\/embed\/-5qPmvyyfuU\" width=\"560\" height=\"315\" frameborder=\"0\" allowfullscreen=\"allowfullscreen\"><\/iframe><\/p>\n","protected":false},"excerpt":{"rendered":"<p>Un bast\u00f3n brillante, de acero.<\/p>\n","protected":false},"featured_media":1089,"comment_status":"open","ping_status":"closed","template":"","meta":[],"product_brand":[],"product_cat":[7,10,8,9],"product_tag":[356,439,441,440],"class_list":{"0":"post-1085","1":"product","2":"type-product","3":"status-publish","4":"has-post-thumbnail","6":"product_cat-accesorios","7":"product_cat-escena","8":"product_cat-infantil","9":"product_cat-salon","10":"product_tag-aparicion","11":"product_tag-baston","12":"product_tag-cane","13":"product_tag-metal","15":"first","16":"outofstock","17":"shipping-taxable","18":"purchasable","19":"product-type-simple"},"aioseo_notices":[],"_links":{"self":[{"href":"https:\/\/magoezequias.com.ar\/tienda\/wp-json\/wp\/v2\/product\/1085","targetHints":{"allow":["GET"]}}],"collection":[{"href":"https:\/\/magoezequias.com.ar\/tienda\/wp-json\/wp\/v2\/product"}],"about":[{"href":"https:\/\/magoezequias.com.ar\/tienda\/wp-json\/wp\/v2\/types\/product"}],"replies":[{"embeddable":true,"href":"https:\/\/magoezequias.com.ar\/tienda\/wp-json\/wp\/v2\/comments?post=1085"}],"version-history":[{"count":0,"href":"https:\/\/magoezequias.com.ar\/tienda\/wp-json\/wp\/v2\/product\/1085\/revisions"}],"wp:featuredmedia":[{"embeddable":true,"href":"https:\/\/magoezequias.com.ar\/tienda\/wp-json\/wp\/v2\/media\/1089"}],"wp:attachment":[{"href":"https:\/\/magoezequias.com.ar\/tienda\/wp-json\/wp\/v2\/media?parent=1085"}],"wp:term":[{"taxonomy":"product_brand","embeddable":true,"href":"https:\/\/magoezequias.com.ar\/tienda\/wp-json\/wp\/v2\/product_brand?post=1085"},{"taxonomy":"product_cat","embeddable":true,"href":"https:\/\/magoezequias.com.ar\/tienda\/wp-json\/wp\/v2\/product_cat?post=1085"},{"taxonomy":"product_tag","embeddable":true,"href":"https:\/\/magoezequias.com.ar\/tienda\/wp-json\/wp\/v2\/product_tag?post=1085"}],"curies":[{"name":"wp","href":"https:\/\/api.w.org\/{rel}","templated":true}]}}