{"id":10863,"date":"2025-02-27T16:37:02","date_gmt":"2025-02-27T19:37:02","guid":{"rendered":"https:\/\/magoezequias.com.ar\/tienda\/?post_type=product&#038;p=10863"},"modified":"2026-04-11T16:28:25","modified_gmt":"2026-04-11T19:28:25","slug":"caja-de-produccion-o-desaparicion","status":"publish","type":"product","link":"https:\/\/magoezequias.com.ar\/tienda\/producto\/caja-de-produccion-o-desaparicion","title":{"rendered":"Caja de producci\u00f3n o desaparici\u00f3n"},"content":{"rendered":"<p><a href=\"https:\/\/magoezequias.com.ar\/tienda\/wp-content\/uploads\/2025\/02\/caja-produccion.jpeg\"><img fetchpriority=\"high\" decoding=\"async\" class=\"aligncenter wp-image-10854\" src=\"https:\/\/magoezequias.com.ar\/tienda\/wp-content\/uploads\/2025\/02\/caja-produccion.jpeg\" alt=\"\" width=\"441\" height=\"526\" srcset=\"https:\/\/magoezequias.com.ar\/tienda\/wp-content\/uploads\/2025\/02\/caja-produccion.jpeg 750w, https:\/\/magoezequias.com.ar\/tienda\/wp-content\/uploads\/2025\/02\/caja-produccion-251x300.jpeg 251w, https:\/\/magoezequias.com.ar\/tienda\/wp-content\/uploads\/2025\/02\/caja-produccion-300x358.jpeg 300w\" sizes=\"(max-width: 441px) 100vw, 441px\" \/><\/a><\/p>\n<p>Una caja con mil utilidades!!!! Esta peque\u00f1a belleza le permitir\u00e1 realizar m\u00faltiples efectos.<\/p>\n<p>El mago puede mostrar la caja vac\u00eda y producir desde ella distintos objetos como pa\u00f1uelos, bolas, cintas, etc.<\/p>\n<p>Muy \u00fatil para desapariciones de los m\u00e1s variados objetos como pa\u00f1uelos, cintas, etc.<\/p>\n<p>Con esta peque\u00f1a caja podr\u00e1 cambiar un objeto por otro, pa\u00f1uelo carta, rutinas con productos de goma espuma, blendos, etc.<\/p>\n<p>Totalmente construida en madera, para que sea muy durable.<\/p>\n<p style=\"text-align: center;\"><iframe title=\"YouTube video player\" src=\"https:\/\/www.youtube.com\/embed\/0ZtyU0Y4msk?si=Fc0Jdp1s9wtNkjJ4\" width=\"560\" height=\"315\" frameborder=\"0\" allowfullscreen=\"allowfullscreen\"><\/iframe><\/p>\n","protected":false},"excerpt":{"rendered":"<p>Una caja ideal para rutinas musicales o de sal\u00f3n.<\/p>\n","protected":false},"featured_media":10854,"comment_status":"open","ping_status":"closed","template":"","meta":[],"product_brand":[],"product_cat":[8,319,9],"product_tag":[207,299,52,157],"class_list":{"0":"post-10863","1":"product","2":"type-product","3":"status-publish","4":"has-post-thumbnail","6":"product_cat-infantil","7":"product_cat-principiantes","8":"product_cat-salon","9":"product_tag-caja","10":"product_tag-desaparicion","11":"product_tag-panuelo","12":"product_tag-produccion","14":"first","15":"instock","16":"shipping-taxable","17":"purchasable","18":"product-type-simple"},"aioseo_notices":[],"_links":{"self":[{"href":"https:\/\/magoezequias.com.ar\/tienda\/wp-json\/wp\/v2\/product\/10863","targetHints":{"allow":["GET"]}}],"collection":[{"href":"https:\/\/magoezequias.com.ar\/tienda\/wp-json\/wp\/v2\/product"}],"about":[{"href":"https:\/\/magoezequias.com.ar\/tienda\/wp-json\/wp\/v2\/types\/product"}],"replies":[{"embeddable":true,"href":"https:\/\/magoezequias.com.ar\/tienda\/wp-json\/wp\/v2\/comments?post=10863"}],"version-history":[{"count":1,"href":"https:\/\/magoezequias.com.ar\/tienda\/wp-json\/wp\/v2\/product\/10863\/revisions"}],"predecessor-version":[{"id":10864,"href":"https:\/\/magoezequias.com.ar\/tienda\/wp-json\/wp\/v2\/product\/10863\/revisions\/10864"}],"wp:featuredmedia":[{"embeddable":true,"href":"https:\/\/magoezequias.com.ar\/tienda\/wp-json\/wp\/v2\/media\/10854"}],"wp:attachment":[{"href":"https:\/\/magoezequias.com.ar\/tienda\/wp-json\/wp\/v2\/media?parent=10863"}],"wp:term":[{"taxonomy":"product_brand","embeddable":true,"href":"https:\/\/magoezequias.com.ar\/tienda\/wp-json\/wp\/v2\/product_brand?post=10863"},{"taxonomy":"product_cat","embeddable":true,"href":"https:\/\/magoezequias.com.ar\/tienda\/wp-json\/wp\/v2\/product_cat?post=10863"},{"taxonomy":"product_tag","embeddable":true,"href":"https:\/\/magoezequias.com.ar\/tienda\/wp-json\/wp\/v2\/product_tag?post=10863"}],"curies":[{"name":"wp","href":"https:\/\/api.w.org\/{rel}","templated":true}]}}