{"id":10867,"date":"2025-03-03T22:40:42","date_gmt":"2025-03-04T01:40:42","guid":{"rendered":"https:\/\/magoezequias.com.ar\/tienda\/?post_type=product&#038;p=10867"},"modified":"2026-04-11T16:28:34","modified_gmt":"2026-04-11T19:28:34","slug":"drawer-box-mini","status":"publish","type":"product","link":"https:\/\/magoezequias.com.ar\/tienda\/producto\/drawer-box-mini","title":{"rendered":"Drawer Box Mini"},"content":{"rendered":"<p><a href=\"https:\/\/magoezequias.com.ar\/tienda\/wp-content\/uploads\/2025\/03\/drawer-box-3.jpeg\"><img fetchpriority=\"high\" decoding=\"async\" class=\"aligncenter wp-image-10870\" src=\"https:\/\/magoezequias.com.ar\/tienda\/wp-content\/uploads\/2025\/03\/drawer-box-3.jpeg\" alt=\"\" width=\"441\" height=\"331\" srcset=\"https:\/\/magoezequias.com.ar\/tienda\/wp-content\/uploads\/2025\/03\/drawer-box-3.jpeg 1600w, https:\/\/magoezequias.com.ar\/tienda\/wp-content\/uploads\/2025\/03\/drawer-box-3-300x225.jpeg 300w, https:\/\/magoezequias.com.ar\/tienda\/wp-content\/uploads\/2025\/03\/drawer-box-3-1024x768.jpeg 1024w, https:\/\/magoezequias.com.ar\/tienda\/wp-content\/uploads\/2025\/03\/drawer-box-3-768x576.jpeg 768w, https:\/\/magoezequias.com.ar\/tienda\/wp-content\/uploads\/2025\/03\/drawer-box-3-1536x1152.jpeg 1536w\" sizes=\"(max-width: 441px) 100vw, 441px\" \/><\/a><\/p>\n<p>Una Drawer Box de tama\u00f1o peque\u00f1o. Un elemento que le permitir\u00e1 realizar una amplia variedad de efectos m\u00e1gicos.<\/p>\n<p>Cambiar un objeto por otro, hacerlo aparecer, desaparecer, transformar, etc.<\/p>\n<p>El mago muestra claramente una caja vac\u00eda, se cierra y luego de unos pases m\u00e1gicos al abrirla aparece el objeto que desee, un mazo de cartas, pa\u00f1uelos, monedas, golosinas, etc.<\/p>\n<p>Construida en madera, Las posibilidades est\u00e1n limitadas \u00fanicamente por su imaginaci\u00f3n.<\/p>\n<p style=\"text-align: center;\">\n<p>Es muy f\u00e1cil de utilizar. Ideal para ni\u00f1os y principiantes.<\/p>\n<p>&nbsp;<\/p>\n<p style=\"text-align: center;\"><iframe title=\"YouTube video player\" src=\"https:\/\/www.youtube.com\/embed\/gFu9HZZzOWY?si=ER-unlYy4X_2yA07\" width=\"560\" height=\"315\" frameborder=\"0\" allowfullscreen=\"allowfullscreen\"><\/iframe><\/p>\n<p>&nbsp;<\/p>\n","protected":false},"excerpt":{"rendered":"<p>Ideal para ni\u00f1os y principiantes.<\/p>\n","protected":false},"featured_media":10869,"comment_status":"open","ping_status":"closed","template":"","meta":[],"product_brand":[],"product_cat":[7,319],"product_tag":[318,385],"class_list":{"0":"post-10867","1":"product","2":"type-product","3":"status-publish","4":"has-post-thumbnail","6":"product_cat-accesorios","7":"product_cat-principiantes","8":"product_tag-box","9":"product_tag-drawer","11":"first","12":"instock","13":"shipping-taxable","14":"purchasable","15":"product-type-simple"},"aioseo_notices":[],"_links":{"self":[{"href":"https:\/\/magoezequias.com.ar\/tienda\/wp-json\/wp\/v2\/product\/10867","targetHints":{"allow":["GET"]}}],"collection":[{"href":"https:\/\/magoezequias.com.ar\/tienda\/wp-json\/wp\/v2\/product"}],"about":[{"href":"https:\/\/magoezequias.com.ar\/tienda\/wp-json\/wp\/v2\/types\/product"}],"replies":[{"embeddable":true,"href":"https:\/\/magoezequias.com.ar\/tienda\/wp-json\/wp\/v2\/comments?post=10867"}],"version-history":[{"count":2,"href":"https:\/\/magoezequias.com.ar\/tienda\/wp-json\/wp\/v2\/product\/10867\/revisions"}],"predecessor-version":[{"id":10872,"href":"https:\/\/magoezequias.com.ar\/tienda\/wp-json\/wp\/v2\/product\/10867\/revisions\/10872"}],"wp:featuredmedia":[{"embeddable":true,"href":"https:\/\/magoezequias.com.ar\/tienda\/wp-json\/wp\/v2\/media\/10869"}],"wp:attachment":[{"href":"https:\/\/magoezequias.com.ar\/tienda\/wp-json\/wp\/v2\/media?parent=10867"}],"wp:term":[{"taxonomy":"product_brand","embeddable":true,"href":"https:\/\/magoezequias.com.ar\/tienda\/wp-json\/wp\/v2\/product_brand?post=10867"},{"taxonomy":"product_cat","embeddable":true,"href":"https:\/\/magoezequias.com.ar\/tienda\/wp-json\/wp\/v2\/product_cat?post=10867"},{"taxonomy":"product_tag","embeddable":true,"href":"https:\/\/magoezequias.com.ar\/tienda\/wp-json\/wp\/v2\/product_tag?post=10867"}],"curies":[{"name":"wp","href":"https:\/\/api.w.org\/{rel}","templated":true}]}}