{"id":1090,"date":"2018-03-20T23:24:03","date_gmt":"2018-03-20T23:24:03","guid":{"rendered":"https:\/\/magoezequias.com.ar\/tienda\/?post_type=product&#038;p=1090"},"modified":"2025-04-22T11:43:41","modified_gmt":"2025-04-22T14:43:41","slug":"baston-de-aparicion-economico","status":"publish","type":"product","link":"https:\/\/magoezequias.com.ar\/tienda\/producto\/baston-de-aparicion-economico","title":{"rendered":"Bast\u00f3n de aparici\u00f3n econ\u00f3mico"},"content":{"rendered":"<p style=\"text-align: left;\"><a href=\"https:\/\/magoezequias.com.ar\/tienda\/wp-content\/uploads\/2018\/03\/baston-plastico2.jpg\"><img fetchpriority=\"high\" decoding=\"async\" class=\"wp-image-1086 aligncenter\" src=\"https:\/\/magoezequias.com.ar\/tienda\/wp-content\/uploads\/2018\/03\/baston-plastico2.jpg\" alt=\"\" width=\"451\" height=\"295\" srcset=\"https:\/\/magoezequias.com.ar\/tienda\/wp-content\/uploads\/2018\/03\/baston-plastico2.jpg 788w, https:\/\/magoezequias.com.ar\/tienda\/wp-content\/uploads\/2018\/03\/baston-plastico2-300x196.jpg 300w, https:\/\/magoezequias.com.ar\/tienda\/wp-content\/uploads\/2018\/03\/baston-plastico2-768x502.jpg 768w\" sizes=\"(max-width: 451px) 100vw, 451px\" \/><\/a><\/p>\n<p>El cl\u00e1sico efecto del bast\u00f3n de aparici\u00f3n en una versi\u00f3n econ\u00f3mica pero muy efectiva.<\/p>\n<p>&nbsp;<\/p>\n<p>Hecho de material de buena calidad y f\u00e1cil de llevar<\/p>\n<p>&nbsp;<\/p>\n<p>Posibles presentaciones:<\/p>\n<p>&nbsp;<\/p>\n<ol>\n<li>Elmago hace aparecer de la nada un bast\u00f3n.<\/li>\n<li>Elmago sacude un pa\u00f1uelo en sus manos y al instante se convierte en un bast\u00f3n y el pa\u00f1uelo desaparece.<\/li>\n<\/ol>\n<p>3A: el\u00a0mago sostiene un trozo de papel (en realidad papel de fuego flash) en su mano izquierda. La mano derecha sostiene el encendedor, al prender el papel emite una llama fuerte y se convierte en un bast\u00f3n.<\/p>\n<p>&nbsp;<\/p>\n<p>&nbsp;<\/p>\n<p><strong>Caracter<\/strong><strong>\u00ed<\/strong><strong>sticas<\/strong><\/p>\n<ol>\n<li>Lalongitud de eyecci\u00f3n es de aproximadamente80\u00a0cm\u00a0.<\/li>\n<li>La apertura es relativamente suave, sin ruido y no padecer\u00e1 alg\u00fan accidente que le provoque alguna herida.<\/li>\n<\/ol>\n<p>&nbsp;<\/p>\n<p>&nbsp;<\/p>\n<p>Consultar colores disponibles<\/p>\n<p>&nbsp;<\/p>\n<p><iframe width=\"560\" height=\"315\" src=\"https:\/\/www.youtube.com\/embed\/-5qPmvyyfuU\" frameborder=\"0\" allow=\"autoplay; encrypted-media\" allowfullscreen><\/iframe>&nbsp;<\/p>\n","protected":false},"excerpt":{"rendered":"<p>Un efecto impactante y a la vista de los espectadores.<\/p>\n<p>&nbsp;<\/p>\n","protected":false},"featured_media":1086,"comment_status":"open","ping_status":"closed","template":"","meta":[],"product_brand":[],"product_cat":[7,10,13,319,9],"product_tag":[356,439,441,442],"class_list":{"0":"post-1090","1":"product","2":"type-product","3":"status-publish","4":"has-post-thumbnail","6":"product_cat-accesorios","7":"product_cat-escena","8":"product_cat-mentalismo","9":"product_cat-principiantes","10":"product_cat-salon","11":"product_tag-aparicion","12":"product_tag-baston","13":"product_tag-cane","14":"product_tag-economico","16":"first","17":"outofstock","18":"shipping-taxable","19":"purchasable","20":"product-type-simple"},"aioseo_notices":[],"_links":{"self":[{"href":"https:\/\/magoezequias.com.ar\/tienda\/wp-json\/wp\/v2\/product\/1090","targetHints":{"allow":["GET"]}}],"collection":[{"href":"https:\/\/magoezequias.com.ar\/tienda\/wp-json\/wp\/v2\/product"}],"about":[{"href":"https:\/\/magoezequias.com.ar\/tienda\/wp-json\/wp\/v2\/types\/product"}],"replies":[{"embeddable":true,"href":"https:\/\/magoezequias.com.ar\/tienda\/wp-json\/wp\/v2\/comments?post=1090"}],"version-history":[{"count":1,"href":"https:\/\/magoezequias.com.ar\/tienda\/wp-json\/wp\/v2\/product\/1090\/revisions"}],"predecessor-version":[{"id":18237,"href":"https:\/\/magoezequias.com.ar\/tienda\/wp-json\/wp\/v2\/product\/1090\/revisions\/18237"}],"wp:featuredmedia":[{"embeddable":true,"href":"https:\/\/magoezequias.com.ar\/tienda\/wp-json\/wp\/v2\/media\/1086"}],"wp:attachment":[{"href":"https:\/\/magoezequias.com.ar\/tienda\/wp-json\/wp\/v2\/media?parent=1090"}],"wp:term":[{"taxonomy":"product_brand","embeddable":true,"href":"https:\/\/magoezequias.com.ar\/tienda\/wp-json\/wp\/v2\/product_brand?post=1090"},{"taxonomy":"product_cat","embeddable":true,"href":"https:\/\/magoezequias.com.ar\/tienda\/wp-json\/wp\/v2\/product_cat?post=1090"},{"taxonomy":"product_tag","embeddable":true,"href":"https:\/\/magoezequias.com.ar\/tienda\/wp-json\/wp\/v2\/product_tag?post=1090"}],"curies":[{"name":"wp","href":"https:\/\/api.w.org\/{rel}","templated":true}]}}