{"id":1110,"date":"2018-04-14T00:39:17","date_gmt":"2018-04-14T00:39:17","guid":{"rendered":"https:\/\/magoezequias.com.ar\/tienda\/?post_type=product&#038;p=1110"},"modified":"2025-12-23T10:54:46","modified_gmt":"2025-12-23T13:54:46","slug":"dado-prediccion-crazy-cube","status":"publish","type":"product","link":"https:\/\/magoezequias.com.ar\/tienda\/producto\/dado-prediccion-crazy-cube","title":{"rendered":"Dado Predicci\u00f3n (Crazy Cube)"},"content":{"rendered":"<p><a href=\"https:\/\/magoezequias.com.ar\/tienda\/wp-content\/uploads\/2018\/04\/dado-telescopio.jpg\"><img fetchpriority=\"high\" decoding=\"async\" class=\"aligncenter size-full wp-image-1112\" src=\"https:\/\/magoezequias.com.ar\/tienda\/wp-content\/uploads\/2018\/04\/dado-telescopio.jpg\" alt=\"\" width=\"336\" height=\"336\" srcset=\"https:\/\/magoezequias.com.ar\/tienda\/wp-content\/uploads\/2018\/04\/dado-telescopio.jpg 336w, https:\/\/magoezequias.com.ar\/tienda\/wp-content\/uploads\/2018\/04\/dado-telescopio-300x300.jpg 300w, https:\/\/magoezequias.com.ar\/tienda\/wp-content\/uploads\/2018\/04\/dado-telescopio-150x150.jpg 150w, https:\/\/magoezequias.com.ar\/tienda\/wp-content\/uploads\/2018\/04\/dado-telescopio-100x100.jpg 100w\" sizes=\"(max-width: 336px) 100vw, 336px\" \/><\/a><\/p>\n<p>&nbsp;<\/p>\n<p>S\u00f3lo usted puede nombrar el n\u00famero en el cubo dentro de 2 contenedores s\u00f3lidos! Mostrar\u00e1 una haza\u00f1a de visi\u00f3n m\u00e1gica de rayos X.<\/p>\n<p>&nbsp;<\/p>\n<p>El mago muestra un dado y dos tubitos opacos con tapa. Luego se solicita al espectador que elija un n\u00famero del dado y lo coloque mirando hacia arriba, que lo tape, primero con el recipiente chico y luego dentro del grande.<\/p>\n<p>En estas circunstancias el mago logra adivinar el n\u00famero elegido.<\/p>\n<p>Disponibles en los dos modelos que se ven en las im\u00e1genes. Consultar cual est\u00e1 en stock.<\/p>\n<p>&nbsp;<\/p>\n<p>&nbsp;<\/p>\n<p>&nbsp;<\/p>\n","protected":false},"excerpt":{"rendered":"<p>Muy f\u00e1cil de aprender y ejecutar. Sorprende a tus amigos y familiares con este gran truco.<\/p>\n","protected":false},"featured_media":1112,"comment_status":"open","ping_status":"closed","template":"","meta":[],"product_brand":[],"product_cat":[11,13,319],"product_tag":[452,200,384,451,453],"class_list":{"0":"post-1110","1":"product","2":"type-product","3":"status-publish","4":"has-post-thumbnail","6":"product_cat-close-up","7":"product_cat-mentalismo","8":"product_cat-principiantes","9":"product_tag-crazy","10":"product_tag-cube","11":"product_tag-dado","12":"product_tag-dice","13":"product_tag-talking","15":"first","16":"outofstock","17":"shipping-taxable","18":"purchasable","19":"product-type-simple"},"aioseo_notices":[],"_links":{"self":[{"href":"https:\/\/magoezequias.com.ar\/tienda\/wp-json\/wp\/v2\/product\/1110","targetHints":{"allow":["GET"]}}],"collection":[{"href":"https:\/\/magoezequias.com.ar\/tienda\/wp-json\/wp\/v2\/product"}],"about":[{"href":"https:\/\/magoezequias.com.ar\/tienda\/wp-json\/wp\/v2\/types\/product"}],"replies":[{"embeddable":true,"href":"https:\/\/magoezequias.com.ar\/tienda\/wp-json\/wp\/v2\/comments?post=1110"}],"version-history":[{"count":1,"href":"https:\/\/magoezequias.com.ar\/tienda\/wp-json\/wp\/v2\/product\/1110\/revisions"}],"predecessor-version":[{"id":18393,"href":"https:\/\/magoezequias.com.ar\/tienda\/wp-json\/wp\/v2\/product\/1110\/revisions\/18393"}],"wp:featuredmedia":[{"embeddable":true,"href":"https:\/\/magoezequias.com.ar\/tienda\/wp-json\/wp\/v2\/media\/1112"}],"wp:attachment":[{"href":"https:\/\/magoezequias.com.ar\/tienda\/wp-json\/wp\/v2\/media?parent=1110"}],"wp:term":[{"taxonomy":"product_brand","embeddable":true,"href":"https:\/\/magoezequias.com.ar\/tienda\/wp-json\/wp\/v2\/product_brand?post=1110"},{"taxonomy":"product_cat","embeddable":true,"href":"https:\/\/magoezequias.com.ar\/tienda\/wp-json\/wp\/v2\/product_cat?post=1110"},{"taxonomy":"product_tag","embeddable":true,"href":"https:\/\/magoezequias.com.ar\/tienda\/wp-json\/wp\/v2\/product_tag?post=1110"}],"curies":[{"name":"wp","href":"https:\/\/api.w.org\/{rel}","templated":true}]}}