{"id":1115,"date":"2018-04-14T02:08:09","date_gmt":"2018-04-14T02:08:09","guid":{"rendered":"https:\/\/magoezequias.com.ar\/tienda\/?post_type=product&#038;p=1115"},"modified":"2024-05-15T15:31:34","modified_gmt":"2024-05-15T15:31:34","slug":"nido-de-cajas","status":"publish","type":"product","link":"https:\/\/magoezequias.com.ar\/tienda\/producto\/nido-de-cajas","title":{"rendered":"Nido de Cajas"},"content":{"rendered":"<p><a href=\"https:\/\/magoezequias.com.ar\/tienda\/wp-content\/uploads\/2018\/04\/nido-cajas.jpg\"><img fetchpriority=\"high\" decoding=\"async\" class=\"aligncenter size-full wp-image-1116\" src=\"https:\/\/magoezequias.com.ar\/tienda\/wp-content\/uploads\/2018\/04\/nido-cajas.jpg\" alt=\"\" width=\"336\" height=\"336\" srcset=\"https:\/\/magoezequias.com.ar\/tienda\/wp-content\/uploads\/2018\/04\/nido-cajas.jpg 336w, https:\/\/magoezequias.com.ar\/tienda\/wp-content\/uploads\/2018\/04\/nido-cajas-300x300.jpg 300w, https:\/\/magoezequias.com.ar\/tienda\/wp-content\/uploads\/2018\/04\/nido-cajas-150x150.jpg 150w, https:\/\/magoezequias.com.ar\/tienda\/wp-content\/uploads\/2018\/04\/nido-cajas-100x100.jpg 100w\" sizes=\"(max-width: 336px) 100vw, 336px\" \/><\/a><\/p>\n<p>&nbsp;<\/p>\n<p>Se solicita una moneda o un anillo a un espectador y se hace desaparecer. La moneda prestada puede ser marcada con un fibr\u00f3n. El mago la coloca en su mano y la hace desaparecer.<\/p>\n<p>&nbsp;<\/p>\n<p>Luego el mago retira de su bolsillo una peque\u00f1a caja pl\u00e1stica y se la obsequia al espectador, se abre y en su interior se encuentra otra caja m\u00e1s peque\u00f1a y dentro una bolsa de tela, cerradas con bandas el\u00e1sticas.<\/p>\n<p>&nbsp;<\/p>\n<p>Finalmente all\u00ed estar\u00e1 la moneda marcada por el espectador!!!<\/p>\n<p>&nbsp;<\/p>\n<p>Un gran efecto y f\u00e1cil de realizar. Ideal para llevar siempre encima, se resetea en pocos segundos. Incluye el cargador.<\/p>\n<p>&nbsp;<\/p>\n","protected":false},"excerpt":{"rendered":"<p>Un efecto muy visual e intrigante!!!<\/p>\n","protected":false},"featured_media":1116,"comment_status":"open","ping_status":"closed","template":"","meta":[],"product_brand":[],"product_cat":[11,319,9],"product_tag":[179,207,97,178],"class_list":{"0":"post-1115","1":"product","2":"type-product","3":"status-publish","4":"has-post-thumbnail","6":"product_cat-close-up","7":"product_cat-principiantes","8":"product_cat-salon","9":"product_tag-anillo","10":"product_tag-caja","11":"product_tag-moneda","12":"product_tag-nido","14":"first","15":"instock","16":"shipping-taxable","17":"purchasable","18":"product-type-simple"},"aioseo_notices":[],"_links":{"self":[{"href":"https:\/\/magoezequias.com.ar\/tienda\/wp-json\/wp\/v2\/product\/1115","targetHints":{"allow":["GET"]}}],"collection":[{"href":"https:\/\/magoezequias.com.ar\/tienda\/wp-json\/wp\/v2\/product"}],"about":[{"href":"https:\/\/magoezequias.com.ar\/tienda\/wp-json\/wp\/v2\/types\/product"}],"replies":[{"embeddable":true,"href":"https:\/\/magoezequias.com.ar\/tienda\/wp-json\/wp\/v2\/comments?post=1115"}],"version-history":[{"count":0,"href":"https:\/\/magoezequias.com.ar\/tienda\/wp-json\/wp\/v2\/product\/1115\/revisions"}],"wp:featuredmedia":[{"embeddable":true,"href":"https:\/\/magoezequias.com.ar\/tienda\/wp-json\/wp\/v2\/media\/1116"}],"wp:attachment":[{"href":"https:\/\/magoezequias.com.ar\/tienda\/wp-json\/wp\/v2\/media?parent=1115"}],"wp:term":[{"taxonomy":"product_brand","embeddable":true,"href":"https:\/\/magoezequias.com.ar\/tienda\/wp-json\/wp\/v2\/product_brand?post=1115"},{"taxonomy":"product_cat","embeddable":true,"href":"https:\/\/magoezequias.com.ar\/tienda\/wp-json\/wp\/v2\/product_cat?post=1115"},{"taxonomy":"product_tag","embeddable":true,"href":"https:\/\/magoezequias.com.ar\/tienda\/wp-json\/wp\/v2\/product_tag?post=1115"}],"curies":[{"name":"wp","href":"https:\/\/api.w.org\/{rel}","templated":true}]}}