{"id":1126,"date":"2018-04-14T14:09:06","date_gmt":"2018-04-14T14:09:06","guid":{"rendered":"https:\/\/magoezequias.com.ar\/tienda\/?post_type=product&#038;p=1126"},"modified":"2020-10-22T19:20:45","modified_gmt":"2020-10-22T19:20:45","slug":"fosforo-a-flor-2","status":"publish","type":"product","link":"https:\/\/magoezequias.com.ar\/tienda\/producto\/fosforo-a-flor-2","title":{"rendered":"F\u00f3sforo a Flor"},"content":{"rendered":"<p><a href=\"https:\/\/magoezequias.com.ar\/tienda\/wp-content\/uploads\/2018\/04\/fosforo-a-flor.jpg\"><img fetchpriority=\"high\" decoding=\"async\" class=\"aligncenter size-full wp-image-1129\" src=\"https:\/\/magoezequias.com.ar\/tienda\/wp-content\/uploads\/2018\/04\/fosforo-a-flor.jpg\" alt=\"\" width=\"336\" height=\"336\" srcset=\"https:\/\/magoezequias.com.ar\/tienda\/wp-content\/uploads\/2018\/04\/fosforo-a-flor.jpg 336w, https:\/\/magoezequias.com.ar\/tienda\/wp-content\/uploads\/2018\/04\/fosforo-a-flor-300x300.jpg 300w, https:\/\/magoezequias.com.ar\/tienda\/wp-content\/uploads\/2018\/04\/fosforo-a-flor-150x150.jpg 150w, https:\/\/magoezequias.com.ar\/tienda\/wp-content\/uploads\/2018\/04\/fosforo-a-flor-100x100.jpg 100w\" sizes=\"(max-width: 336px) 100vw, 336px\" \/><\/a><\/p>\n<p>&nbsp;<\/p>\n<p>Hermosa magia que combina el fuego y una rosa. El mago enciende un f\u00f3sforo, como si fuera una peque\u00f1a antorcha. Si lo desea, arroje una bola de fuego de la antorcha, usando una bola de papel flash, que no est\u00e1 incluida.<\/p>\n<p>&nbsp;<\/p>\n<p>Luego el mago en un r\u00e1pido pase de manos, al soplar el f\u00f3sforo para apagarlo, o simplemente agitando la mano, la antorcha encendida se transforma visiblemente en una hermosa rosa.<\/p>\n<p>&nbsp;<\/p>\n<p>&nbsp;<\/p>\n<p>Este truco es autom\u00e1tico y muy f\u00e1cil de realizar en cualquier momento de su show. Se puede repetir una y otra vez con una configuraci\u00f3n m\u00ednima.<\/p>\n<p>&nbsp;<\/p>\n","protected":false},"excerpt":{"rendered":"<p>Un efecto impactante y visual.<\/p>\n","protected":false},"featured_media":1129,"comment_status":"open","ping_status":"closed","template":"","meta":[],"product_brand":[],"product_cat":[7,319],"product_tag":[87,425,426],"class_list":{"0":"post-1126","1":"product","2":"type-product","3":"status-publish","4":"has-post-thumbnail","6":"product_cat-accesorios","7":"product_cat-principiantes","8":"product_tag-flor","9":"product_tag-fosforo","10":"product_tag-rosa","12":"first","13":"outofstock","14":"shipping-taxable","15":"purchasable","16":"product-type-simple"},"aioseo_notices":[],"_links":{"self":[{"href":"https:\/\/magoezequias.com.ar\/tienda\/wp-json\/wp\/v2\/product\/1126","targetHints":{"allow":["GET"]}}],"collection":[{"href":"https:\/\/magoezequias.com.ar\/tienda\/wp-json\/wp\/v2\/product"}],"about":[{"href":"https:\/\/magoezequias.com.ar\/tienda\/wp-json\/wp\/v2\/types\/product"}],"replies":[{"embeddable":true,"href":"https:\/\/magoezequias.com.ar\/tienda\/wp-json\/wp\/v2\/comments?post=1126"}],"version-history":[{"count":0,"href":"https:\/\/magoezequias.com.ar\/tienda\/wp-json\/wp\/v2\/product\/1126\/revisions"}],"wp:featuredmedia":[{"embeddable":true,"href":"https:\/\/magoezequias.com.ar\/tienda\/wp-json\/wp\/v2\/media\/1129"}],"wp:attachment":[{"href":"https:\/\/magoezequias.com.ar\/tienda\/wp-json\/wp\/v2\/media?parent=1126"}],"wp:term":[{"taxonomy":"product_brand","embeddable":true,"href":"https:\/\/magoezequias.com.ar\/tienda\/wp-json\/wp\/v2\/product_brand?post=1126"},{"taxonomy":"product_cat","embeddable":true,"href":"https:\/\/magoezequias.com.ar\/tienda\/wp-json\/wp\/v2\/product_cat?post=1126"},{"taxonomy":"product_tag","embeddable":true,"href":"https:\/\/magoezequias.com.ar\/tienda\/wp-json\/wp\/v2\/product_tag?post=1126"}],"curies":[{"name":"wp","href":"https:\/\/api.w.org\/{rel}","templated":true}]}}