{"id":1132,"date":"2018-04-16T23:59:45","date_gmt":"2018-04-16T23:59:45","guid":{"rendered":"https:\/\/magoezequias.com.ar\/tienda\/?post_type=product&#038;p=1132"},"modified":"2020-08-01T20:26:48","modified_gmt":"2020-08-01T20:26:48","slug":"cubiletes-de-plastico-con-bolas","status":"publish","type":"product","link":"https:\/\/magoezequias.com.ar\/tienda\/producto\/cubiletes-de-plastico-con-bolas","title":{"rendered":"Cubiletes de Pl\u00e1stico con bolas"},"content":{"rendered":"<p><a href=\"https:\/\/magoezequias.com.ar\/tienda\/wp-content\/uploads\/2018\/04\/cubilete3.png\"><img fetchpriority=\"high\" decoding=\"async\" class=\"aligncenter size-full wp-image-1134\" src=\"https:\/\/magoezequias.com.ar\/tienda\/wp-content\/uploads\/2018\/04\/cubilete3.png\" alt=\"\" width=\"346\" height=\"336\" srcset=\"https:\/\/magoezequias.com.ar\/tienda\/wp-content\/uploads\/2018\/04\/cubilete3.png 346w, https:\/\/magoezequias.com.ar\/tienda\/wp-content\/uploads\/2018\/04\/cubilete3-300x291.png 300w\" sizes=\"(max-width: 346px) 100vw, 346px\" \/><\/a><\/p>\n<p>&nbsp;<\/p>\n<p>Las Copas y Bolas es el truco m\u00e1s antiguo y m\u00e1s famoso en la magia. Un cl\u00e1sico de la magia de Close up donde tres pelotitas aparecen y desaparecen abajo de estos cubiletes. Todo un acto de magia de cerca.<\/p>\n<p>&nbsp;<\/p>\n<p>El mago muestra tres tazas al estar vac\u00eda, y las coloca sobre la mesa. Dando una copa a un macho con su varita levanta para encontrar una pelota peque\u00f1a bola debajo. La bola desapareci\u00f3 s\u00f3lo para reaparecer bajo otro cubilete.<\/p>\n<p>&nbsp;<\/p>\n<p>La bola es colocada bajo un cubilete, pero m\u00e1gicamente desaparece y aparece en una taza totalmente diferente. Otra bola se descubre y se desvaneci\u00f3 y luego otra. Al levantar la \u00faltima copa las tres bolas se encuentran debajo de ella.<\/p>\n<p>&nbsp;<\/p>\n<p>Finalmente las copas se levant\u00f3 para encontrar una cebolla, lim\u00f3n y patata por debajo de las copas!<\/p>\n<p>&nbsp;<\/p>\n<p>&nbsp;<\/p>\n<p>Existen muchas variaciones de rutinas son posibles. M\u00e1gicamente las bolas desaparecen, reaparecen y se multiplican bajo las \u00f3rdenes del Mago. El efecto se puede realizar con muy pocos movimientos complicados inicialmente.<\/p>\n<p>&nbsp;<\/p>\n<p>A medida que el artista comienza a aumentar su habilidad en el juego de manos, las rutinas que se pueden completar con este elemento b\u00e1sico en la magia son casi ilimitadas.<\/p>\n<p>&nbsp;<\/p>\n<p>Un gran truco de magia para principiantes. Muy f\u00e1cil de usar<\/p>\n<p>&nbsp;<\/p>\n<p>Material: Pl\u00e1stico<\/p>\n<p>Color plata<\/p>\n<p>Di\u00e1metro: aprox. 80 mm<\/p>\n<p>Altura: aprox. 75 mm<\/p>\n<p>&nbsp;<\/p>\n<p>Esta versi\u00f3n de Copas y Bolas es de pl\u00e1stico de color aluminio brillante por fuera y un acabado en negro adentro.<\/p>\n<p>&nbsp;<\/p>\n<p>Incluye:<br \/>\n3 Cubiletes y 4 Bolas rojas de esponja<\/p>\n<p>&nbsp;<\/p>\n<p>&nbsp;<\/p>\n","protected":false},"excerpt":{"rendered":"<p>Un gran truco de magia para principiantes. Muy f\u00e1cil de usar<\/p>\n","protected":false},"featured_media":1134,"comment_status":"open","ping_status":"closed","template":"","meta":[],"product_brand":[],"product_cat":[7,11,319],"product_tag":[463],"class_list":{"0":"post-1132","1":"product","2":"type-product","3":"status-publish","4":"has-post-thumbnail","6":"product_cat-accesorios","7":"product_cat-close-up","8":"product_cat-principiantes","9":"product_tag-cubiletes","11":"first","12":"outofstock","13":"shipping-taxable","14":"purchasable","15":"product-type-simple"},"aioseo_notices":[],"_links":{"self":[{"href":"https:\/\/magoezequias.com.ar\/tienda\/wp-json\/wp\/v2\/product\/1132","targetHints":{"allow":["GET"]}}],"collection":[{"href":"https:\/\/magoezequias.com.ar\/tienda\/wp-json\/wp\/v2\/product"}],"about":[{"href":"https:\/\/magoezequias.com.ar\/tienda\/wp-json\/wp\/v2\/types\/product"}],"replies":[{"embeddable":true,"href":"https:\/\/magoezequias.com.ar\/tienda\/wp-json\/wp\/v2\/comments?post=1132"}],"version-history":[{"count":0,"href":"https:\/\/magoezequias.com.ar\/tienda\/wp-json\/wp\/v2\/product\/1132\/revisions"}],"wp:featuredmedia":[{"embeddable":true,"href":"https:\/\/magoezequias.com.ar\/tienda\/wp-json\/wp\/v2\/media\/1134"}],"wp:attachment":[{"href":"https:\/\/magoezequias.com.ar\/tienda\/wp-json\/wp\/v2\/media?parent=1132"}],"wp:term":[{"taxonomy":"product_brand","embeddable":true,"href":"https:\/\/magoezequias.com.ar\/tienda\/wp-json\/wp\/v2\/product_brand?post=1132"},{"taxonomy":"product_cat","embeddable":true,"href":"https:\/\/magoezequias.com.ar\/tienda\/wp-json\/wp\/v2\/product_cat?post=1132"},{"taxonomy":"product_tag","embeddable":true,"href":"https:\/\/magoezequias.com.ar\/tienda\/wp-json\/wp\/v2\/product_tag?post=1132"}],"curies":[{"name":"wp","href":"https:\/\/api.w.org\/{rel}","templated":true}]}}