{"id":1158,"date":"2018-05-28T21:14:12","date_gmt":"2018-05-28T21:14:12","guid":{"rendered":"https:\/\/magoezequias.com.ar\/tienda\/?post_type=product&#038;p=1158"},"modified":"2026-04-11T16:32:21","modified_gmt":"2026-04-11T19:32:21","slug":"futbol-magico","status":"publish","type":"product","link":"https:\/\/magoezequias.com.ar\/tienda\/producto\/futbol-magico","title":{"rendered":"F\u00fatbol M\u00e1gico"},"content":{"rendered":"<p><a href=\"https:\/\/magoezequias.com.ar\/tienda\/wp-content\/uploads\/2018\/05\/F\u00fatbol-M\u00e1gico-22.jpg\"><img fetchpriority=\"high\" decoding=\"async\" class=\"aligncenter size-full wp-image-1159\" src=\"https:\/\/magoezequias.com.ar\/tienda\/wp-content\/uploads\/2018\/05\/F\u00fatbol-M\u00e1gico-22.jpg\" alt=\"\" width=\"448\" height=\"328\" srcset=\"https:\/\/magoezequias.com.ar\/tienda\/wp-content\/uploads\/2018\/05\/F\u00fatbol-M\u00e1gico-22.jpg 448w, https:\/\/magoezequias.com.ar\/tienda\/wp-content\/uploads\/2018\/05\/F\u00fatbol-M\u00e1gico-22-300x220.jpg 300w\" sizes=\"(max-width: 448px) 100vw, 448px\" \/><\/a><\/p>\n<p>&nbsp;<\/p>\n<p>Llega el Mundial y te presentamos la mejor rutina para combinar la pasi\u00f3n del F\u00fatbol y la magia. Una rutina con mucha participaci\u00f3n del p\u00fablico, un partido de f\u00fatbol en t\u00fa show!!! Con todos los momentos de diversi\u00f3n que podes crear y un campe\u00f3n que el Mago ya conoc\u00eda y lo ten\u00eda como predicci\u00f3n.<\/p>\n<p>&nbsp;<\/p>\n<p>Dos espectadores se sumaran a un partido de f\u00fatbol, cada uno representar\u00e1 una selecci\u00f3n, con sus camisetas, un campo de juego muy visual, para que pueda apreciarse bien en escena y sal\u00f3n y una copa que todos querr\u00e1n ganar.<\/p>\n<p>&nbsp;<\/p>\n<p>Participar\u00e1 todo el p\u00fablico alentando a cada uno de los equipos\u2026 el resultado del partido es incierto y son los propios espectadores con sus acciones los que definen quien ser\u00e1 el ganador.<\/p>\n<p>&nbsp;<\/p>\n<p>Los ni\u00f1os gritar\u00e1n, al salir los equipos, al momento de acercarse al arco para convertir el tanto y por supuesto cuando alguien salga campe\u00f3n.\u00a0\u00a0Hasta alguien podr\u00eda relatar el partido!!!<\/p>\n<p>&nbsp;<\/p>\n<p>Luego del resultado final se entrega la copa al ganador y se muestra el sobre que estuvo siempre a la vista donde el mago ya hab\u00eda hecho su predicci\u00f3n de quien saldr\u00eda campe\u00f3n.<\/p>\n<p>&nbsp;<\/p>\n<p>F\u00fatbol M\u00e1gico es una rutina probada en p\u00fablico desde hace muchos a\u00f1os, por tal motivo recibir\u00e1s todos los detalles, con un video de la presentaci\u00f3n en vivo en una fiesta y claras explicaciones con todos los detalles.\u00a0\u00a0Sin dificultad t\u00e9cnica para que usted solamente se dedique a la presentaci\u00f3n.<\/p>\n<p>&nbsp;<\/p>\n<p><strong>Terminado el Mundial, no se preocupe<\/strong> ya que podr\u00e1 seguir usando esta rutina, con muy simples modificaciones, con las tarjetas extras que adjuntamos podr\u00e1 transformar el juego y adaptarlo a los equipos que usted quiera. BOCA vs RIVER, o el Cl\u00e1sico de su ciudad.<\/p>\n<p>&nbsp;<\/p>\n<p><strong>Usted recibe:<\/strong><\/p>\n<p>Un campo de juego plegable para que ocupe poco lugar al transportar<\/p>\n<p>Coloridas tarjetas con la denominaci\u00f3n de los equipos (Brasil \u2013 Argentina)<\/p>\n<p>La Copa del Mundo<\/p>\n<p>Sobre muy bien decorado para que pueda contener de la predicci\u00f3n<\/p>\n<p>Las Camisetas de Futbol de los equipos participantes para que le pueda colgar a cada jugador (Brasil \u2013 Argentina).<\/p>\n<p>La pelota de futbol.<\/p>\n<p>Un set de coloridas tarjetas para que usted las personalice con el equipo deseado.<\/p>\n<p>&nbsp;<\/p>\n<p><iframe src=\"https:\/\/www.youtube.com\/embed\/NYY34cUSONE\" width=\"560\" height=\"315\" frameborder=\"0\" allowfullscreen=\"allowfullscreen\"><\/iframe><\/p>\n","protected":false},"excerpt":{"rendered":"<p>Una rutina con mucha participaci\u00f3n del p\u00fablico, un partido de f\u00fatbol en t\u00fa show!!!<\/p>\n","protected":false},"featured_media":1160,"comment_status":"open","ping_status":"closed","template":"","meta":[],"product_brand":[],"product_cat":[60,8,6],"product_tag":[93,17,470,22,240],"class_list":{"0":"post-1158","1":"product","2":"type-product","3":"status-publish","4":"has-post-thumbnail","6":"product_cat-ezequias-2","7":"product_cat-infantil","8":"product_cat-novedades","9":"product_tag-copa","10":"product_tag-ezequias","11":"product_tag-futbol","12":"product_tag-magico","13":"product_tag-mundo","15":"first","16":"instock","17":"shipping-taxable","18":"purchasable","19":"product-type-simple"},"aioseo_notices":[],"_links":{"self":[{"href":"https:\/\/magoezequias.com.ar\/tienda\/wp-json\/wp\/v2\/product\/1158","targetHints":{"allow":["GET"]}}],"collection":[{"href":"https:\/\/magoezequias.com.ar\/tienda\/wp-json\/wp\/v2\/product"}],"about":[{"href":"https:\/\/magoezequias.com.ar\/tienda\/wp-json\/wp\/v2\/types\/product"}],"replies":[{"embeddable":true,"href":"https:\/\/magoezequias.com.ar\/tienda\/wp-json\/wp\/v2\/comments?post=1158"}],"version-history":[{"count":1,"href":"https:\/\/magoezequias.com.ar\/tienda\/wp-json\/wp\/v2\/product\/1158\/revisions"}],"predecessor-version":[{"id":18442,"href":"https:\/\/magoezequias.com.ar\/tienda\/wp-json\/wp\/v2\/product\/1158\/revisions\/18442"}],"wp:featuredmedia":[{"embeddable":true,"href":"https:\/\/magoezequias.com.ar\/tienda\/wp-json\/wp\/v2\/media\/1160"}],"wp:attachment":[{"href":"https:\/\/magoezequias.com.ar\/tienda\/wp-json\/wp\/v2\/media?parent=1158"}],"wp:term":[{"taxonomy":"product_brand","embeddable":true,"href":"https:\/\/magoezequias.com.ar\/tienda\/wp-json\/wp\/v2\/product_brand?post=1158"},{"taxonomy":"product_cat","embeddable":true,"href":"https:\/\/magoezequias.com.ar\/tienda\/wp-json\/wp\/v2\/product_cat?post=1158"},{"taxonomy":"product_tag","embeddable":true,"href":"https:\/\/magoezequias.com.ar\/tienda\/wp-json\/wp\/v2\/product_tag?post=1158"}],"curies":[{"name":"wp","href":"https:\/\/api.w.org\/{rel}","templated":true}]}}