{"id":116,"date":"2014-11-06T13:53:15","date_gmt":"2014-11-06T13:53:15","guid":{"rendered":"https:\/\/magoezequias.com.ar\/tienda\/?post_type=product&#038;p=116"},"modified":"2020-11-29T21:41:48","modified_gmt":"2020-11-29T21:41:48","slug":"corre-ardilla-corre-jumbo","status":"publish","type":"product","link":"https:\/\/magoezequias.com.ar\/tienda\/producto\/corre-ardilla-corre-jumbo","title":{"rendered":"Corre Ardilla corre &#8211; Jumbo"},"content":{"rendered":"<p><a href=\"https:\/\/magoezequias.com.ar\/tienda\/wp-content\/uploads\/2014\/10\/1corre-ardilla-corre.jpg\"><img fetchpriority=\"high\" decoding=\"async\" class=\"alignnone size-full wp-image-27\" src=\"https:\/\/magoezequias.com.ar\/tienda\/wp-content\/uploads\/2014\/10\/1corre-ardilla-corre.jpg\" alt=\"Corre ardilla corre\" width=\"448\" height=\"327\" srcset=\"https:\/\/magoezequias.com.ar\/tienda\/wp-content\/uploads\/2014\/10\/1corre-ardilla-corre.jpg 448w, https:\/\/magoezequias.com.ar\/tienda\/wp-content\/uploads\/2014\/10\/1corre-ardilla-corre-300x218.jpg 300w\" sizes=\"(max-width: 448px) 100vw, 448px\" \/><\/a><\/p>\n<p style=\"text-align: justify;\">Una nueva versi\u00f3n de un cl\u00e1sico de la magia infantil: Corre Ardilla corre\u2026. Confeccionado con los personaje de la serie de pel\u00edculas de La\u00a0era\u00a0de\u00a0hielo, donde la ardilla Scrat\u00a0tratar\u00e1 de atrapar a la Bellota, su alimento escencial.<\/p>\n<p>&nbsp;<\/p>\n<p style=\"text-align: justify;\">El mago relata la historia de lo ocurrido en la Era del Hielo donde lo contrataron para cuidar una Bellota ya que estaba la ardilla Scrat,\u00a0 la cual es muy traviesa, y trataba de quedarse con el alimento.<\/p>\n<p style=\"text-align: justify;\">\n<p style=\"text-align: justify;\">A lo largo de la rutina la ardilla aparecer\u00e1 m\u00e1gicamente y el mago relata que al verla se enoj\u00f3 tanto que decidi\u00f3 hacerla desaparecer y ejecuta esa proesa. El mago muestra el igl\u00fa vacio, ya sin la ardilla, pero los chicos ven como en realidad se va corriendo entre las monta\u00f1as de hielo.<\/p>\n<p style=\"text-align: justify;\">\n<p style=\"text-align: justify;\">All\u00ed comienza una secuencia de mucho humor donde el mago nunca ver\u00e1 donde est\u00e1 la ardilla (va del igl\u00fa al hielo, sube a los techos del igl\u00fa y se asoma por un lado y otro) pero si los chicos. Cuando el mago cree que finalmente desapareci\u00f3 y no est\u00e1 en ning\u00fan lado, guarda los elementos\u2026. pero la traviesa ardilla Scrat vuelve a aparecer.<\/p>\n<p style=\"text-align: justify;\">\n<p style=\"text-align: justify;\">Muy visual para sal\u00f3n y escena ya que mide 56\u00a0cm de largo por 32 cent\u00edmetros de alta, su espesor no es mayor a 3 cm, de empaque muy peque\u00f1o, s\u00faper liviano y resistente. Se ejecuta en las manos, totalmente autom\u00e1tico y se puede mantener parado sobre la mesa de trabajo.<\/p>\n<p style=\"text-align: justify;\">Viene con funda para transportar, dvd con actuaciones y explicaciones, m\u00e1s consejos.<\/p>\n","protected":false},"excerpt":{"rendered":"<p>Una nueva versi\u00f3n de un cl\u00e1sico de la magia infantil: Corre Ardilla corre\u2026.\u00a0En un tama\u00f1o jumbo para que sea muy visual para quienes trabajan en grandes salones o escenarios ya que mide 56\u00a0cm de largo por 32 cent\u00edmetros de alta, su espesor no es mayor a 3 cm, de empaque muy peque\u00f1o, s\u00faper liviano y resistente. Se ejecuta en las manos, totalmente autom\u00e1tico y se puede mantener parado sobre la mesa de trabajo.<\/p>\n","protected":false},"featured_media":17,"comment_status":"open","ping_status":"closed","template":"","meta":[],"product_brand":[],"product_cat":[60,10,8],"product_tag":[59,30,17,16],"class_list":{"0":"post-116","1":"product","2":"type-product","3":"status-publish","4":"has-post-thumbnail","6":"product_cat-ezequias-2","7":"product_cat-escena","8":"product_cat-infantil","9":"product_tag-ardilla","10":"product_tag-corre","11":"product_tag-ezequias","12":"product_tag-mago","14":"first","15":"instock","16":"shipping-taxable","17":"purchasable","18":"product-type-simple"},"aioseo_notices":[],"_links":{"self":[{"href":"https:\/\/magoezequias.com.ar\/tienda\/wp-json\/wp\/v2\/product\/116","targetHints":{"allow":["GET"]}}],"collection":[{"href":"https:\/\/magoezequias.com.ar\/tienda\/wp-json\/wp\/v2\/product"}],"about":[{"href":"https:\/\/magoezequias.com.ar\/tienda\/wp-json\/wp\/v2\/types\/product"}],"replies":[{"embeddable":true,"href":"https:\/\/magoezequias.com.ar\/tienda\/wp-json\/wp\/v2\/comments?post=116"}],"version-history":[{"count":0,"href":"https:\/\/magoezequias.com.ar\/tienda\/wp-json\/wp\/v2\/product\/116\/revisions"}],"wp:featuredmedia":[{"embeddable":true,"href":"https:\/\/magoezequias.com.ar\/tienda\/wp-json\/wp\/v2\/media\/17"}],"wp:attachment":[{"href":"https:\/\/magoezequias.com.ar\/tienda\/wp-json\/wp\/v2\/media?parent=116"}],"wp:term":[{"taxonomy":"product_brand","embeddable":true,"href":"https:\/\/magoezequias.com.ar\/tienda\/wp-json\/wp\/v2\/product_brand?post=116"},{"taxonomy":"product_cat","embeddable":true,"href":"https:\/\/magoezequias.com.ar\/tienda\/wp-json\/wp\/v2\/product_cat?post=116"},{"taxonomy":"product_tag","embeddable":true,"href":"https:\/\/magoezequias.com.ar\/tienda\/wp-json\/wp\/v2\/product_tag?post=116"}],"curies":[{"name":"wp","href":"https:\/\/api.w.org\/{rel}","templated":true}]}}