{"id":1172,"date":"2018-06-12T02:05:47","date_gmt":"2018-06-12T02:05:47","guid":{"rendered":"https:\/\/magoezequias.com.ar\/tienda\/?post_type=product&#038;p=1172"},"modified":"2021-06-10T15:17:27","modified_gmt":"2021-06-10T15:17:27","slug":"cambio-de-color-de-discos","status":"publish","type":"product","link":"https:\/\/magoezequias.com.ar\/tienda\/producto\/cambio-de-color-de-discos","title":{"rendered":"Cambio de color de discos"},"content":{"rendered":"<p><a href=\"https:\/\/magoezequias.com.ar\/tienda\/wp-content\/uploads\/2018\/06\/Cambios-de-color-discos-4.jpg\"><img fetchpriority=\"high\" decoding=\"async\" class=\"aligncenter size-full wp-image-1175\" src=\"https:\/\/magoezequias.com.ar\/tienda\/wp-content\/uploads\/2018\/06\/Cambios-de-color-discos-4.jpg\" alt=\"\" width=\"667\" height=\"471\" srcset=\"https:\/\/magoezequias.com.ar\/tienda\/wp-content\/uploads\/2018\/06\/Cambios-de-color-discos-4.jpg 667w, https:\/\/magoezequias.com.ar\/tienda\/wp-content\/uploads\/2018\/06\/Cambios-de-color-discos-4-300x212.jpg 300w\" sizes=\"(max-width: 667px) 100vw, 667px\" \/><\/a><\/p>\n<p>&nbsp;<\/p>\n<p>El mago muestra un cuadrado con rejas mediante las cuales se ve de lado a lado, y cuatro discos negros.<\/p>\n<p>&nbsp;<\/p>\n<p>Luego el mago coloca un disco negro dentro de la reja, volviendo a mostrar que es negro por ambos lados, y a la vista de todos y sin cubrirlo el disco cambia completamente de color volvi\u00e9ndose rojo.<\/p>\n<p>&nbsp;<\/p>\n<p>El artista lo repetir\u00e1 con dos veces m\u00e1s, y antes del cambio puede atravesar los discos con un\u00a0 pa\u00f1uelo o una cinta, y cambiar\u00e1n al color de la cinta o pa\u00f1uelo.<\/p>\n<p>&nbsp;<\/p>\n<p>Como final el cuarto disco no cambia de color, entonces el mago con un pase m\u00e1gico logra que el disco desaparece, siempre a la vista del p\u00fablico.<\/p>\n<p>&nbsp;<\/p>\n<p>Una rutina que se adapta a todo p\u00fablico, infantil o adulto, musical o hablado.<\/p>\n<p>&nbsp;<\/p>\n<p>&nbsp;<\/p>\n<p>Usted recibe, cuatro discos, y una reja. Los pa\u00f1uelos o cintas no est\u00e1n incluidos.<\/p>\n<p>&nbsp;<\/p>\n<p><iframe src=\"https:\/\/www.youtube.com\/embed\/sK98GUVZo5Y\" width=\"560\" height=\"315\" frameborder=\"0\" allowfullscreen=\"allowfullscreen\"><\/iframe><\/p>\n","protected":false},"excerpt":{"rendered":"<p>El mago realiza un verdadero cambio de color de discos&#8230; \u00a1 tres veces y siempre a la vista!<\/p>\n","protected":false},"featured_media":1175,"comment_status":"open","ping_status":"closed","template":"","meta":[],"product_brand":[],"product_cat":[10,8,9],"product_tag":[23,261,474],"class_list":{"0":"post-1172","1":"product","2":"type-product","3":"status-publish","4":"has-post-thumbnail","6":"product_cat-escena","7":"product_cat-infantil","8":"product_cat-salon","9":"product_tag-cd","10":"product_tag-colores","11":"product_tag-discos","13":"first","14":"outofstock","15":"shipping-taxable","16":"purchasable","17":"product-type-simple"},"aioseo_notices":[],"_links":{"self":[{"href":"https:\/\/magoezequias.com.ar\/tienda\/wp-json\/wp\/v2\/product\/1172","targetHints":{"allow":["GET"]}}],"collection":[{"href":"https:\/\/magoezequias.com.ar\/tienda\/wp-json\/wp\/v2\/product"}],"about":[{"href":"https:\/\/magoezequias.com.ar\/tienda\/wp-json\/wp\/v2\/types\/product"}],"replies":[{"embeddable":true,"href":"https:\/\/magoezequias.com.ar\/tienda\/wp-json\/wp\/v2\/comments?post=1172"}],"version-history":[{"count":0,"href":"https:\/\/magoezequias.com.ar\/tienda\/wp-json\/wp\/v2\/product\/1172\/revisions"}],"wp:featuredmedia":[{"embeddable":true,"href":"https:\/\/magoezequias.com.ar\/tienda\/wp-json\/wp\/v2\/media\/1175"}],"wp:attachment":[{"href":"https:\/\/magoezequias.com.ar\/tienda\/wp-json\/wp\/v2\/media?parent=1172"}],"wp:term":[{"taxonomy":"product_brand","embeddable":true,"href":"https:\/\/magoezequias.com.ar\/tienda\/wp-json\/wp\/v2\/product_brand?post=1172"},{"taxonomy":"product_cat","embeddable":true,"href":"https:\/\/magoezequias.com.ar\/tienda\/wp-json\/wp\/v2\/product_cat?post=1172"},{"taxonomy":"product_tag","embeddable":true,"href":"https:\/\/magoezequias.com.ar\/tienda\/wp-json\/wp\/v2\/product_tag?post=1172"}],"curies":[{"name":"wp","href":"https:\/\/api.w.org\/{rel}","templated":true}]}}