{"id":1195,"date":"2018-06-22T23:27:07","date_gmt":"2018-06-22T23:27:07","guid":{"rendered":"https:\/\/magoezequias.com.ar\/tienda\/?post_type=product&#038;p=1195"},"modified":"2019-11-25T14:46:23","modified_gmt":"2019-11-25T14:46:23","slug":"varita-desaparicion-flash-de-panuelo","status":"publish","type":"product","link":"https:\/\/magoezequias.com.ar\/tienda\/producto\/varita-desaparicion-flash-de-panuelo","title":{"rendered":"Varita desaparici\u00f3n flash de pa\u00f1uelo"},"content":{"rendered":"<p><a href=\"https:\/\/magoezequias.com.ar\/tienda\/wp-content\/uploads\/2018\/06\/varita-desaparicion-flash.jpg\"><img fetchpriority=\"high\" decoding=\"async\" class=\"aligncenter size-full wp-image-1196\" src=\"https:\/\/magoezequias.com.ar\/tienda\/wp-content\/uploads\/2018\/06\/varita-desaparicion-flash.jpg\" alt=\"\" width=\"448\" height=\"321\" srcset=\"https:\/\/magoezequias.com.ar\/tienda\/wp-content\/uploads\/2018\/06\/varita-desaparicion-flash.jpg 448w, https:\/\/magoezequias.com.ar\/tienda\/wp-content\/uploads\/2018\/06\/varita-desaparicion-flash-300x215.jpg 300w\" sizes=\"(max-width: 448px) 100vw, 448px\" \/><\/a><\/p>\n<p>&nbsp;<\/p>\n<p style=\"text-align: justify;\">El mago sostiene una seda en una mano y la varita en el otro. Todo lo que hace es tocar la seda con la varita y m\u00e1gicamente desaparece.<\/p>\n<p style=\"text-align: justify;\">\u00a1La desaparici\u00f3n es s\u00faper r\u00e1pida! \u00a1No lo creer\u00edas! Una forma verdaderamente maravillosa de desaparecer una peque\u00f1a seda.<\/p>\n<p style=\"text-align: justify;\">No hay que cubrir nada, la desaparici\u00f3n es totalmente a la vista de los espectadores. Ideal para combinar dentro de una rutina con la aparici\u00f3n de la seda en otros lugares. Todo esta en la varita y se resetea en segundos, ideal para rutinas infantiles y trabajar rodeado, un efecto muy fuerte.<\/p>\n<p style=\"text-align: justify;\">Usted recibe una varita de 35 cent\u00edmetros de largo fabricada de aluminio y accesorio. El pa\u00f1uelo no est\u00e1 incluido.<\/p>\n<p style=\"text-align: justify;\"><span style=\"line-height: 1.5;\">\u00a1La desaparici\u00f3n es s\u00faper r\u00e1pida! \u00a1No lo creer\u00edas! Una forma verdaderamente maravillosa de desaparecer una peque\u00f1a seda.<\/span><\/p>\n<p style=\"text-align: justify;\">No hay que cubrir nada, la desaparici\u00f3n es totalmente a la vista de los espectadores. Ideal para combinar dentro de una rutina con la aparici\u00f3n de la seda en otros lugares. Ideal para hacer rodeado, un efecto muy fuerte.<\/p>\n<p style=\"text-align: justify;\">Usted recibe una varita de aluminio y accesorio. El pa\u00f1uelo no est\u00e1 incluido.<\/p>\n<p>&nbsp;<\/p>\n<p><iframe src=\"https:\/\/www.youtube.com\/embed\/mF4l8EX0G7Y\" width=\"560\" height=\"315\" frameborder=\"0\" allowfullscreen=\"allowfullscreen\"><\/iframe><\/p>\n","protected":false},"excerpt":{"rendered":"<p>&nbsp; El mago sostiene una seda en una mano y la varita en el otro. Todo lo que hace es tocar la seda con la varita y m\u00e1gicamente desaparece. \u00a1La desaparici\u00f3n es s\u00faper r\u00e1pida! \u00a1No lo creer\u00edas! Una forma verdaderamente maravillosa de desaparecer una peque\u00f1a seda. No hay que cubrir nada, la desaparici\u00f3n es totalmente [&hellip;]<\/p>\n","protected":false},"featured_media":1196,"comment_status":"open","ping_status":"closed","template":"","meta":[],"product_brand":[],"product_cat":[7,8,319],"product_tag":[299,82,52,86],"class_list":{"0":"post-1195","1":"product","2":"type-product","3":"status-publish","4":"has-post-thumbnail","6":"product_cat-accesorios","7":"product_cat-infantil","8":"product_cat-principiantes","9":"product_tag-desaparicion","10":"product_tag-flash","11":"product_tag-panuelo","12":"product_tag-varita","14":"first","15":"outofstock","16":"shipping-taxable","17":"purchasable","18":"product-type-simple"},"aioseo_notices":[],"_links":{"self":[{"href":"https:\/\/magoezequias.com.ar\/tienda\/wp-json\/wp\/v2\/product\/1195","targetHints":{"allow":["GET"]}}],"collection":[{"href":"https:\/\/magoezequias.com.ar\/tienda\/wp-json\/wp\/v2\/product"}],"about":[{"href":"https:\/\/magoezequias.com.ar\/tienda\/wp-json\/wp\/v2\/types\/product"}],"replies":[{"embeddable":true,"href":"https:\/\/magoezequias.com.ar\/tienda\/wp-json\/wp\/v2\/comments?post=1195"}],"version-history":[{"count":0,"href":"https:\/\/magoezequias.com.ar\/tienda\/wp-json\/wp\/v2\/product\/1195\/revisions"}],"wp:featuredmedia":[{"embeddable":true,"href":"https:\/\/magoezequias.com.ar\/tienda\/wp-json\/wp\/v2\/media\/1196"}],"wp:attachment":[{"href":"https:\/\/magoezequias.com.ar\/tienda\/wp-json\/wp\/v2\/media?parent=1195"}],"wp:term":[{"taxonomy":"product_brand","embeddable":true,"href":"https:\/\/magoezequias.com.ar\/tienda\/wp-json\/wp\/v2\/product_brand?post=1195"},{"taxonomy":"product_cat","embeddable":true,"href":"https:\/\/magoezequias.com.ar\/tienda\/wp-json\/wp\/v2\/product_cat?post=1195"},{"taxonomy":"product_tag","embeddable":true,"href":"https:\/\/magoezequias.com.ar\/tienda\/wp-json\/wp\/v2\/product_tag?post=1195"}],"curies":[{"name":"wp","href":"https:\/\/api.w.org\/{rel}","templated":true}]}}