{"id":1200,"date":"2018-07-06T00:04:47","date_gmt":"2018-07-06T00:04:47","guid":{"rendered":"https:\/\/magoezequias.com.ar\/tienda\/?post_type=product&#038;p=1200"},"modified":"2020-12-26T18:54:20","modified_gmt":"2020-12-26T18:54:20","slug":"bolsa-de-produccion-de-dados-jumbo","status":"publish","type":"product","link":"https:\/\/magoezequias.com.ar\/tienda\/producto\/bolsa-de-produccion-de-dados-jumbo","title":{"rendered":"Bolsa de Producci\u00f3n de Dados JUMBO"},"content":{"rendered":"<p style=\"text-align: justify;\">El mago muestra una bolsa de papel totalmente doblada y plana, luego la despliega y muestra su interior completamente vac\u00edo. La bolsa se muestra por todos lados de manera muy clara para que el p\u00fablico este convencido de que no podr\u00eda haber nada oculto en ella.<\/p>\n<p style=\"text-align: justify;\"><a href=\"https:\/\/magoezequias.com.ar\/tienda\/wp-content\/uploads\/2018\/07\/bolsa-dadso-jumbo.jpg\"><img fetchpriority=\"high\" decoding=\"async\" class=\"aligncenter size-full wp-image-1204\" src=\"https:\/\/magoezequias.com.ar\/tienda\/wp-content\/uploads\/2018\/07\/bolsa-dadso-jumbo.jpg\" alt=\"\" width=\"640\" height=\"239\" srcset=\"https:\/\/magoezequias.com.ar\/tienda\/wp-content\/uploads\/2018\/07\/bolsa-dadso-jumbo.jpg 640w, https:\/\/magoezequias.com.ar\/tienda\/wp-content\/uploads\/2018\/07\/bolsa-dadso-jumbo-300x112.jpg 300w\" sizes=\"(max-width: 640px) 100vw, 640px\" \/><\/a><\/p>\n<p style=\"text-align: justify;\">Luego de unos pases m\u00e1gicos seis dados gigantes se producen desde la bolsa. Si el mago lo desea, puede mostrar la bolsa vac\u00eda en cualquier momento de las producciones. El artista termina limpio con seis dados que se ven muy s\u00f3lidos en su mesa y una bolsa vac\u00eda. La pila de dados es mucho m\u00e1s grande que la bolsa y es imposible volver a ponerlos en la misma.<\/p>\n<p style=\"text-align: justify;\">Usted recibe seis Dados \u201cPop-Up\u201d tama\u00f1o JUMBO de diferentes colores que tienen 12 cm por lado. Podr\u00e1 producirlos de la bolsa de papel madera trucada que acompa\u00f1a el set o desde las p\u00e1ginas de una revista, un libro, un sobre, o lo que su imaginaci\u00f3n disponga.<\/p>\n<p style=\"text-align: justify;\"><a href=\"https:\/\/magoezequias.com.ar\/tienda\/wp-content\/uploads\/2018\/07\/bolsa-dadso-jumbo2.jpg\"><img decoding=\"async\" class=\"aligncenter size-full wp-image-1203\" src=\"https:\/\/magoezequias.com.ar\/tienda\/wp-content\/uploads\/2018\/07\/bolsa-dadso-jumbo2.jpg\" alt=\"\" width=\"640\" height=\"239\" srcset=\"https:\/\/magoezequias.com.ar\/tienda\/wp-content\/uploads\/2018\/07\/bolsa-dadso-jumbo2.jpg 640w, https:\/\/magoezequias.com.ar\/tienda\/wp-content\/uploads\/2018\/07\/bolsa-dadso-jumbo2-300x112.jpg 300w\" sizes=\"(max-width: 640px) 100vw, 640px\" \/><\/a><\/p>\n<p style=\"text-align: justify;\">Muy visual, ideal para magia infantil o adultos, musical o con una charla. Construidos con una excelente calidad en cart\u00f3n y papel plastificado para una mayor durabilidad.<\/p>\n<p>&nbsp;<\/p>\n<p><iframe src=\"https:\/\/www.youtube.com\/embed\/x7c3yRDI9mw\" width=\"560\" height=\"315\" frameborder=\"0\" allowfullscreen=\"allowfullscreen\"><\/iframe><\/p>\n","protected":false},"excerpt":{"rendered":"<p>Un conjunto de seis Dados \u201cPop-Up\u201d JUMBOS que aparentemente se producen desde el aire.<\/p>\n","protected":false},"featured_media":1201,"comment_status":"open","ping_status":"closed","template":"","meta":[],"product_brand":[],"product_cat":[10,8,9],"product_tag":[483,192,387,451,99,185,482],"class_list":{"0":"post-1200","1":"product","2":"type-product","3":"status-publish","4":"has-post-thumbnail","6":"product_cat-escena","7":"product_cat-infantil","8":"product_cat-salon","9":"product_tag-bag","10":"product_tag-bolsa","11":"product_tag-dados","12":"product_tag-dice","13":"product_tag-jumbo","14":"product_tag-magic","15":"product_tag-prodccion","17":"first","18":"outofstock","19":"shipping-taxable","20":"purchasable","21":"product-type-simple"},"aioseo_notices":[],"_links":{"self":[{"href":"https:\/\/magoezequias.com.ar\/tienda\/wp-json\/wp\/v2\/product\/1200","targetHints":{"allow":["GET"]}}],"collection":[{"href":"https:\/\/magoezequias.com.ar\/tienda\/wp-json\/wp\/v2\/product"}],"about":[{"href":"https:\/\/magoezequias.com.ar\/tienda\/wp-json\/wp\/v2\/types\/product"}],"replies":[{"embeddable":true,"href":"https:\/\/magoezequias.com.ar\/tienda\/wp-json\/wp\/v2\/comments?post=1200"}],"version-history":[{"count":0,"href":"https:\/\/magoezequias.com.ar\/tienda\/wp-json\/wp\/v2\/product\/1200\/revisions"}],"wp:featuredmedia":[{"embeddable":true,"href":"https:\/\/magoezequias.com.ar\/tienda\/wp-json\/wp\/v2\/media\/1201"}],"wp:attachment":[{"href":"https:\/\/magoezequias.com.ar\/tienda\/wp-json\/wp\/v2\/media?parent=1200"}],"wp:term":[{"taxonomy":"product_brand","embeddable":true,"href":"https:\/\/magoezequias.com.ar\/tienda\/wp-json\/wp\/v2\/product_brand?post=1200"},{"taxonomy":"product_cat","embeddable":true,"href":"https:\/\/magoezequias.com.ar\/tienda\/wp-json\/wp\/v2\/product_cat?post=1200"},{"taxonomy":"product_tag","embeddable":true,"href":"https:\/\/magoezequias.com.ar\/tienda\/wp-json\/wp\/v2\/product_tag?post=1200"}],"curies":[{"name":"wp","href":"https:\/\/api.w.org\/{rel}","templated":true}]}}