{"id":1220,"date":"2018-07-22T18:01:08","date_gmt":"2018-07-22T18:01:08","guid":{"rendered":"https:\/\/magoezequias.com.ar\/tienda\/?post_type=product&#038;p=1220"},"modified":"2025-05-07T15:01:17","modified_gmt":"2025-05-07T18:01:17","slug":"kit-bolsa-de-luces-dlite-flor","status":"publish","type":"product","link":"https:\/\/magoezequias.com.ar\/tienda\/producto\/kit-bolsa-de-luces-dlite-flor","title":{"rendered":"Kit Bolsa de luces &#8211; D\u00b4lite &#8211; Flor"},"content":{"rendered":"<p><a href=\"https:\/\/magoezequias.com.ar\/tienda\/wp-content\/uploads\/2018\/07\/bolsa-luces.png\"><img fetchpriority=\"high\" decoding=\"async\" class=\"aligncenter size-full wp-image-1221\" src=\"https:\/\/magoezequias.com.ar\/tienda\/wp-content\/uploads\/2018\/07\/bolsa-luces.png\" alt=\"\" width=\"341\" height=\"336\" srcset=\"https:\/\/magoezequias.com.ar\/tienda\/wp-content\/uploads\/2018\/07\/bolsa-luces.png 341w, https:\/\/magoezequias.com.ar\/tienda\/wp-content\/uploads\/2018\/07\/bolsa-luces-300x296.png 300w, https:\/\/magoezequias.com.ar\/tienda\/wp-content\/uploads\/2018\/07\/bolsa-luces-100x100.png 100w\" sizes=\"(max-width: 341px) 100vw, 341px\" \/><\/a><\/p>\n<p>&nbsp;<\/p>\n<p style=\"text-align: justify;\">Una rutina completa\u2026. El mago comienza haciendo aparecer una luz roja en la punta de tus dedos, luego la hace desaparecer.<\/p>\n<p style=\"text-align: justify;\">Posteriormente la toma nuevamente y pasa de mano a mano la luz, la guarda en los bolsillos, atraviesa su cabeza o cuerpo\u2026<\/p>\n<p style=\"text-align: justify;\">Luego toma una bolsa de papel y tras producir en la punta de los dedos luces rojas, las deja caer en el interior de la bolsa. La luz se ver\u00e1 caer en ella y luego se puede ver depositada en el fondo de la bolsa. \u00c9sta acci\u00f3n se repite nueve veces m\u00e1s para un total de 10 luces, todas flotantes se ve en la parte inferior de la bolsa.<\/p>\n<p style=\"text-align: justify;\">Una vez llena el mago toma una flor, da un pase m\u00e1gico, y todas las luces desaparecen de la bolsa, sacando la flor encendida.<\/p>\n<p style=\"text-align: justify;\">Luego puede m\u00e1gicamente apagar la flor o sacar la luz con sus dedos y continuar la rutina como en el inicio, pasando la luz roja de mano a mano.<\/p>\n<p style=\"text-align: justify;\">\n<p style=\"text-align: justify;\">Elementos para crear una rutina donde podr\u00e1 realizar m\u00faltiples combinaciones.<\/p>\n<p style=\"text-align: justify;\">\n<p style=\"text-align: justify;\">Incluye la bolsa electr\u00f3nica, dos D\u00b4lite \u2013 Rojo (dedos luminosos) y la flor con luz.<\/p>\n<p>&nbsp;<\/p>\n<div style=\"width: 640px;\" class=\"wp-video\"><!--[if lt IE 9]><script>document.createElement('video');<\/script><![endif]-->\n<video class=\"wp-video-shortcode\" id=\"video-1220-1\" width=\"640\" height=\"360\" preload=\"metadata\" controls=\"controls\"><source type=\"video\/mp4\" src=\"https:\/\/videocdn.taobao.com\/oss\/taobao-ugc\/98b4e5f035ed444aaa5feeda6fbff12e\/1499762789\/video.mp4?_=1\" \/><a href=\"https:\/\/videocdn.taobao.com\/oss\/taobao-ugc\/98b4e5f035ed444aaa5feeda6fbff12e\/1499762789\/video.mp4\">https:\/\/videocdn.taobao.com\/oss\/taobao-ugc\/98b4e5f035ed444aaa5feeda6fbff12e\/1499762789\/video.mp4<\/a><\/video><\/div>\n","protected":false},"excerpt":{"rendered":"<p>Una rutina muy visual y m\u00e1gica. Ideal para ruinas musicales de sal\u00f3n y escenario.<\/p>\n","protected":false},"featured_media":1221,"comment_status":"open","ping_status":"closed","template":"","meta":[],"product_brand":[],"product_cat":[10,8,319,9],"product_tag":[483,192,486,87,460,487],"class_list":{"0":"post-1220","1":"product","2":"type-product","3":"status-publish","4":"has-post-thumbnail","6":"product_cat-escena","7":"product_cat-infantil","8":"product_cat-principiantes","9":"product_cat-salon","10":"product_tag-bag","11":"product_tag-bolsa","12":"product_tag-delite","13":"product_tag-flor","14":"product_tag-luces","15":"product_tag-roja","17":"first","18":"outofstock","19":"shipping-taxable","20":"purchasable","21":"product-type-simple"},"aioseo_notices":[],"_links":{"self":[{"href":"https:\/\/magoezequias.com.ar\/tienda\/wp-json\/wp\/v2\/product\/1220","targetHints":{"allow":["GET"]}}],"collection":[{"href":"https:\/\/magoezequias.com.ar\/tienda\/wp-json\/wp\/v2\/product"}],"about":[{"href":"https:\/\/magoezequias.com.ar\/tienda\/wp-json\/wp\/v2\/types\/product"}],"replies":[{"embeddable":true,"href":"https:\/\/magoezequias.com.ar\/tienda\/wp-json\/wp\/v2\/comments?post=1220"}],"version-history":[{"count":1,"href":"https:\/\/magoezequias.com.ar\/tienda\/wp-json\/wp\/v2\/product\/1220\/revisions"}],"predecessor-version":[{"id":18239,"href":"https:\/\/magoezequias.com.ar\/tienda\/wp-json\/wp\/v2\/product\/1220\/revisions\/18239"}],"wp:featuredmedia":[{"embeddable":true,"href":"https:\/\/magoezequias.com.ar\/tienda\/wp-json\/wp\/v2\/media\/1221"}],"wp:attachment":[{"href":"https:\/\/magoezequias.com.ar\/tienda\/wp-json\/wp\/v2\/media?parent=1220"}],"wp:term":[{"taxonomy":"product_brand","embeddable":true,"href":"https:\/\/magoezequias.com.ar\/tienda\/wp-json\/wp\/v2\/product_brand?post=1220"},{"taxonomy":"product_cat","embeddable":true,"href":"https:\/\/magoezequias.com.ar\/tienda\/wp-json\/wp\/v2\/product_cat?post=1220"},{"taxonomy":"product_tag","embeddable":true,"href":"https:\/\/magoezequias.com.ar\/tienda\/wp-json\/wp\/v2\/product_tag?post=1220"}],"curies":[{"name":"wp","href":"https:\/\/api.w.org\/{rel}","templated":true}]}}