{"id":1226,"date":"2018-07-26T23:20:37","date_gmt":"2018-07-26T23:20:37","guid":{"rendered":"https:\/\/magoezequias.com.ar\/tienda\/?post_type=product&#038;p=1226"},"modified":"2019-11-20T01:29:46","modified_gmt":"2019-11-20T01:29:46","slug":"sorbete-de-aparicion","status":"publish","type":"product","link":"https:\/\/magoezequias.com.ar\/tienda\/producto\/sorbete-de-aparicion","title":{"rendered":"Sorbete de aparici\u00f3n"},"content":{"rendered":"<p style=\"text-align: justify;\"><a href=\"https:\/\/magoezequias.com.ar\/tienda\/wp-content\/uploads\/2018\/07\/sorbete-de-aoaricion2.jpg\"><img fetchpriority=\"high\" decoding=\"async\" class=\"aligncenter size-full wp-image-1227\" src=\"https:\/\/magoezequias.com.ar\/tienda\/wp-content\/uploads\/2018\/07\/sorbete-de-aoaricion2.jpg\" alt=\"\" width=\"480\" height=\"480\" srcset=\"https:\/\/magoezequias.com.ar\/tienda\/wp-content\/uploads\/2018\/07\/sorbete-de-aoaricion2.jpg 480w, https:\/\/magoezequias.com.ar\/tienda\/wp-content\/uploads\/2018\/07\/sorbete-de-aoaricion2-300x300.jpg 300w, https:\/\/magoezequias.com.ar\/tienda\/wp-content\/uploads\/2018\/07\/sorbete-de-aoaricion2-150x150.jpg 150w, https:\/\/magoezequias.com.ar\/tienda\/wp-content\/uploads\/2018\/07\/sorbete-de-aoaricion2-100x100.jpg 100w\" sizes=\"(max-width: 480px) 100vw, 480px\" \/><\/a><\/p>\n<p>&nbsp;<\/p>\n<p style=\"text-align: justify;\">El mago saca desde una bolsa una botella o lata de gaseosa y dice que se olvid\u00f3 el \u00a0sorbete. Pero al instante mete la mano dentro de la bolsa y saca de ella un sorbete gigante!!!<\/p>\n<p>&nbsp;<\/p>\n<p style=\"text-align: justify;\">Ideal para fiestas infantiles, cumplea\u00f1os, actos c\u00f3micos o musicales.<br \/>\nEl final ideal para cualquier rutina!<br \/>\nEl Sorbete mide 120 cent\u00edmetros de largo (1,2 metros)<\/p>\n<p>&nbsp;<\/p>\n<p style=\"text-align: justify;\">La producci\u00f3n se puede hacer desde donde usted prefiera, una bolsa, un bolsillo, un malet\u00edn, una caja de producci\u00f3n, etc.<\/p>\n<p style=\"text-align: justify;\">\n","protected":false},"excerpt":{"rendered":"<p>Util\u00edcelo para un momento m\u00e1gico o como un gag sorprendente&#8230;<\/p>\n","protected":false},"featured_media":1227,"comment_status":"open","ping_status":"closed","template":"","meta":[],"product_brand":[],"product_cat":[7,8,9],"product_tag":[356,488],"class_list":{"0":"post-1226","1":"product","2":"type-product","3":"status-publish","4":"has-post-thumbnail","6":"product_cat-accesorios","7":"product_cat-infantil","8":"product_cat-salon","9":"product_tag-aparicion","10":"product_tag-sorbete","12":"first","13":"outofstock","14":"shipping-taxable","15":"purchasable","16":"product-type-simple"},"aioseo_notices":[],"_links":{"self":[{"href":"https:\/\/magoezequias.com.ar\/tienda\/wp-json\/wp\/v2\/product\/1226","targetHints":{"allow":["GET"]}}],"collection":[{"href":"https:\/\/magoezequias.com.ar\/tienda\/wp-json\/wp\/v2\/product"}],"about":[{"href":"https:\/\/magoezequias.com.ar\/tienda\/wp-json\/wp\/v2\/types\/product"}],"replies":[{"embeddable":true,"href":"https:\/\/magoezequias.com.ar\/tienda\/wp-json\/wp\/v2\/comments?post=1226"}],"version-history":[{"count":0,"href":"https:\/\/magoezequias.com.ar\/tienda\/wp-json\/wp\/v2\/product\/1226\/revisions"}],"wp:featuredmedia":[{"embeddable":true,"href":"https:\/\/magoezequias.com.ar\/tienda\/wp-json\/wp\/v2\/media\/1227"}],"wp:attachment":[{"href":"https:\/\/magoezequias.com.ar\/tienda\/wp-json\/wp\/v2\/media?parent=1226"}],"wp:term":[{"taxonomy":"product_brand","embeddable":true,"href":"https:\/\/magoezequias.com.ar\/tienda\/wp-json\/wp\/v2\/product_brand?post=1226"},{"taxonomy":"product_cat","embeddable":true,"href":"https:\/\/magoezequias.com.ar\/tienda\/wp-json\/wp\/v2\/product_cat?post=1226"},{"taxonomy":"product_tag","embeddable":true,"href":"https:\/\/magoezequias.com.ar\/tienda\/wp-json\/wp\/v2\/product_tag?post=1226"}],"curies":[{"name":"wp","href":"https:\/\/api.w.org\/{rel}","templated":true}]}}