{"id":1242,"date":"2018-08-08T13:46:57","date_gmt":"2018-08-08T13:46:57","guid":{"rendered":"https:\/\/magoezequias.com.ar\/tienda\/?post_type=product&#038;p=1242"},"modified":"2023-01-01T10:03:02","modified_gmt":"2023-01-01T10:03:02","slug":"emojicion","status":"publish","type":"product","link":"https:\/\/magoezequias.com.ar\/tienda\/producto\/emojicion","title":{"rendered":"Emojici\u00f3n"},"content":{"rendered":"<p style=\"text-align: justify;\"><a href=\"https:\/\/magoezequias.com.ar\/tienda\/wp-content\/uploads\/2018\/08\/IMG-20180728-WA0024.jpg\"><img fetchpriority=\"high\" decoding=\"async\" class=\"aligncenter size-full wp-image-1245\" src=\"https:\/\/magoezequias.com.ar\/tienda\/wp-content\/uploads\/2018\/08\/IMG-20180728-WA0024.jpg\" alt=\"\" width=\"448\" height=\"313\" srcset=\"https:\/\/magoezequias.com.ar\/tienda\/wp-content\/uploads\/2018\/08\/IMG-20180728-WA0024.jpg 448w, https:\/\/magoezequias.com.ar\/tienda\/wp-content\/uploads\/2018\/08\/IMG-20180728-WA0024-300x210.jpg 300w\" sizes=\"(max-width: 448px) 100vw, 448px\" \/><\/a><\/p>\n<p style=\"text-align: justify;\">Una rutina muy visual, m\u00e1gica y participativa!!!<\/p>\n<p style=\"text-align: justify;\">El mago muestra un pa\u00f1uelo, pero no lo que est\u00e1 dibujado, diciendo que ser\u00e1 su predicci\u00f3n y lo deja a la vista de todos.<\/p>\n<p style=\"text-align: justify;\">Se invita a un ni\u00f1o a participar y se me muestra distintas figuras de emojis Se le explica que armaremos uno al azar por tal motivo se sacan distintos tipos de bocas, ojos, pesta\u00f1\u00e1s, y accesorios como lagrimas corazones anteojos, etc.<\/p>\n<p style=\"text-align: justify;\">Al ni\u00f1o se le da un c\u00edrculo amarillo por un lado y rojo por otro para armar un emoji gigante seg\u00fan su elecci\u00f3n.<\/p>\n<p style=\"text-align: justify;\">El ni\u00f1o finalmente arma un emoji color amarillo con una gran sonrisa.<\/p>\n<p style=\"text-align: justify;\">El mago muestra el pa\u00f1uelo que estaba siempre a la vista, pero se equivoc\u00f3, su predicci\u00f3n era un emoji de color rojo y enojado.<\/p>\n<p style=\"text-align: justify;\">Para solucionarlo le da un golpe m\u00e1gico al pa\u00f1uelo con su varita y le pasa la mano, lo que provoca que autom\u00e1ticamente y a la vista de todos el emoji cambie de color y dise\u00f1o y se vuelva el mismo armado por el ni\u00f1o!!!!<\/p>\n<p style=\"text-align: center;\"><a href=\"https:\/\/magoezequias.com.ar\/tienda\/wp-content\/uploads\/2018\/08\/Screenshot_20180728-154559.png\"><img decoding=\"async\" class=\"aligncenter  wp-image-1247\" src=\"https:\/\/magoezequias.com.ar\/tienda\/wp-content\/uploads\/2018\/08\/Screenshot_20180728-154559.png\" alt=\"\" width=\"475\" height=\"354\" srcset=\"https:\/\/magoezequias.com.ar\/tienda\/wp-content\/uploads\/2018\/08\/Screenshot_20180728-154559.png 640w, https:\/\/magoezequias.com.ar\/tienda\/wp-content\/uploads\/2018\/08\/Screenshot_20180728-154559-300x224.png 300w\" sizes=\"(max-width: 475px) 100vw, 475px\" \/><\/a><\/p>\n<p>&nbsp;<\/p>\n<p style=\"text-align: justify;\">Un efecto directo y s\u00faper visual, el cambio es tan m\u00e1gico como se aprecia en el video.<\/p>\n<p style=\"text-align: justify;\">Usted recibe:<\/p>\n<p style=\"text-align: justify;\">Pa\u00f1uelo especial de un excelente tama\u00f1o<\/p>\n<p style=\"text-align: justify;\">Un emoji gigante para armar<\/p>\n<p style=\"text-align: justify;\">Distintos tipos de bocas, ojos, y accesorios para armar el emoji<\/p>\n<p style=\"text-align: justify;\">Figuras de distintos emojis.<\/p>\n<p>&nbsp;<\/p>\n<p><iframe src=\"https:\/\/www.youtube.com\/embed\/NLhK26prUUw\" width=\"560\" height=\"315\" frameborder=\"0\" allowfullscreen=\"allowfullscreen\"><\/iframe><\/p>\n","protected":false},"excerpt":{"rendered":"<p>Si sos mago no te pierdas este nuevo lanzamiento de Ezequ\u00edas junto a Bachi Ortiz. Una rutina infantil imperdible!!<\/p>\n<p>&nbsp;<\/p>\n","protected":false},"featured_media":1243,"comment_status":"open","ping_status":"closed","template":"","meta":[],"product_brand":[],"product_cat":[60,8],"product_tag":[336,489,17,15,14,52,335],"class_list":{"0":"post-1242","1":"product","2":"type-product","3":"status-publish","4":"has-post-thumbnail","6":"product_cat-ezequias-2","7":"product_cat-infantil","8":"product_tag-emoji","9":"product_tag-emojicion","10":"product_tag-ezequias","11":"product_tag-infantil-2","12":"product_tag-magia","13":"product_tag-panuelo","14":"product_tag-prediccion","16":"first","17":"outofstock","18":"shipping-taxable","19":"purchasable","20":"product-type-simple"},"aioseo_notices":[],"_links":{"self":[{"href":"https:\/\/magoezequias.com.ar\/tienda\/wp-json\/wp\/v2\/product\/1242","targetHints":{"allow":["GET"]}}],"collection":[{"href":"https:\/\/magoezequias.com.ar\/tienda\/wp-json\/wp\/v2\/product"}],"about":[{"href":"https:\/\/magoezequias.com.ar\/tienda\/wp-json\/wp\/v2\/types\/product"}],"replies":[{"embeddable":true,"href":"https:\/\/magoezequias.com.ar\/tienda\/wp-json\/wp\/v2\/comments?post=1242"}],"version-history":[{"count":0,"href":"https:\/\/magoezequias.com.ar\/tienda\/wp-json\/wp\/v2\/product\/1242\/revisions"}],"wp:featuredmedia":[{"embeddable":true,"href":"https:\/\/magoezequias.com.ar\/tienda\/wp-json\/wp\/v2\/media\/1243"}],"wp:attachment":[{"href":"https:\/\/magoezequias.com.ar\/tienda\/wp-json\/wp\/v2\/media?parent=1242"}],"wp:term":[{"taxonomy":"product_brand","embeddable":true,"href":"https:\/\/magoezequias.com.ar\/tienda\/wp-json\/wp\/v2\/product_brand?post=1242"},{"taxonomy":"product_cat","embeddable":true,"href":"https:\/\/magoezequias.com.ar\/tienda\/wp-json\/wp\/v2\/product_cat?post=1242"},{"taxonomy":"product_tag","embeddable":true,"href":"https:\/\/magoezequias.com.ar\/tienda\/wp-json\/wp\/v2\/product_tag?post=1242"}],"curies":[{"name":"wp","href":"https:\/\/api.w.org\/{rel}","templated":true}]}}