{"id":125,"date":"2014-11-07T12:46:51","date_gmt":"2014-11-07T12:46:51","guid":{"rendered":"https:\/\/magoezequias.com.ar\/tienda\/?post_type=product&#038;p=125"},"modified":"2019-11-20T03:02:15","modified_gmt":"2019-11-20T03:02:15","slug":"52-bwave-de-vernet","status":"publish","type":"product","link":"https:\/\/magoezequias.com.ar\/tienda\/producto\/52-bwave-de-vernet","title":{"rendered":"52 B&#8217;Wave de Vernet"},"content":{"rendered":"<p><a href=\"https:\/\/magoezequias.com.ar\/tienda\/wp-content\/uploads\/2014\/11\/vernet_52bwave.png\"><img fetchpriority=\"high\" decoding=\"async\" class=\"alignnone size-full wp-image-123\" src=\"https:\/\/magoezequias.com.ar\/tienda\/wp-content\/uploads\/2014\/11\/vernet_52bwave.png\" alt=\"vernet_52bwave\" width=\"400\" height=\"400\" srcset=\"https:\/\/magoezequias.com.ar\/tienda\/wp-content\/uploads\/2014\/11\/vernet_52bwave.png 400w, https:\/\/magoezequias.com.ar\/tienda\/wp-content\/uploads\/2014\/11\/vernet_52bwave-300x300.png 300w, https:\/\/magoezequias.com.ar\/tienda\/wp-content\/uploads\/2014\/11\/vernet_52bwave-90x90.png 90w, https:\/\/magoezequias.com.ar\/tienda\/wp-content\/uploads\/2014\/11\/vernet_52bwave-150x150.png 150w\" sizes=\"(max-width: 400px) 100vw, 400px\" \/><\/a><\/p>\n<p>El mago le da una baraja respaldo azul para un espectador explicando que contiene una predicci\u00f3n. Entonces \u00e9l dice que no tiene otra cubierta, pero es muy especial, es una plataforma invisible.<\/p>\n<p>Un espectador elige un traje de la cubierta invisible y luego se selecciona cualquier valor con absoluta libertad, por ejemplo, el 5 de Tr\u00e9boles. El mago toma la baraja respaldado azul y cuando extiende las cartas, todo el mundo puede ver que s\u00f3lo hay una carta boca arriba: es el 5 de Tr\u00e9boles. Luego se vuelve el 5 de Tr\u00e9boles boca abajo, mostrando que es la \u00fanica tarjeta con un nuevo rojo.<\/p>\n<p>Pero eso no es todo, el mago se extiende por toda la cubierta que muestra todas las tarjetas tienen la cara en blanco.<\/p>\n<p>&nbsp;<br \/>\n<iframe src=\"\/\/www.youtube.com\/embed\/ohZiyzSyvaE\" width=\"560\" height=\"315\" frameborder=\"0\" allowfullscreen=\"allowfullscreen\"><\/iframe><\/p>\n","protected":false},"excerpt":{"rendered":"<p>La predicci\u00f3n m\u00e1s desconcertante que existe con naipes, con un cl\u00edmax alucinante, en calidad Bicycle.<\/p>\n","protected":false},"featured_media":123,"comment_status":"open","ping_status":"closed","template":"","meta":[],"product_brand":[],"product_cat":[12],"product_tag":[],"class_list":{"0":"post-125","1":"product","2":"type-product","3":"status-publish","4":"has-post-thumbnail","6":"product_cat-cartomagia","8":"first","9":"outofstock","10":"shipping-taxable","11":"purchasable","12":"product-type-simple"},"aioseo_notices":[],"_links":{"self":[{"href":"https:\/\/magoezequias.com.ar\/tienda\/wp-json\/wp\/v2\/product\/125","targetHints":{"allow":["GET"]}}],"collection":[{"href":"https:\/\/magoezequias.com.ar\/tienda\/wp-json\/wp\/v2\/product"}],"about":[{"href":"https:\/\/magoezequias.com.ar\/tienda\/wp-json\/wp\/v2\/types\/product"}],"replies":[{"embeddable":true,"href":"https:\/\/magoezequias.com.ar\/tienda\/wp-json\/wp\/v2\/comments?post=125"}],"version-history":[{"count":0,"href":"https:\/\/magoezequias.com.ar\/tienda\/wp-json\/wp\/v2\/product\/125\/revisions"}],"wp:featuredmedia":[{"embeddable":true,"href":"https:\/\/magoezequias.com.ar\/tienda\/wp-json\/wp\/v2\/media\/123"}],"wp:attachment":[{"href":"https:\/\/magoezequias.com.ar\/tienda\/wp-json\/wp\/v2\/media?parent=125"}],"wp:term":[{"taxonomy":"product_brand","embeddable":true,"href":"https:\/\/magoezequias.com.ar\/tienda\/wp-json\/wp\/v2\/product_brand?post=125"},{"taxonomy":"product_cat","embeddable":true,"href":"https:\/\/magoezequias.com.ar\/tienda\/wp-json\/wp\/v2\/product_cat?post=125"},{"taxonomy":"product_tag","embeddable":true,"href":"https:\/\/magoezequias.com.ar\/tienda\/wp-json\/wp\/v2\/product_tag?post=125"}],"curies":[{"name":"wp","href":"https:\/\/api.w.org\/{rel}","templated":true}]}}