{"id":1255,"date":"2018-08-11T02:17:53","date_gmt":"2018-08-11T02:17:53","guid":{"rendered":"https:\/\/magoezequias.com.ar\/tienda\/?post_type=product&#038;p=1255"},"modified":"2020-03-14T21:28:50","modified_gmt":"2020-03-14T21:28:50","slug":"la-momia-regreso","status":"publish","type":"product","link":"https:\/\/magoezequias.com.ar\/tienda\/producto\/la-momia-regreso","title":{"rendered":"La Momia regres\u00f3"},"content":{"rendered":"<p><a href=\"https:\/\/magoezequias.com.ar\/tienda\/wp-content\/uploads\/2018\/08\/momia-regreso-a.jpg\"><img fetchpriority=\"high\" decoding=\"async\" class=\"aligncenter size-full wp-image-1257\" src=\"https:\/\/magoezequias.com.ar\/tienda\/wp-content\/uploads\/2018\/08\/momia-regreso-a.jpg\" alt=\"\" width=\"448\" height=\"273\" srcset=\"https:\/\/magoezequias.com.ar\/tienda\/wp-content\/uploads\/2018\/08\/momia-regreso-a.jpg 448w, https:\/\/magoezequias.com.ar\/tienda\/wp-content\/uploads\/2018\/08\/momia-regreso-a-300x183.jpg 300w\" sizes=\"(max-width: 448px) 100vw, 448px\" \/><\/a><\/p>\n<p>&nbsp;<\/p>\n<p style=\"text-align: justify;\">El int\u00e9rprete muestra un sarc\u00f3fago muy colorido y relata una historia sobre Egipto y un Fara\u00f3n que era mago. Luego muestra unas coloridas cartas con distintas im\u00e1genes para que un espectador elija una.<\/p>\n<p>&nbsp;<\/p>\n<p style=\"text-align: justify;\">El mago dice que ya el Fara\u00f3n sabia cula iban a elegir y para prueba de ello abre el sarc\u00f3fago. Para sorpresa de todos all\u00ed se muestra la imagen de una momia. El mago dice que debajo de las vendas est\u00e1 la carta elegida.<\/p>\n<p>&nbsp;<\/p>\n<p style=\"text-align: justify;\">Para demostrarlo cierra el sarc\u00f3fago, y el mago nota que hay una cinta que sobresale de la parte superior.\u00a0Dando un tir\u00f3n comienza a desenrollarse hasta que se haya eliminado un gran manojo de cinta.<\/p>\n<p>&nbsp;<\/p>\n<p style=\"text-align: justify;\">\u00a1Este es un momento de mucha comedia, muy visual y muy divertida cuando tu ayudante es cubierto por la cinta!<\/p>\n<p>&nbsp;<\/p>\n<p style=\"text-align: justify;\">Luego el mago abre la puerta, y ahora \u00a1la momia es un Fara\u00f3n que tiene la carta seleccionada por el espectador!<\/p>\n<p>&nbsp;<\/p>\n<p style=\"text-align: justify;\">Un efecto muy divertido, con mucha comedia y muy visual.<\/p>\n<p style=\"text-align: justify;\">El tama\u00f1o lo hace muy visible desde lejos y al ser plano no ocupa lugar.<\/p>\n<p style=\"text-align: justify;\">Construidos con materiales de calidad. Usted recibe el sarc\u00f3fago, las tarjetas, la cinta y claras explicaciones.<\/p>\n<p>&nbsp;<\/p>\n<p><iframe src=\"https:\/\/www.youtube.com\/embed\/AD5DyCKOzYw\" width=\"560\" height=\"315\" frameborder=\"0\" allowfullscreen=\"allowfullscreen\"><\/iframe><\/p>\n","protected":false},"excerpt":{"rendered":"<p>Un efecto muy divertido, con mucha comedia y muy visual.<\/p>\n","protected":false},"featured_media":1259,"comment_status":"open","ping_status":"closed","template":"","meta":[],"product_brand":[],"product_cat":[8,319],"product_tag":[492,493,494],"class_list":{"0":"post-1255","1":"product","2":"type-product","3":"status-publish","4":"has-post-thumbnail","6":"product_cat-infantil","7":"product_cat-principiantes","8":"product_tag-momia","9":"product_tag-regresa","10":"product_tag-regreso","12":"first","13":"instock","14":"shipping-taxable","15":"purchasable","16":"product-type-simple"},"aioseo_notices":[],"_links":{"self":[{"href":"https:\/\/magoezequias.com.ar\/tienda\/wp-json\/wp\/v2\/product\/1255","targetHints":{"allow":["GET"]}}],"collection":[{"href":"https:\/\/magoezequias.com.ar\/tienda\/wp-json\/wp\/v2\/product"}],"about":[{"href":"https:\/\/magoezequias.com.ar\/tienda\/wp-json\/wp\/v2\/types\/product"}],"replies":[{"embeddable":true,"href":"https:\/\/magoezequias.com.ar\/tienda\/wp-json\/wp\/v2\/comments?post=1255"}],"version-history":[{"count":0,"href":"https:\/\/magoezequias.com.ar\/tienda\/wp-json\/wp\/v2\/product\/1255\/revisions"}],"wp:featuredmedia":[{"embeddable":true,"href":"https:\/\/magoezequias.com.ar\/tienda\/wp-json\/wp\/v2\/media\/1259"}],"wp:attachment":[{"href":"https:\/\/magoezequias.com.ar\/tienda\/wp-json\/wp\/v2\/media?parent=1255"}],"wp:term":[{"taxonomy":"product_brand","embeddable":true,"href":"https:\/\/magoezequias.com.ar\/tienda\/wp-json\/wp\/v2\/product_brand?post=1255"},{"taxonomy":"product_cat","embeddable":true,"href":"https:\/\/magoezequias.com.ar\/tienda\/wp-json\/wp\/v2\/product_cat?post=1255"},{"taxonomy":"product_tag","embeddable":true,"href":"https:\/\/magoezequias.com.ar\/tienda\/wp-json\/wp\/v2\/product_tag?post=1255"}],"curies":[{"name":"wp","href":"https:\/\/api.w.org\/{rel}","templated":true}]}}