{"id":1269,"date":"2018-08-30T21:31:32","date_gmt":"2018-08-30T21:31:32","guid":{"rendered":"https:\/\/magoezequias.com.ar\/tienda\/?post_type=product&#038;p=1269"},"modified":"2019-11-25T14:45:22","modified_gmt":"2019-11-25T14:45:22","slug":"bubbly-by-sonny-fontana-y-vernet-magic","status":"publish","type":"product","link":"https:\/\/magoezequias.com.ar\/tienda\/producto\/bubbly-by-sonny-fontana-y-vernet-magic","title":{"rendered":"Bubbly by Sonny Fontana y Vernet Magic\u00a0"},"content":{"rendered":"<p><a href=\"https:\/\/magoezequias.com.ar\/tienda\/wp-content\/uploads\/2018\/08\/62810-alt5_1.png\"><img fetchpriority=\"high\" decoding=\"async\" class=\"aligncenter size-full wp-image-1266\" src=\"https:\/\/magoezequias.com.ar\/tienda\/wp-content\/uploads\/2018\/08\/62810-alt5_1.png\" alt=\"\" width=\"740\" height=\"416\" srcset=\"https:\/\/magoezequias.com.ar\/tienda\/wp-content\/uploads\/2018\/08\/62810-alt5_1.png 740w, https:\/\/magoezequias.com.ar\/tienda\/wp-content\/uploads\/2018\/08\/62810-alt5_1-300x169.png 300w\" sizes=\"(max-width: 740px) 100vw, 740px\" \/><\/a><\/p>\n<p>\u00a1Producci\u00f3n de burbujas de jab\u00f3n! El mago muestra sus manos claramente vac\u00edas. Sopla e inmediatamente produce una lluvia de pompas de jab\u00f3n de sus manos.<\/p>\n<p>&nbsp;<\/p>\n<p>Puede repetirlo varias veces, mostrando siempre sus manos vac\u00edas.<\/p>\n<p>&nbsp;<\/p>\n<p>Un verdadero milagro del gran Sonny Fontana.<\/p>\n<p>Usted recibe un gimmick especial.<br \/>\nNo se requieren mangas.<br \/>\nHazlo en cualquier lugar, en cualquier momento.<br \/>\nIncluye una descarga de video con el efecto completo y explicaci\u00f3n paso a paso.<\/p>\n<p>Soluci\u00f3n de burbuja de jab\u00f3n no incluida.<\/p>\n<p>&nbsp;<\/p>\n<p><iframe src=\"https:\/\/www.youtube.com\/embed\/87_ETDhTVA4\" width=\"560\" height=\"315\" frameborder=\"0\" allowfullscreen=\"allowfullscreen\"><\/iframe><\/p>\n","protected":false},"excerpt":{"rendered":"<p><strong>\u00a1Una incre\u00edble producci\u00f3n de burbujas de jab\u00f3n a manos vacias!\u00a0<\/strong><\/p>\n","protected":false},"featured_media":1265,"comment_status":"open","ping_status":"closed","template":"","meta":[],"product_brand":[],"product_cat":[7,10,8,9],"product_tag":[496,495,497,498,63],"class_list":{"0":"post-1269","1":"product","2":"type-product","3":"status-publish","4":"has-post-thumbnail","6":"product_cat-accesorios","7":"product_cat-escena","8":"product_cat-infantil","9":"product_cat-salon","10":"product_tag-bubbly","11":"product_tag-burbujas","12":"product_tag-jabon","13":"product_tag-pompas","14":"product_tag-vernet","16":"first","17":"instock","18":"shipping-taxable","19":"purchasable","20":"product-type-simple"},"aioseo_notices":[],"_links":{"self":[{"href":"https:\/\/magoezequias.com.ar\/tienda\/wp-json\/wp\/v2\/product\/1269","targetHints":{"allow":["GET"]}}],"collection":[{"href":"https:\/\/magoezequias.com.ar\/tienda\/wp-json\/wp\/v2\/product"}],"about":[{"href":"https:\/\/magoezequias.com.ar\/tienda\/wp-json\/wp\/v2\/types\/product"}],"replies":[{"embeddable":true,"href":"https:\/\/magoezequias.com.ar\/tienda\/wp-json\/wp\/v2\/comments?post=1269"}],"version-history":[{"count":0,"href":"https:\/\/magoezequias.com.ar\/tienda\/wp-json\/wp\/v2\/product\/1269\/revisions"}],"wp:featuredmedia":[{"embeddable":true,"href":"https:\/\/magoezequias.com.ar\/tienda\/wp-json\/wp\/v2\/media\/1265"}],"wp:attachment":[{"href":"https:\/\/magoezequias.com.ar\/tienda\/wp-json\/wp\/v2\/media?parent=1269"}],"wp:term":[{"taxonomy":"product_brand","embeddable":true,"href":"https:\/\/magoezequias.com.ar\/tienda\/wp-json\/wp\/v2\/product_brand?post=1269"},{"taxonomy":"product_cat","embeddable":true,"href":"https:\/\/magoezequias.com.ar\/tienda\/wp-json\/wp\/v2\/product_cat?post=1269"},{"taxonomy":"product_tag","embeddable":true,"href":"https:\/\/magoezequias.com.ar\/tienda\/wp-json\/wp\/v2\/product_tag?post=1269"}],"curies":[{"name":"wp","href":"https:\/\/api.w.org\/{rel}","templated":true}]}}