{"id":128,"date":"2014-11-10T20:01:44","date_gmt":"2014-11-10T20:01:44","guid":{"rendered":"https:\/\/magoezequias.com.ar\/tienda\/?post_type=product&#038;p=128"},"modified":"2024-11-11T02:00:48","modified_gmt":"2024-11-11T02:00:48","slug":"protector-de-barajas","status":"publish","type":"product","link":"https:\/\/magoezequias.com.ar\/tienda\/producto\/protector-de-barajas","title":{"rendered":"Protector de Barajas"},"content":{"rendered":"<p><a href=\"https:\/\/magoezequias.com.ar\/tienda\/wp-content\/uploads\/2014\/11\/vernet_protector.png\"><img fetchpriority=\"high\" decoding=\"async\" class=\"alignnone size-full wp-image-130\" src=\"https:\/\/magoezequias.com.ar\/tienda\/wp-content\/uploads\/2014\/11\/vernet_protector.png\" alt=\"vernet_protector\" width=\"400\" height=\"400\" srcset=\"https:\/\/magoezequias.com.ar\/tienda\/wp-content\/uploads\/2014\/11\/vernet_protector.png 400w, https:\/\/magoezequias.com.ar\/tienda\/wp-content\/uploads\/2014\/11\/vernet_protector-300x300.png 300w, https:\/\/magoezequias.com.ar\/tienda\/wp-content\/uploads\/2014\/11\/vernet_protector-90x90.png 90w, https:\/\/magoezequias.com.ar\/tienda\/wp-content\/uploads\/2014\/11\/vernet_protector-150x150.png 150w\" sizes=\"(max-width: 400px) 100vw, 400px\" \/><\/a><\/p>\n<p>VERNET CARD GUARD est\u00e1 hecho de pl\u00e1stico ABS manteniendo toda la elegancia de la baraja.<br \/>\nNo rompa m\u00e1s sus bolsillos con protectores pesados!\u00a0Dise\u00f1ado para proteger de forma segura y llevar a cualquiera de las barajas tama\u00f1o poker, tambi\u00e9n previene que las cartas se curven bajo la presi\u00f3n de los bolsillos apretados.\u00a0Con igual presi\u00f3n en toda la baraja, quedando como nuevo.<\/p>\n<p>Colores disponibles. Negro \/ Rojo \/ Azul<\/p>\n","protected":false},"excerpt":{"rendered":"<p>Esta es la mejor protecci\u00f3n para su baraja!<\/p>\n","protected":false},"featured_media":130,"comment_status":"open","ping_status":"closed","template":"","meta":[],"product_brand":[],"product_cat":[7,12],"product_tag":[65,66,64,63],"class_list":{"0":"post-128","1":"product","2":"type-product","3":"status-publish","4":"has-post-thumbnail","6":"product_cat-accesorios","7":"product_cat-cartomagia","8":"product_tag-baraja","9":"product_tag-bicycle","10":"product_tag-protector","11":"product_tag-vernet","13":"first","14":"instock","15":"shipping-taxable","16":"purchasable","17":"product-type-simple"},"aioseo_notices":[],"_links":{"self":[{"href":"https:\/\/magoezequias.com.ar\/tienda\/wp-json\/wp\/v2\/product\/128","targetHints":{"allow":["GET"]}}],"collection":[{"href":"https:\/\/magoezequias.com.ar\/tienda\/wp-json\/wp\/v2\/product"}],"about":[{"href":"https:\/\/magoezequias.com.ar\/tienda\/wp-json\/wp\/v2\/types\/product"}],"replies":[{"embeddable":true,"href":"https:\/\/magoezequias.com.ar\/tienda\/wp-json\/wp\/v2\/comments?post=128"}],"version-history":[{"count":0,"href":"https:\/\/magoezequias.com.ar\/tienda\/wp-json\/wp\/v2\/product\/128\/revisions"}],"wp:featuredmedia":[{"embeddable":true,"href":"https:\/\/magoezequias.com.ar\/tienda\/wp-json\/wp\/v2\/media\/130"}],"wp:attachment":[{"href":"https:\/\/magoezequias.com.ar\/tienda\/wp-json\/wp\/v2\/media?parent=128"}],"wp:term":[{"taxonomy":"product_brand","embeddable":true,"href":"https:\/\/magoezequias.com.ar\/tienda\/wp-json\/wp\/v2\/product_brand?post=128"},{"taxonomy":"product_cat","embeddable":true,"href":"https:\/\/magoezequias.com.ar\/tienda\/wp-json\/wp\/v2\/product_cat?post=128"},{"taxonomy":"product_tag","embeddable":true,"href":"https:\/\/magoezequias.com.ar\/tienda\/wp-json\/wp\/v2\/product_tag?post=128"}],"curies":[{"name":"wp","href":"https:\/\/api.w.org\/{rel}","templated":true}]}}