{"id":1293,"date":"2018-10-17T14:13:47","date_gmt":"2018-10-17T14:13:47","guid":{"rendered":"https:\/\/magoezequias.com.ar\/tienda\/?post_type=product&#038;p=1293"},"modified":"2019-11-20T01:25:46","modified_gmt":"2019-11-20T01:25:46","slug":"varita-flash-electronica","status":"publish","type":"product","link":"https:\/\/magoezequias.com.ar\/tienda\/producto\/varita-flash-electronica","title":{"rendered":"Varita Flash Electr\u00f3nica"},"content":{"rendered":"<p><a href=\"https:\/\/magoezequias.com.ar\/tienda\/wp-content\/uploads\/2018\/10\/varita-flash-electronica-2.jpg\"><img fetchpriority=\"high\" decoding=\"async\" class=\"aligncenter size-full wp-image-1294\" src=\"https:\/\/magoezequias.com.ar\/tienda\/wp-content\/uploads\/2018\/10\/varita-flash-electronica-2.jpg\" alt=\"\" width=\"330\" height=\"448\" srcset=\"https:\/\/magoezequias.com.ar\/tienda\/wp-content\/uploads\/2018\/10\/varita-flash-electronica-2.jpg 330w, https:\/\/magoezequias.com.ar\/tienda\/wp-content\/uploads\/2018\/10\/varita-flash-electronica-2-221x300.jpg 221w, https:\/\/magoezequias.com.ar\/tienda\/wp-content\/uploads\/2018\/10\/varita-flash-electronica-2-300x407.jpg 300w\" sizes=\"(max-width: 330px) 100vw, 330px\" \/><\/a><\/p>\n<p>Un efecto util para espect\u00e1culos infantiles o de adultos.<\/p>\n<p>El mago toma su varita m\u00e1gica que usa durante el show y cuando desee una gran bola de fuego sale volando.<\/p>\n<p>Un producto electr\u00f3nico de excelente calidad, muy pr\u00e1ctico para manejar, funciona con dios pilas AAA.<\/p>\n<p>Un nuevo modelo electr\u00f3nico hace que siempre este lista para ser disparada totalmente desarmable para su limpieza y cambio de bater\u00edas.<\/p>\n<p>Se debe utilizar algod\u00f3n flash para su funcionamiento. Colocando una bola de papel flash usted lograr\u00e1 que una bola de fuego salga de la varita y se eleve. Si coloca papel picado este saldr\u00e1 expandido por el aire como si fuera un ca\u00f1on.<\/p>\n","protected":false},"excerpt":{"rendered":"<p>Un efecto especial en cualquier momento de su show.<\/p>\n","protected":false},"featured_media":1294,"comment_status":"open","ping_status":"closed","template":"","meta":[],"product_brand":[],"product_cat":[7,10,8,9],"product_tag":[501,82,86],"class_list":{"0":"post-1293","1":"product","2":"type-product","3":"status-publish","4":"has-post-thumbnail","6":"product_cat-accesorios","7":"product_cat-escena","8":"product_cat-infantil","9":"product_cat-salon","10":"product_tag-electronica","11":"product_tag-flash","12":"product_tag-varita","14":"first","15":"outofstock","16":"shipping-taxable","17":"purchasable","18":"product-type-simple"},"aioseo_notices":[],"_links":{"self":[{"href":"https:\/\/magoezequias.com.ar\/tienda\/wp-json\/wp\/v2\/product\/1293","targetHints":{"allow":["GET"]}}],"collection":[{"href":"https:\/\/magoezequias.com.ar\/tienda\/wp-json\/wp\/v2\/product"}],"about":[{"href":"https:\/\/magoezequias.com.ar\/tienda\/wp-json\/wp\/v2\/types\/product"}],"replies":[{"embeddable":true,"href":"https:\/\/magoezequias.com.ar\/tienda\/wp-json\/wp\/v2\/comments?post=1293"}],"version-history":[{"count":0,"href":"https:\/\/magoezequias.com.ar\/tienda\/wp-json\/wp\/v2\/product\/1293\/revisions"}],"wp:featuredmedia":[{"embeddable":true,"href":"https:\/\/magoezequias.com.ar\/tienda\/wp-json\/wp\/v2\/media\/1294"}],"wp:attachment":[{"href":"https:\/\/magoezequias.com.ar\/tienda\/wp-json\/wp\/v2\/media?parent=1293"}],"wp:term":[{"taxonomy":"product_brand","embeddable":true,"href":"https:\/\/magoezequias.com.ar\/tienda\/wp-json\/wp\/v2\/product_brand?post=1293"},{"taxonomy":"product_cat","embeddable":true,"href":"https:\/\/magoezequias.com.ar\/tienda\/wp-json\/wp\/v2\/product_cat?post=1293"},{"taxonomy":"product_tag","embeddable":true,"href":"https:\/\/magoezequias.com.ar\/tienda\/wp-json\/wp\/v2\/product_tag?post=1293"}],"curies":[{"name":"wp","href":"https:\/\/api.w.org\/{rel}","templated":true}]}}