{"id":1320,"date":"2019-02-14T21:28:17","date_gmt":"2019-02-14T21:28:17","guid":{"rendered":"https:\/\/magoezequias.com.ar\/tienda\/?post_type=product&#038;p=1320"},"modified":"2021-10-20T17:09:14","modified_gmt":"2021-10-20T17:09:14","slug":"copa-fantasma-phantom-goblet","status":"publish","type":"product","link":"https:\/\/magoezequias.com.ar\/tienda\/producto\/copa-fantasma-phantom-goblet","title":{"rendered":"Copa Fantasma &#8211; Phantom Goblet"},"content":{"rendered":"<p><a href=\"https:\/\/magoezequias.com.ar\/tienda\/wp-content\/uploads\/2019\/02\/HTB1JNa7ffjM8KJjSZFsq6xdZpXaB-1.jpg\"><img fetchpriority=\"high\" decoding=\"async\" class=\"aligncenter size-full wp-image-1322\" src=\"https:\/\/magoezequias.com.ar\/tienda\/wp-content\/uploads\/2019\/02\/HTB1JNa7ffjM8KJjSZFsq6xdZpXaB-1.jpg\" alt=\"\" width=\"450\" height=\"450\" srcset=\"https:\/\/magoezequias.com.ar\/tienda\/wp-content\/uploads\/2019\/02\/HTB1JNa7ffjM8KJjSZFsq6xdZpXaB-1.jpg 450w, https:\/\/magoezequias.com.ar\/tienda\/wp-content\/uploads\/2019\/02\/HTB1JNa7ffjM8KJjSZFsq6xdZpXaB-1-300x300.jpg 300w, https:\/\/magoezequias.com.ar\/tienda\/wp-content\/uploads\/2019\/02\/HTB1JNa7ffjM8KJjSZFsq6xdZpXaB-1-150x150.jpg 150w, https:\/\/magoezequias.com.ar\/tienda\/wp-content\/uploads\/2019\/02\/HTB1JNa7ffjM8KJjSZFsq6xdZpXaB-1-100x100.jpg 100w\" sizes=\"(max-width: 450px) 100vw, 450px\" \/><\/a><\/p>\n<p style=\"text-align: justify;\">Usted pondr\u00e1 hacer aparecer y desaparecer cualquier liquido en una copa la cantidad de veces que desee\u2026 una verdadera copa fantasma!!!<\/p>\n<p style=\"text-align: justify;\"><span style=\"font-style: inherit; font-weight: inherit;\">Producto profesional<\/span>, completamente hecho a mano. Alta calidad, parece vidrio, pero es pl\u00e1stico para evitar accidentes, por tal motivo no hay necesidad de preocuparse cuando est\u00e1 en uso.<\/p>\n<p style=\"text-align: justify;\"><span style=\"font-style: inherit; font-weight: inherit;\">El tama\u00f1o tambi\u00e9n est\u00e1 cuidadosamente dise\u00f1ado y considerado<\/span>.<\/p>\n<p style=\"text-align: justify;\"><span style=\"font-style: inherit; font-weight: inherit;\">El vino aparece, desaparece, se transporta&#8230;<\/span><\/p>\n<p style=\"text-align: justify;\"><span style=\"font-style: inherit; font-weight: inherit;\">Por ejemplo: el vino desaparece, aparece, se transfiere a una bufanda o a una cinta<\/span><\/p>\n<p style=\"text-align: justify;\"><span style=\"font-style: inherit; font-weight: inherit;\">En resumen, esta es una copa multifuncional.<\/span><\/p>\n<p style=\"text-align: justify;\"><span style=\"font-style: inherit; font-weight: inherit;\">\u00a1El uso es interminable!<\/span><\/p>\n<p>&nbsp;<\/p>\n<p><iframe title=\"Phantom Goblet\" width=\"800\" height=\"450\" src=\"https:\/\/www.youtube.com\/embed\/uaelLv6wTt4?feature=oembed\" frameborder=\"0\" allow=\"accelerometer; autoplay; clipboard-write; encrypted-media; gyroscope; picture-in-picture; web-share\" referrerpolicy=\"strict-origin-when-cross-origin\" allowfullscreen><\/iframe><\/p>\n","protected":false},"excerpt":{"rendered":"<p><span style=\"font-style: inherit; font-weight: inherit;\">\u00a1El uso es interminable!<\/span><\/p>\n","protected":false},"featured_media":1322,"comment_status":"open","ping_status":"closed","template":"","meta":[],"product_brand":[],"product_cat":[10,8,9],"product_tag":[93,509,508,410,185,507,109],"class_list":{"0":"post-1320","1":"product","2":"type-product","3":"status-publish","4":"has-post-thumbnail","6":"product_cat-escena","7":"product_cat-infantil","8":"product_cat-salon","9":"product_tag-copa","10":"product_tag-fantasma","11":"product_tag-goblet","12":"product_tag-leche","13":"product_tag-magic","14":"product_tag-phantom","15":"product_tag-vaso","17":"first","18":"outofstock","19":"shipping-taxable","20":"purchasable","21":"product-type-simple"},"aioseo_notices":[],"_links":{"self":[{"href":"https:\/\/magoezequias.com.ar\/tienda\/wp-json\/wp\/v2\/product\/1320","targetHints":{"allow":["GET"]}}],"collection":[{"href":"https:\/\/magoezequias.com.ar\/tienda\/wp-json\/wp\/v2\/product"}],"about":[{"href":"https:\/\/magoezequias.com.ar\/tienda\/wp-json\/wp\/v2\/types\/product"}],"replies":[{"embeddable":true,"href":"https:\/\/magoezequias.com.ar\/tienda\/wp-json\/wp\/v2\/comments?post=1320"}],"version-history":[{"count":0,"href":"https:\/\/magoezequias.com.ar\/tienda\/wp-json\/wp\/v2\/product\/1320\/revisions"}],"wp:featuredmedia":[{"embeddable":true,"href":"https:\/\/magoezequias.com.ar\/tienda\/wp-json\/wp\/v2\/media\/1322"}],"wp:attachment":[{"href":"https:\/\/magoezequias.com.ar\/tienda\/wp-json\/wp\/v2\/media?parent=1320"}],"wp:term":[{"taxonomy":"product_brand","embeddable":true,"href":"https:\/\/magoezequias.com.ar\/tienda\/wp-json\/wp\/v2\/product_brand?post=1320"},{"taxonomy":"product_cat","embeddable":true,"href":"https:\/\/magoezequias.com.ar\/tienda\/wp-json\/wp\/v2\/product_cat?post=1320"},{"taxonomy":"product_tag","embeddable":true,"href":"https:\/\/magoezequias.com.ar\/tienda\/wp-json\/wp\/v2\/product_tag?post=1320"}],"curies":[{"name":"wp","href":"https:\/\/api.w.org\/{rel}","templated":true}]}}