{"id":1339,"date":"2019-03-12T00:05:56","date_gmt":"2019-03-12T00:05:56","guid":{"rendered":"https:\/\/magoezequias.com.ar\/tienda\/?post_type=product&#038;p=1339"},"modified":"2025-03-21T20:21:27","modified_gmt":"2025-03-21T23:21:27","slug":"copenetro-electronico","status":"publish","type":"product","link":"https:\/\/magoezequias.com.ar\/tienda\/producto\/copenetro-electronico","title":{"rendered":"Copenetro electr\u00f3nico"},"content":{"rendered":"<p><a href=\"https:\/\/magoezequias.com.ar\/tienda\/wp-content\/uploads\/2019\/03\/copenetro.jpg\"><img fetchpriority=\"high\" decoding=\"async\" class=\"aligncenter size-full wp-image-1340\" src=\"https:\/\/magoezequias.com.ar\/tienda\/wp-content\/uploads\/2019\/03\/copenetro.jpg\" alt=\"\" width=\"448\" height=\"308\" srcset=\"https:\/\/magoezequias.com.ar\/tienda\/wp-content\/uploads\/2019\/03\/copenetro.jpg 448w, https:\/\/magoezequias.com.ar\/tienda\/wp-content\/uploads\/2019\/03\/copenetro-300x206.jpg 300w\" sizes=\"(max-width: 448px) 100vw, 448px\" \/><\/a><\/p>\n<p style=\"text-align: justify;\">Este es uno de los efectos m\u00e1gicos m\u00e1s impactantes que puedas presenciar en un espect\u00e1culo de magia. Las monedas que desaparecen y viajan por el aire, para penetrar a trav\u00e9s de un vaso de cristal boca abajo, y aparecer en un peque\u00f1o vasito boca arriba.<\/p>\n<p style=\"text-align: justify;\">El int\u00e9rprete comienza mostrando cuatro monedas de medio d\u00f3lar, luego las lanza al aire, pero de repente desaparecen s\u00f3lo para ser escuchado llegar a trav\u00e9s del cristal. La moneda penetra visiblemente en un vaso invertido, aterrizando en un vaso que se encuentra boca arriba.<\/p>\n<p style=\"text-align: justify;\">Esta secuencia se repite cuatro veces en total.<\/p>\n<p style=\"text-align: justify;\">Funciona con pilas AA, a control remoto, estando todo bajo su mando, haciendo caer la moneda en el vaso cuando usted lo desee.<\/p>\n<p style=\"text-align: justify;\">Usted recibe la bandeja especialmente fabricada, con un control remoto de un solo bot\u00f3n.<\/p>\n<p style=\"text-align: justify;\">Si desea la bandeja puede montarse en un pie con tr\u00edpode y ruedas para que simule ser una mesa ( COSTO 430 DOLARES).<\/p>\n<p><iframe src=\"https:\/\/www.youtube.com\/embed\/3RvICYJ1pR0\" width=\"560\" height=\"315\" frameborder=\"0\" allowfullscreen=\"allowfullscreen\"><\/iframe><\/p>\n","protected":false},"excerpt":{"rendered":"<p>COSTO 420 D\u00d3LARES<\/p>\n<p>Un efecto ideal para sal\u00f3n&#8230;<\/p>\n","protected":false},"featured_media":1340,"comment_status":"open","ping_status":"closed","template":"","meta":[],"product_brand":[],"product_cat":[11,9],"product_tag":[155,514,501,515,156],"class_list":{"0":"post-1339","1":"product","2":"type-product","3":"status-publish","4":"has-post-thumbnail","6":"product_cat-close-up","7":"product_cat-salon","8":"product_tag-control","9":"product_tag-copenetro","10":"product_tag-electronica","11":"product_tag-monedas","12":"product_tag-remoto","14":"first","15":"instock","16":"shipping-taxable","17":"product-type-simple"},"aioseo_notices":[],"_links":{"self":[{"href":"https:\/\/magoezequias.com.ar\/tienda\/wp-json\/wp\/v2\/product\/1339","targetHints":{"allow":["GET"]}}],"collection":[{"href":"https:\/\/magoezequias.com.ar\/tienda\/wp-json\/wp\/v2\/product"}],"about":[{"href":"https:\/\/magoezequias.com.ar\/tienda\/wp-json\/wp\/v2\/types\/product"}],"replies":[{"embeddable":true,"href":"https:\/\/magoezequias.com.ar\/tienda\/wp-json\/wp\/v2\/comments?post=1339"}],"version-history":[{"count":1,"href":"https:\/\/magoezequias.com.ar\/tienda\/wp-json\/wp\/v2\/product\/1339\/revisions"}],"predecessor-version":[{"id":18206,"href":"https:\/\/magoezequias.com.ar\/tienda\/wp-json\/wp\/v2\/product\/1339\/revisions\/18206"}],"wp:featuredmedia":[{"embeddable":true,"href":"https:\/\/magoezequias.com.ar\/tienda\/wp-json\/wp\/v2\/media\/1340"}],"wp:attachment":[{"href":"https:\/\/magoezequias.com.ar\/tienda\/wp-json\/wp\/v2\/media?parent=1339"}],"wp:term":[{"taxonomy":"product_brand","embeddable":true,"href":"https:\/\/magoezequias.com.ar\/tienda\/wp-json\/wp\/v2\/product_brand?post=1339"},{"taxonomy":"product_cat","embeddable":true,"href":"https:\/\/magoezequias.com.ar\/tienda\/wp-json\/wp\/v2\/product_cat?post=1339"},{"taxonomy":"product_tag","embeddable":true,"href":"https:\/\/magoezequias.com.ar\/tienda\/wp-json\/wp\/v2\/product_tag?post=1339"}],"curies":[{"name":"wp","href":"https:\/\/api.w.org\/{rel}","templated":true}]}}