{"id":1356,"date":"2019-04-06T00:21:26","date_gmt":"2019-04-06T00:21:26","guid":{"rendered":"https:\/\/magoezequias.com.ar\/tienda\/?post_type=product&#038;p=1356"},"modified":"2024-08-11T16:13:47","modified_gmt":"2024-08-11T16:13:47","slug":"pintando-panuelos-payaso","status":"publish","type":"product","link":"https:\/\/magoezequias.com.ar\/tienda\/producto\/pintando-panuelos-payaso","title":{"rendered":"Pintando Pa\u00f1uelos &#8211; Payaso"},"content":{"rendered":"<p><a href=\"https:\/\/magoezequias.com.ar\/tienda\/wp-content\/uploads\/2019\/04\/pa\u00f1uelo-payaso.jpg\"><img fetchpriority=\"high\" decoding=\"async\" class=\"aligncenter size-full wp-image-1358\" src=\"https:\/\/magoezequias.com.ar\/tienda\/wp-content\/uploads\/2019\/04\/pa\u00f1uelo-payaso.jpg\" alt=\"\" width=\"1372\" height=\"1732\" srcset=\"https:\/\/magoezequias.com.ar\/tienda\/wp-content\/uploads\/2019\/04\/pa\u00f1uelo-payaso.jpg 1372w, https:\/\/magoezequias.com.ar\/tienda\/wp-content\/uploads\/2019\/04\/pa\u00f1uelo-payaso-238x300.jpg 238w, https:\/\/magoezequias.com.ar\/tienda\/wp-content\/uploads\/2019\/04\/pa\u00f1uelo-payaso-768x970.jpg 768w, https:\/\/magoezequias.com.ar\/tienda\/wp-content\/uploads\/2019\/04\/pa\u00f1uelo-payaso-811x1024.jpg 811w, https:\/\/magoezequias.com.ar\/tienda\/wp-content\/uploads\/2019\/04\/pa\u00f1uelo-payaso-300x379.jpg 300w\" sizes=\"(max-width: 1372px) 100vw, 1372px\" \/><\/a><\/p>\n<p style=\"text-align: justify;\">El mago muestra varias im\u00e1genes de personajes coloridos y juguetes de ni\u00f1os, llama a un ayudante para que elija uno al azar y le explica que m\u00e1gicamente lograra que esa imagen aparezca en un pa\u00f1uelo de color blanco.\u00a0El mago da a revisar el pa\u00f1uelo y muestra vac\u00eda la bolsa donde lo colocara.<\/p>\n<p>Se solicita al ayudante que piense en la imagen seleccionada, por ejemplo un payaso, y al retirar el pa\u00f1uelo all\u00ed aparece dibujado, pero esta en blanco y negro.<\/p>\n<p>Esto sorprende al mago y dice que tendremos que colaborar entre todos con nuestro amigo. Se coloca nuevamente el pa\u00f1uelo con el payaso en la bolsa y los ni\u00f1os lanzaran colores.<\/p>\n<p style=\"text-align: justify;\">Se retira el pa\u00f1uelo de la bolsa y ahora se ve una imagen con un mont\u00f3n de colores en formas de manchas, generando esto mucha comedia.<\/p>\n<p style=\"text-align: justify;\">Solicitamos la \u00faltima oportunidad para logar nuestro efecto m\u00e1gico, cambiando la varita y todos diciendo las palabras m\u00e1gicas. Nuestro ayudante retira el pa\u00f1uelo de la bolsa, la cual se muestra vac\u00eda y finalmente nuestro colorido payaso aparece.<\/p>\n<p><a href=\"https:\/\/magoezequias.com.ar\/tienda\/wp-content\/uploads\/2019\/04\/pa\u00f1uelo-payaso-44.jpg\"><img decoding=\"async\" class=\"aligncenter size-full wp-image-1357\" src=\"https:\/\/magoezequias.com.ar\/tienda\/wp-content\/uploads\/2019\/04\/pa\u00f1uelo-payaso-44.jpg\" alt=\"\" width=\"448\" height=\"302\" srcset=\"https:\/\/magoezequias.com.ar\/tienda\/wp-content\/uploads\/2019\/04\/pa\u00f1uelo-payaso-44.jpg 448w, https:\/\/magoezequias.com.ar\/tienda\/wp-content\/uploads\/2019\/04\/pa\u00f1uelo-payaso-44-300x202.jpg 300w\" sizes=\"(max-width: 448px) 100vw, 448px\" \/><\/a><\/p>\n<p style=\"text-align: justify;\">Una rutina muy m\u00e1gica, divertida y s\u00faper visual a gran distancia por el tama\u00f1o de los elementos, ideal para presentar en escena.<\/p>\n<p style=\"text-align: justify;\">Los pa\u00f1uelos est\u00e1n impresos con colores muy vivos, son de muy buena calidad, de 45 x 45 cent\u00edmetros, se pueden lavar y planchar.<\/p>\n<p style=\"text-align: justify;\">Usted recibe:<\/p>\n<p>Pa\u00f1uelo blanco<br \/>\nPa\u00f1uelo con payaso en blanco y negro<br \/>\nPa\u00f1uelo con payaso y manchas<br \/>\nPa\u00f1uelo con payaso bien pintado<\/p>\n<p style=\"text-align: justify;\">Cartas Jumbo, laminadas, con im\u00e1genes muy coloridas.<\/p>\n<p style=\"text-align: center;\"><a href=\"https:\/\/magoezequias.com.ar\/tienda\/wp-content\/uploads\/2019\/04\/p4.jpg\"><img decoding=\"async\" class=\"aligncenter size-full wp-image-1361\" src=\"https:\/\/magoezequias.com.ar\/tienda\/wp-content\/uploads\/2019\/04\/p4.jpg\" alt=\"\" width=\"768\" height=\"941\" srcset=\"https:\/\/magoezequias.com.ar\/tienda\/wp-content\/uploads\/2019\/04\/p4.jpg 768w, https:\/\/magoezequias.com.ar\/tienda\/wp-content\/uploads\/2019\/04\/p4-245x300.jpg 245w, https:\/\/magoezequias.com.ar\/tienda\/wp-content\/uploads\/2019\/04\/p4-300x368.jpg 300w\" sizes=\"(max-width: 768px) 100vw, 768px\" \/><\/a><\/p>\n<p style=\"text-align: justify;\">Bolsa de Cambio no incluida; usted debe usar la suya u otro elemento o mecanismo para cambiar los pa\u00f1uelos.<\/p>\n<p>&nbsp;<\/p>\n<p><iframe src=\"https:\/\/www.youtube.com\/embed\/0bHVBDp9alk\" width=\"560\" height=\"315\" frameborder=\"0\" allowfullscreen=\"allowfullscreen\"><\/iframe><\/p>\n","protected":false},"excerpt":{"rendered":"<p>Una rutina muy visual y divertida. Ideal para escena y sal\u00f3n!!!<\/p>\n","protected":false},"featured_media":1357,"comment_status":"open","ping_status":"closed","template":"","meta":[],"product_brand":[],"product_cat":[60,8,319],"product_tag":[261,204,52,31,519],"class_list":{"0":"post-1356","1":"product","2":"type-product","3":"status-publish","4":"has-post-thumbnail","6":"product_cat-ezequias-2","7":"product_cat-infantil","8":"product_cat-principiantes","9":"product_tag-colores","10":"product_tag-libro","11":"product_tag-panuelo","12":"product_tag-payaso","13":"product_tag-pintando","15":"first","16":"instock","17":"shipping-taxable","18":"purchasable","19":"product-type-simple"},"aioseo_notices":[],"_links":{"self":[{"href":"https:\/\/magoezequias.com.ar\/tienda\/wp-json\/wp\/v2\/product\/1356","targetHints":{"allow":["GET"]}}],"collection":[{"href":"https:\/\/magoezequias.com.ar\/tienda\/wp-json\/wp\/v2\/product"}],"about":[{"href":"https:\/\/magoezequias.com.ar\/tienda\/wp-json\/wp\/v2\/types\/product"}],"replies":[{"embeddable":true,"href":"https:\/\/magoezequias.com.ar\/tienda\/wp-json\/wp\/v2\/comments?post=1356"}],"version-history":[{"count":0,"href":"https:\/\/magoezequias.com.ar\/tienda\/wp-json\/wp\/v2\/product\/1356\/revisions"}],"wp:featuredmedia":[{"embeddable":true,"href":"https:\/\/magoezequias.com.ar\/tienda\/wp-json\/wp\/v2\/media\/1357"}],"wp:attachment":[{"href":"https:\/\/magoezequias.com.ar\/tienda\/wp-json\/wp\/v2\/media?parent=1356"}],"wp:term":[{"taxonomy":"product_brand","embeddable":true,"href":"https:\/\/magoezequias.com.ar\/tienda\/wp-json\/wp\/v2\/product_brand?post=1356"},{"taxonomy":"product_cat","embeddable":true,"href":"https:\/\/magoezequias.com.ar\/tienda\/wp-json\/wp\/v2\/product_cat?post=1356"},{"taxonomy":"product_tag","embeddable":true,"href":"https:\/\/magoezequias.com.ar\/tienda\/wp-json\/wp\/v2\/product_tag?post=1356"}],"curies":[{"name":"wp","href":"https:\/\/api.w.org\/{rel}","templated":true}]}}