{"id":1372,"date":"2019-04-11T12:17:36","date_gmt":"2019-04-11T12:17:36","guid":{"rendered":"https:\/\/magoezequias.com.ar\/tienda\/?post_type=product&#038;p=1372"},"modified":"2020-02-14T19:29:44","modified_gmt":"2020-02-14T19:29:44","slug":"cadena-de-luces-en-la-boca","status":"publish","type":"product","link":"https:\/\/magoezequias.com.ar\/tienda\/producto\/cadena-de-luces-en-la-boca","title":{"rendered":"Cadena de luces en la boca"},"content":{"rendered":"<p><a href=\"https:\/\/magoezequias.com.ar\/tienda\/wp-content\/uploads\/2019\/04\/CADENA-LUCES-BOCA-2.jpg\"><img fetchpriority=\"high\" decoding=\"async\" class=\"aligncenter size-full wp-image-1374\" src=\"https:\/\/magoezequias.com.ar\/tienda\/wp-content\/uploads\/2019\/04\/CADENA-LUCES-BOCA-2.jpg\" alt=\"\" width=\"974\" height=\"768\" srcset=\"https:\/\/magoezequias.com.ar\/tienda\/wp-content\/uploads\/2019\/04\/CADENA-LUCES-BOCA-2.jpg 974w, https:\/\/magoezequias.com.ar\/tienda\/wp-content\/uploads\/2019\/04\/CADENA-LUCES-BOCA-2-300x237.jpg 300w, https:\/\/magoezequias.com.ar\/tienda\/wp-content\/uploads\/2019\/04\/CADENA-LUCES-BOCA-2-768x606.jpg 768w\" sizes=\"(max-width: 974px) 100vw, 974px\" \/><\/a><\/p>\n<p style=\"text-align: justify;\">Este es un efecto visual muy espectacular ya que el mago logra sacar una cadena de luces de su boca previamente vac\u00eda.<\/p>\n<p>&nbsp;<\/p>\n<p style=\"text-align: justify;\">Ideal para presentar dentro de una rutina de delit y musical.<\/p>\n<p style=\"text-align: justify;\">La longitud de la cadena de luz es de aproximadamente 88 cm, se dobla y queda extremadamente peque\u00f1a y compacta, lo que hace que sea una pieza sencilla y pr\u00e1ctica para realizar. Hay 8 leds en la cuerda y un falso pulgar est\u00e1 incluido.<\/p>\n<p>&nbsp;<\/p>\n<p><iframe src=\"https:\/\/www.youtube.com\/embed\/drYGYRZ3qWg\" width=\"560\" height=\"315\" frameborder=\"0\" allowfullscreen=\"allowfullscreen\"><\/iframe><\/p>\n","protected":false},"excerpt":{"rendered":"<p>Sencillo efecto y muy visual!!!<\/p>\n","protected":false},"featured_media":1374,"comment_status":"open","ping_status":"closed","template":"","meta":[],"product_brand":[],"product_cat":[7,10,8,9],"product_tag":[169,520,325,521,460],"class_list":{"0":"post-1372","1":"product","2":"type-product","3":"status-publish","4":"has-post-thumbnail","6":"product_cat-accesorios","7":"product_cat-escena","8":"product_cat-infantil","9":"product_cat-salon","10":"product_tag-boca","11":"product_tag-cadena","12":"product_tag-delit","13":"product_tag-led","14":"product_tag-luces","16":"first","17":"outofstock","18":"shipping-taxable","19":"purchasable","20":"product-type-simple"},"aioseo_notices":[],"_links":{"self":[{"href":"https:\/\/magoezequias.com.ar\/tienda\/wp-json\/wp\/v2\/product\/1372","targetHints":{"allow":["GET"]}}],"collection":[{"href":"https:\/\/magoezequias.com.ar\/tienda\/wp-json\/wp\/v2\/product"}],"about":[{"href":"https:\/\/magoezequias.com.ar\/tienda\/wp-json\/wp\/v2\/types\/product"}],"replies":[{"embeddable":true,"href":"https:\/\/magoezequias.com.ar\/tienda\/wp-json\/wp\/v2\/comments?post=1372"}],"version-history":[{"count":0,"href":"https:\/\/magoezequias.com.ar\/tienda\/wp-json\/wp\/v2\/product\/1372\/revisions"}],"wp:featuredmedia":[{"embeddable":true,"href":"https:\/\/magoezequias.com.ar\/tienda\/wp-json\/wp\/v2\/media\/1374"}],"wp:attachment":[{"href":"https:\/\/magoezequias.com.ar\/tienda\/wp-json\/wp\/v2\/media?parent=1372"}],"wp:term":[{"taxonomy":"product_brand","embeddable":true,"href":"https:\/\/magoezequias.com.ar\/tienda\/wp-json\/wp\/v2\/product_brand?post=1372"},{"taxonomy":"product_cat","embeddable":true,"href":"https:\/\/magoezequias.com.ar\/tienda\/wp-json\/wp\/v2\/product_cat?post=1372"},{"taxonomy":"product_tag","embeddable":true,"href":"https:\/\/magoezequias.com.ar\/tienda\/wp-json\/wp\/v2\/product_tag?post=1372"}],"curies":[{"name":"wp","href":"https:\/\/api.w.org\/{rel}","templated":true}]}}