{"id":1385,"date":"2019-04-15T23:20:12","date_gmt":"2019-04-15T23:20:12","guid":{"rendered":"https:\/\/magoezequias.com.ar\/tienda\/?post_type=product&#038;p=1385"},"modified":"2019-11-20T00:26:06","modified_gmt":"2019-11-20T00:26:06","slug":"simpson-pasa-pasa","status":"publish","type":"product","link":"https:\/\/magoezequias.com.ar\/tienda\/producto\/simpson-pasa-pasa","title":{"rendered":"Simpson pasa pasa"},"content":{"rendered":"<p><a href=\"https:\/\/magoezequias.com.ar\/tienda\/wp-content\/uploads\/2019\/04\/p8.jpg\"><img fetchpriority=\"high\" decoding=\"async\" class=\"aligncenter size-full wp-image-1365\" src=\"https:\/\/magoezequias.com.ar\/tienda\/wp-content\/uploads\/2019\/04\/p8.jpg\" alt=\"\" width=\"1024\" height=\"639\" srcset=\"https:\/\/magoezequias.com.ar\/tienda\/wp-content\/uploads\/2019\/04\/p8.jpg 1024w, https:\/\/magoezequias.com.ar\/tienda\/wp-content\/uploads\/2019\/04\/p8-300x187.jpg 300w, https:\/\/magoezequias.com.ar\/tienda\/wp-content\/uploads\/2019\/04\/p8-768x479.jpg 768w\" sizes=\"(max-width: 1024px) 100vw, 1024px\" \/><\/a><\/p>\n<p style=\"text-align: justify;\">Si ya estas cansado de llevar pesados pasa pasa que ocupan mucho lugar en t\u00fa maleta esta es una muy buena opci\u00f3n para tener en cuenta.<\/p>\n<p style=\"text-align: justify;\">\n<p style=\"text-align: justify;\">Realizado con los personajes de los Simpson, donde Bart y Liza cambiaran de lugar dentro de un sobre celeste y otro roza, cada uno con su ventana para que puedan verlos. Los personajes cambiar\u00e1n de lugar las veces que usted quiera.<\/p>\n<p style=\"text-align: justify;\"><a href=\"https:\/\/magoezequias.com.ar\/tienda\/wp-content\/uploads\/2019\/04\/p9.jpg\"><img decoding=\"async\" class=\"aligncenter size-full wp-image-1366\" src=\"https:\/\/magoezequias.com.ar\/tienda\/wp-content\/uploads\/2019\/04\/p9.jpg\" alt=\"\" width=\"945\" height=\"768\" srcset=\"https:\/\/magoezequias.com.ar\/tienda\/wp-content\/uploads\/2019\/04\/p9.jpg 945w, https:\/\/magoezequias.com.ar\/tienda\/wp-content\/uploads\/2019\/04\/p9-300x244.jpg 300w, https:\/\/magoezequias.com.ar\/tienda\/wp-content\/uploads\/2019\/04\/p9-768x624.jpg 768w\" sizes=\"(max-width: 945px) 100vw, 945px\" \/><\/a><\/p>\n<p style=\"text-align: justify;\">Como en la versi\u00f3n cl\u00e1sica cuando los chicos crean que descubrieron el secreto y que solo giras los sobres, viene el remate final y m\u00e1gico para sorprenderlos a todos!!!<\/p>\n<p style=\"text-align: justify;\">\n<p style=\"text-align: justify;\">Usted recibe dos sobres coloridos con ventana en su parte frontal; las bases de madera para que se mantengan parados sobre su mesa de trabajo y las cartas semijumbo para la rutina.<\/p>\n<p style=\"text-align: justify;\"><a href=\"https:\/\/magoezequias.com.ar\/tienda\/wp-content\/uploads\/2019\/04\/p7.jpg\"><img decoding=\"async\" class=\"aligncenter size-full wp-image-1364\" src=\"https:\/\/magoezequias.com.ar\/tienda\/wp-content\/uploads\/2019\/04\/p7.jpg\" alt=\"\" width=\"1024\" height=\"639\" srcset=\"https:\/\/magoezequias.com.ar\/tienda\/wp-content\/uploads\/2019\/04\/p7.jpg 1024w, https:\/\/magoezequias.com.ar\/tienda\/wp-content\/uploads\/2019\/04\/p7-300x187.jpg 300w, https:\/\/magoezequias.com.ar\/tienda\/wp-content\/uploads\/2019\/04\/p7-768x479.jpg 768w\" sizes=\"(max-width: 1024px) 100vw, 1024px\" \/><\/a><\/p>\n<p style=\"text-align: justify;\">Muy f\u00e1cil de realizar para que se dedique s\u00f3lo a la presentaci\u00f3n, no ocupa lugar y es muy visual a gran distancia. Construido en cart\u00f3n laminado.<\/p>\n","protected":false},"excerpt":{"rendered":"<p>Un efecto muy visual y con mucha comedia!!!<\/p>\n","protected":false},"featured_media":1365,"comment_status":"open","ping_status":"closed","template":"","meta":[],"product_brand":[],"product_cat":[60,8],"product_tag":[38,522],"class_list":{"0":"post-1385","1":"product","2":"type-product","3":"status-publish","4":"has-post-thumbnail","6":"product_cat-ezequias-2","7":"product_cat-infantil","8":"product_tag-pasa","9":"product_tag-simpson","11":"first","12":"instock","13":"shipping-taxable","14":"purchasable","15":"product-type-simple"},"aioseo_notices":[],"_links":{"self":[{"href":"https:\/\/magoezequias.com.ar\/tienda\/wp-json\/wp\/v2\/product\/1385","targetHints":{"allow":["GET"]}}],"collection":[{"href":"https:\/\/magoezequias.com.ar\/tienda\/wp-json\/wp\/v2\/product"}],"about":[{"href":"https:\/\/magoezequias.com.ar\/tienda\/wp-json\/wp\/v2\/types\/product"}],"replies":[{"embeddable":true,"href":"https:\/\/magoezequias.com.ar\/tienda\/wp-json\/wp\/v2\/comments?post=1385"}],"version-history":[{"count":0,"href":"https:\/\/magoezequias.com.ar\/tienda\/wp-json\/wp\/v2\/product\/1385\/revisions"}],"wp:featuredmedia":[{"embeddable":true,"href":"https:\/\/magoezequias.com.ar\/tienda\/wp-json\/wp\/v2\/media\/1365"}],"wp:attachment":[{"href":"https:\/\/magoezequias.com.ar\/tienda\/wp-json\/wp\/v2\/media?parent=1385"}],"wp:term":[{"taxonomy":"product_brand","embeddable":true,"href":"https:\/\/magoezequias.com.ar\/tienda\/wp-json\/wp\/v2\/product_brand?post=1385"},{"taxonomy":"product_cat","embeddable":true,"href":"https:\/\/magoezequias.com.ar\/tienda\/wp-json\/wp\/v2\/product_cat?post=1385"},{"taxonomy":"product_tag","embeddable":true,"href":"https:\/\/magoezequias.com.ar\/tienda\/wp-json\/wp\/v2\/product_tag?post=1385"}],"curies":[{"name":"wp","href":"https:\/\/api.w.org\/{rel}","templated":true}]}}