{"id":1401,"date":"2019-05-05T00:26:32","date_gmt":"2019-05-05T00:26:32","guid":{"rendered":"https:\/\/magoezequias.com.ar\/tienda\/?post_type=product&#038;p=1401"},"modified":"2023-01-01T10:03:02","modified_gmt":"2023-01-01T10:03:02","slug":"cocina-magica-torta","status":"publish","type":"product","link":"https:\/\/magoezequias.com.ar\/tienda\/producto\/cocina-magica-torta","title":{"rendered":"Cocina M\u00e1gica &#8211; Torta"},"content":{"rendered":"<p><a href=\"https:\/\/magoezequias.com.ar\/tienda\/wp-content\/uploads\/2019\/05\/Cocina-M\u00e1gica-Torta-2.jpg\"><img fetchpriority=\"high\" decoding=\"async\" class=\"wp-image-1405 alignleft\" src=\"https:\/\/magoezequias.com.ar\/tienda\/wp-content\/uploads\/2019\/05\/Cocina-M\u00e1gica-Torta-2.jpg\" alt=\"\" width=\"234\" height=\"299\" srcset=\"https:\/\/magoezequias.com.ar\/tienda\/wp-content\/uploads\/2019\/05\/Cocina-M\u00e1gica-Torta-2.jpg 768w, https:\/\/magoezequias.com.ar\/tienda\/wp-content\/uploads\/2019\/05\/Cocina-M\u00e1gica-Torta-2-235x300.jpg 235w, https:\/\/magoezequias.com.ar\/tienda\/wp-content\/uploads\/2019\/05\/Cocina-M\u00e1gica-Torta-2-300x383.jpg 300w\" sizes=\"(max-width: 234px) 100vw, 234px\" \/><\/a><a href=\"https:\/\/magoezequias.com.ar\/tienda\/wp-content\/uploads\/2019\/05\/Cocina-M\u00e1gica-Torta-3.jpg\"><img decoding=\"async\" class=\"wp-image-1404 alignleft\" src=\"https:\/\/magoezequias.com.ar\/tienda\/wp-content\/uploads\/2019\/05\/Cocina-M\u00e1gica-Torta-3.jpg\" alt=\"\" width=\"232\" height=\"296\" srcset=\"https:\/\/magoezequias.com.ar\/tienda\/wp-content\/uploads\/2019\/05\/Cocina-M\u00e1gica-Torta-3.jpg 768w, https:\/\/magoezequias.com.ar\/tienda\/wp-content\/uploads\/2019\/05\/Cocina-M\u00e1gica-Torta-3-235x300.jpg 235w, https:\/\/magoezequias.com.ar\/tienda\/wp-content\/uploads\/2019\/05\/Cocina-M\u00e1gica-Torta-3-300x383.jpg 300w\" sizes=\"(max-width: 232px) 100vw, 232px\" \/><\/a><\/p>\n<p>&nbsp;<\/p>\n<p>&nbsp;<\/p>\n<p>&nbsp;<\/p>\n<p>&nbsp;<\/p>\n<p>&nbsp;<\/p>\n<p>&nbsp;<\/p>\n<p>&nbsp;<\/p>\n<p>&nbsp;<\/p>\n<p>&nbsp;<\/p>\n<p style=\"text-align: justify;\">El mago propone cocinar una torta de cumplea\u00f1os en el transcurso del show. Solicita un ayudante y comienza a colocar los ingredientes dentro de una bolsa-batidora.<\/p>\n<p>Disfrute del video y toda la rutina&#8230;<\/p>\n<p style=\"text-align: justify;\">Una rutina muy pr\u00e1ctica, con mucha comedia, participaci\u00f3n y humor. S\u00faper visual a gran distancia por el tama\u00f1o de los elementos, ideal para presentar en escena.<\/p>\n<p>&nbsp;<\/p>\n<p style=\"text-align: justify;\">Los pa\u00f1uelos est\u00e1n impresos con colores muy vivos, son de muy buena calidad, de 45 x 45 cent\u00edmetros, se pueden lavar y planchar.<\/p>\n<p>&nbsp;<\/p>\n<p style=\"text-align: justify;\">Usted recibe:<\/p>\n<p>1 Pa\u00f1uelo torta quemada<\/p>\n<p>1 Pa\u00f1uelo torta<\/p>\n<p>3 Pa\u00f1uelos peque\u00f1os con ingredientes: Harina, huevos, leche<\/p>\n<p>1 Bolsa trucada y con im\u00e1genes de la batidora y cocina.<\/p>\n<p>&nbsp;<\/p>\n<p><iframe src=\"https:\/\/www.youtube.com\/embed\/n5t5YepbOHk\" width=\"560\" height=\"315\" frameborder=\"0\" allowfullscreen=\"allowfullscreen\"><\/iframe><\/p>\n","protected":false},"excerpt":{"rendered":"<p>Una rutina muy divertida para magia infantil<\/p>\n","protected":false},"featured_media":1406,"comment_status":"open","ping_status":"closed","template":"","meta":[],"product_brand":[],"product_cat":[60,8,319],"product_tag":[526,528,27,527],"class_list":{"0":"post-1401","1":"product","2":"type-product","3":"status-publish","4":"has-post-thumbnail","6":"product_cat-ezequias-2","7":"product_cat-infantil","8":"product_cat-principiantes","9":"product_tag-cocina","10":"product_tag-cumpleano","11":"product_tag-magica","12":"product_tag-torta","14":"first","15":"instock","16":"shipping-taxable","17":"purchasable","18":"product-type-simple"},"aioseo_notices":[],"_links":{"self":[{"href":"https:\/\/magoezequias.com.ar\/tienda\/wp-json\/wp\/v2\/product\/1401","targetHints":{"allow":["GET"]}}],"collection":[{"href":"https:\/\/magoezequias.com.ar\/tienda\/wp-json\/wp\/v2\/product"}],"about":[{"href":"https:\/\/magoezequias.com.ar\/tienda\/wp-json\/wp\/v2\/types\/product"}],"replies":[{"embeddable":true,"href":"https:\/\/magoezequias.com.ar\/tienda\/wp-json\/wp\/v2\/comments?post=1401"}],"version-history":[{"count":0,"href":"https:\/\/magoezequias.com.ar\/tienda\/wp-json\/wp\/v2\/product\/1401\/revisions"}],"wp:featuredmedia":[{"embeddable":true,"href":"https:\/\/magoezequias.com.ar\/tienda\/wp-json\/wp\/v2\/media\/1406"}],"wp:attachment":[{"href":"https:\/\/magoezequias.com.ar\/tienda\/wp-json\/wp\/v2\/media?parent=1401"}],"wp:term":[{"taxonomy":"product_brand","embeddable":true,"href":"https:\/\/magoezequias.com.ar\/tienda\/wp-json\/wp\/v2\/product_brand?post=1401"},{"taxonomy":"product_cat","embeddable":true,"href":"https:\/\/magoezequias.com.ar\/tienda\/wp-json\/wp\/v2\/product_cat?post=1401"},{"taxonomy":"product_tag","embeddable":true,"href":"https:\/\/magoezequias.com.ar\/tienda\/wp-json\/wp\/v2\/product_tag?post=1401"}],"curies":[{"name":"wp","href":"https:\/\/api.w.org\/{rel}","templated":true}]}}