{"id":143,"date":"2014-11-10T21:41:10","date_gmt":"2014-11-10T21:41:10","guid":{"rendered":"https:\/\/magoezequias.com.ar\/tienda\/?post_type=product&#038;p=143"},"modified":"2022-08-06T00:17:59","modified_gmt":"2022-08-06T00:17:59","slug":"agua-en-el-diario","status":"publish","type":"product","link":"https:\/\/magoezequias.com.ar\/tienda\/producto\/agua-en-el-diario","title":{"rendered":"Agua en el diario"},"content":{"rendered":"<p><a href=\"https:\/\/magoezequias.com.ar\/tienda\/wp-content\/uploads\/2014\/11\/agua_en_el_diario.jpg\"><img fetchpriority=\"high\" decoding=\"async\" class=\"alignnone size-full wp-image-144\" src=\"https:\/\/magoezequias.com.ar\/tienda\/wp-content\/uploads\/2014\/11\/agua_en_el_diario.jpg\" alt=\"agua_en_el_diario\" width=\"200\" height=\"250\" \/><\/a><\/p>\n<p>Se muestra un peri\u00f3dico por todos lados, se dobla y se tira agua en su interior. Luego se desdobla y se abre hoja por hoja, demostrando que el agua desapareci\u00f3.<br \/>\n\u201cTambi\u00e9n puede girar hac\u00eda abajo para demostrar que no tiene ning\u00fan tipo de bolsa en su interior\u201d. Por \u00faltimo se cierra el peri\u00f3dico y el agua vuelve a aparecer mostrando todas sus hojas totalmente secas.<br \/>\nComo final en lugar de hacer aparecer el agua puede hacer aparecer cualquier otro l\u00edquido.<\/p>\n<p>F\u00e1cil de realizar. Se puede utilizar m\u00faltiples\u00a0veces.<\/p>\n","protected":false},"excerpt":{"rendered":"<p>Un juego muy impactante e insustituible en la rutina de un mago.\u00a0F\u00e1cil de realizar. Se puede utilizar m\u00faltiples\u00a0veces.<\/p>\n","protected":false},"featured_media":144,"comment_status":"open","ping_status":"closed","template":"","meta":[],"product_brand":[],"product_cat":[10,8,9],"product_tag":[73,74],"class_list":{"0":"post-143","1":"product","2":"type-product","3":"status-publish","4":"has-post-thumbnail","6":"product_cat-escena","7":"product_cat-infantil","8":"product_cat-salon","9":"product_tag-agua","10":"product_tag-diario","12":"first","13":"outofstock","14":"shipping-taxable","15":"purchasable","16":"product-type-simple"},"aioseo_notices":[],"_links":{"self":[{"href":"https:\/\/magoezequias.com.ar\/tienda\/wp-json\/wp\/v2\/product\/143","targetHints":{"allow":["GET"]}}],"collection":[{"href":"https:\/\/magoezequias.com.ar\/tienda\/wp-json\/wp\/v2\/product"}],"about":[{"href":"https:\/\/magoezequias.com.ar\/tienda\/wp-json\/wp\/v2\/types\/product"}],"replies":[{"embeddable":true,"href":"https:\/\/magoezequias.com.ar\/tienda\/wp-json\/wp\/v2\/comments?post=143"}],"version-history":[{"count":0,"href":"https:\/\/magoezequias.com.ar\/tienda\/wp-json\/wp\/v2\/product\/143\/revisions"}],"wp:featuredmedia":[{"embeddable":true,"href":"https:\/\/magoezequias.com.ar\/tienda\/wp-json\/wp\/v2\/media\/144"}],"wp:attachment":[{"href":"https:\/\/magoezequias.com.ar\/tienda\/wp-json\/wp\/v2\/media?parent=143"}],"wp:term":[{"taxonomy":"product_brand","embeddable":true,"href":"https:\/\/magoezequias.com.ar\/tienda\/wp-json\/wp\/v2\/product_brand?post=143"},{"taxonomy":"product_cat","embeddable":true,"href":"https:\/\/magoezequias.com.ar\/tienda\/wp-json\/wp\/v2\/product_cat?post=143"},{"taxonomy":"product_tag","embeddable":true,"href":"https:\/\/magoezequias.com.ar\/tienda\/wp-json\/wp\/v2\/product_tag?post=143"}],"curies":[{"name":"wp","href":"https:\/\/api.w.org\/{rel}","templated":true}]}}