{"id":1431,"date":"2019-05-23T13:16:49","date_gmt":"2019-05-23T13:16:49","guid":{"rendered":"https:\/\/magoezequias.com.ar\/tienda\/?post_type=product&#038;p=1431"},"modified":"2019-11-25T14:53:32","modified_gmt":"2019-11-25T14:53:32","slug":"panuelo-carta-baraja-espanola","status":"publish","type":"product","link":"https:\/\/magoezequias.com.ar\/tienda\/producto\/panuelo-carta-baraja-espanola","title":{"rendered":"Pa\u00f1uelo carta (baraja Espa\u00f1ola)"},"content":{"rendered":"<p style=\"text-align: justify;\"><a href=\"https:\/\/magoezequias.com.ar\/tienda\/wp-content\/uploads\/2019\/05\/pa\u00f1uelo-carta-1.jpg\"><img fetchpriority=\"high\" decoding=\"async\" class=\"aligncenter size-full wp-image-1432\" src=\"https:\/\/magoezequias.com.ar\/tienda\/wp-content\/uploads\/2019\/05\/pa\u00f1uelo-carta-1.jpg\" alt=\"\" width=\"1024\" height=\"735\" srcset=\"https:\/\/magoezequias.com.ar\/tienda\/wp-content\/uploads\/2019\/05\/pa\u00f1uelo-carta-1.jpg 1024w, https:\/\/magoezequias.com.ar\/tienda\/wp-content\/uploads\/2019\/05\/pa\u00f1uelo-carta-1-300x215.jpg 300w, https:\/\/magoezequias.com.ar\/tienda\/wp-content\/uploads\/2019\/05\/pa\u00f1uelo-carta-1-768x551.jpg 768w\" sizes=\"(max-width: 1024px) 100vw, 1024px\" \/><\/a><\/p>\n<p style=\"text-align: justify;\">Un excelente efecto con pa\u00f1uelos, muy visual a gran distancia y ahora para ejecutar con una baraja espa\u00f1ola.<\/p>\n<p style=\"text-align: justify;\">El mago le pide a un espectador que elija una carta, muestra un pa\u00f1uelo en blanco, este lo dobla, lo enrosca con una bandita el\u00e1stica y se lo da a sostener al espectador. Explica que m\u00e1gicamente aparecer\u00e1 en el pa\u00f1uelo blanco la carta. El espectador lo despliega y la carta est\u00e1 impresa en el pa\u00f1uelo.<\/p>\n<p style=\"text-align: justify;\">Estos pa\u00f1uelos los podr\u00e1 utilizar en muchas otras rutinas con cartas. La transformaci\u00f3n tambi\u00e9n la puede efectuar con una bolsa de cambio.<\/p>\n<p style=\"text-align: justify;\">Usted recibe un pa\u00f1uelo con la carta en blanco y otro con la cara impresa de la carta.<\/p>\n<p style=\"text-align: justify;\">Los pa\u00f1uelos tienen 40 por 40 cm aproximadamente, se pueden lavar y planchar.<\/p>\n<p>Vario dise\u00f1os de cartas disponibles, observar las fotos y consultar disponibilidad.<\/p>\n<p>&nbsp;<\/p>\n<p style=\"text-align: justify;\"><a href=\"https:\/\/magoezequias.com.ar\/tienda\/wp-content\/uploads\/2019\/05\/pa\u00f1uelo-carta-3.jpg\"><img decoding=\"async\" class=\"aligncenter size-full wp-image-1434\" src=\"https:\/\/magoezequias.com.ar\/tienda\/wp-content\/uploads\/2019\/05\/pa\u00f1uelo-carta-3.jpg\" alt=\"\" width=\"1024\" height=\"731\" srcset=\"https:\/\/magoezequias.com.ar\/tienda\/wp-content\/uploads\/2019\/05\/pa\u00f1uelo-carta-3.jpg 1024w, https:\/\/magoezequias.com.ar\/tienda\/wp-content\/uploads\/2019\/05\/pa\u00f1uelo-carta-3-300x214.jpg 300w, https:\/\/magoezequias.com.ar\/tienda\/wp-content\/uploads\/2019\/05\/pa\u00f1uelo-carta-3-768x548.jpg 768w\" sizes=\"(max-width: 1024px) 100vw, 1024px\" \/><\/a><\/p>\n<p><a href=\"https:\/\/magoezequias.com.ar\/tienda\/wp-content\/uploads\/2019\/05\/pa\u00f1uelo-carta-2.jpg\"><img decoding=\"async\" class=\"aligncenter size-full wp-image-1433\" src=\"https:\/\/magoezequias.com.ar\/tienda\/wp-content\/uploads\/2019\/05\/pa\u00f1uelo-carta-2.jpg\" alt=\"\" width=\"1024\" height=\"732\" srcset=\"https:\/\/magoezequias.com.ar\/tienda\/wp-content\/uploads\/2019\/05\/pa\u00f1uelo-carta-2.jpg 1024w, https:\/\/magoezequias.com.ar\/tienda\/wp-content\/uploads\/2019\/05\/pa\u00f1uelo-carta-2-300x214.jpg 300w, https:\/\/magoezequias.com.ar\/tienda\/wp-content\/uploads\/2019\/05\/pa\u00f1uelo-carta-2-768x549.jpg 768w\" sizes=\"(max-width: 1024px) 100vw, 1024px\" \/><\/a><\/p>\n<p style=\"text-align: justify;\">\n<p style=\"text-align: justify;\">\n","protected":false},"excerpt":{"rendered":"<p>Excelente set completo para realizar incre\u00edbles juegos de Magia.<\/p>\n","protected":false},"featured_media":1432,"comment_status":"open","ping_status":"closed","template":"","meta":[],"product_brand":[],"product_cat":[12,10,60,319,9],"product_tag":[65,100,208,52],"class_list":{"0":"post-1431","1":"product","2":"type-product","3":"status-publish","4":"has-post-thumbnail","6":"product_cat-cartomagia","7":"product_cat-escena","8":"product_cat-ezequias-2","9":"product_cat-principiantes","10":"product_cat-salon","11":"product_tag-baraja","12":"product_tag-carta","13":"product_tag-espanola","14":"product_tag-panuelo","16":"first","17":"instock","18":"shipping-taxable","19":"purchasable","20":"product-type-simple"},"aioseo_notices":[],"_links":{"self":[{"href":"https:\/\/magoezequias.com.ar\/tienda\/wp-json\/wp\/v2\/product\/1431","targetHints":{"allow":["GET"]}}],"collection":[{"href":"https:\/\/magoezequias.com.ar\/tienda\/wp-json\/wp\/v2\/product"}],"about":[{"href":"https:\/\/magoezequias.com.ar\/tienda\/wp-json\/wp\/v2\/types\/product"}],"replies":[{"embeddable":true,"href":"https:\/\/magoezequias.com.ar\/tienda\/wp-json\/wp\/v2\/comments?post=1431"}],"version-history":[{"count":0,"href":"https:\/\/magoezequias.com.ar\/tienda\/wp-json\/wp\/v2\/product\/1431\/revisions"}],"wp:featuredmedia":[{"embeddable":true,"href":"https:\/\/magoezequias.com.ar\/tienda\/wp-json\/wp\/v2\/media\/1432"}],"wp:attachment":[{"href":"https:\/\/magoezequias.com.ar\/tienda\/wp-json\/wp\/v2\/media?parent=1431"}],"wp:term":[{"taxonomy":"product_brand","embeddable":true,"href":"https:\/\/magoezequias.com.ar\/tienda\/wp-json\/wp\/v2\/product_brand?post=1431"},{"taxonomy":"product_cat","embeddable":true,"href":"https:\/\/magoezequias.com.ar\/tienda\/wp-json\/wp\/v2\/product_cat?post=1431"},{"taxonomy":"product_tag","embeddable":true,"href":"https:\/\/magoezequias.com.ar\/tienda\/wp-json\/wp\/v2\/product_tag?post=1431"}],"curies":[{"name":"wp","href":"https:\/\/api.w.org\/{rel}","templated":true}]}}