{"id":1439,"date":"2019-06-17T20:57:13","date_gmt":"2019-06-17T20:57:13","guid":{"rendered":"https:\/\/magoezequias.com.ar\/tienda\/?post_type=product&#038;p=1439"},"modified":"2020-11-27T12:46:19","modified_gmt":"2020-11-27T12:46:19","slug":"guillotina-de-dedo-plastica","status":"publish","type":"product","link":"https:\/\/magoezequias.com.ar\/tienda\/producto\/guillotina-de-dedo-plastica","title":{"rendered":"Guillotina de Dedo Pl\u00e1stica"},"content":{"rendered":"<p><a href=\"https:\/\/magoezequias.com.ar\/tienda\/wp-content\/uploads\/2019\/06\/Screenshot_20190618-194859.png\"><img fetchpriority=\"high\" decoding=\"async\" class=\"aligncenter wp-image-1444\" src=\"https:\/\/magoezequias.com.ar\/tienda\/wp-content\/uploads\/2019\/06\/Screenshot_20190618-194859.png\" alt=\"\" width=\"378\" height=\"373\" srcset=\"https:\/\/magoezequias.com.ar\/tienda\/wp-content\/uploads\/2019\/06\/Screenshot_20190618-194859.png 1080w, https:\/\/magoezequias.com.ar\/tienda\/wp-content\/uploads\/2019\/06\/Screenshot_20190618-194859-300x296.png 300w, https:\/\/magoezequias.com.ar\/tienda\/wp-content\/uploads\/2019\/06\/Screenshot_20190618-194859-768x758.png 768w, https:\/\/magoezequias.com.ar\/tienda\/wp-content\/uploads\/2019\/06\/Screenshot_20190618-194859-1024x1011.png 1024w, https:\/\/magoezequias.com.ar\/tienda\/wp-content\/uploads\/2019\/06\/Screenshot_20190618-194859-100x100.png 100w\" sizes=\"(max-width: 378px) 100vw, 378px\" \/><\/a><\/p>\n<p style=\"text-align: justify;\">El mago solicita a un espectador que coloque su dedo dentro de una guillotina. Adem\u00e1s coloca un cigarrillo o papel en un agujero mas peque\u00f1o de de la guillotina, debajo del dedo.<\/p>\n<p style=\"text-align: justify;\">El mago cuenta hasta 3, baja la hoja de la guillotina y m\u00e1gicamente el dedo del espectador no se ha cortado pero si el cigarrillo o papel.<\/p>\n<p style=\"text-align: justify;\">Un efecto muy m\u00e1gico y que genera mucho suspenso. La hoja parece pasar a trav\u00e9s del dedo y el espectador est\u00e1 completamente ileso<\/p>\n<p style=\"text-align: justify;\">El Accesorio es de pl\u00e1stico y las cuchillas de metal, su tama\u00f1o es de aproximadamente 15 cm.<\/p>\n<p>Advertencia: Este art\u00edculo incluye partes afiladas y puede causar lesiones, no nos responsabilizamos por su manejo.<\/p>\n<p>&nbsp;<\/p>\n<p>Un elemento seguro y f\u00e1cil de hacer. La Guillotina es ligera y f\u00e1cil de llevar<\/p>\n<p>&nbsp;<\/p>\n<p><iframe src=\"https:\/\/www.youtube.com\/embed\/ZzGLv0qpZhs\" width=\"560\" height=\"315\" frameborder=\"0\" allowfullscreen=\"allowfullscreen\"><\/iframe><\/p>\n","protected":false},"excerpt":{"rendered":"<p>El mago solicita a un espectador que coloque su dedo dentro de una guillotina. Adem\u00e1s coloca un cigarrillo o papel en un agujero mas peque\u00f1o de de la guillotina, debajo del dedo. El mago cuenta hasta 3, baja la hoja de la guillotina y m\u00e1gicamente el dedo del espectador no se ha cortado pero si [&hellip;]<\/p>\n","protected":false},"featured_media":1444,"comment_status":"open","ping_status":"closed","template":"","meta":[],"product_brand":[],"product_cat":[7,11,319,9],"product_tag":[532,531],"class_list":{"0":"post-1439","1":"product","2":"type-product","3":"status-publish","4":"has-post-thumbnail","6":"product_cat-accesorios","7":"product_cat-close-up","8":"product_cat-principiantes","9":"product_cat-salon","10":"product_tag-dedo","11":"product_tag-guillotina","13":"first","14":"instock","15":"shipping-taxable","16":"purchasable","17":"product-type-simple"},"aioseo_notices":[],"_links":{"self":[{"href":"https:\/\/magoezequias.com.ar\/tienda\/wp-json\/wp\/v2\/product\/1439","targetHints":{"allow":["GET"]}}],"collection":[{"href":"https:\/\/magoezequias.com.ar\/tienda\/wp-json\/wp\/v2\/product"}],"about":[{"href":"https:\/\/magoezequias.com.ar\/tienda\/wp-json\/wp\/v2\/types\/product"}],"replies":[{"embeddable":true,"href":"https:\/\/magoezequias.com.ar\/tienda\/wp-json\/wp\/v2\/comments?post=1439"}],"version-history":[{"count":0,"href":"https:\/\/magoezequias.com.ar\/tienda\/wp-json\/wp\/v2\/product\/1439\/revisions"}],"wp:featuredmedia":[{"embeddable":true,"href":"https:\/\/magoezequias.com.ar\/tienda\/wp-json\/wp\/v2\/media\/1444"}],"wp:attachment":[{"href":"https:\/\/magoezequias.com.ar\/tienda\/wp-json\/wp\/v2\/media?parent=1439"}],"wp:term":[{"taxonomy":"product_brand","embeddable":true,"href":"https:\/\/magoezequias.com.ar\/tienda\/wp-json\/wp\/v2\/product_brand?post=1439"},{"taxonomy":"product_cat","embeddable":true,"href":"https:\/\/magoezequias.com.ar\/tienda\/wp-json\/wp\/v2\/product_cat?post=1439"},{"taxonomy":"product_tag","embeddable":true,"href":"https:\/\/magoezequias.com.ar\/tienda\/wp-json\/wp\/v2\/product_tag?post=1439"}],"curies":[{"name":"wp","href":"https:\/\/api.w.org\/{rel}","templated":true}]}}