{"id":1466,"date":"2019-12-07T21:29:28","date_gmt":"2019-12-07T21:29:28","guid":{"rendered":"https:\/\/magoezequias.com.ar\/tienda\/?post_type=product&#038;p=1466"},"modified":"2021-02-06T23:55:53","modified_gmt":"2021-02-06T23:55:53","slug":"deletreo-animal-jumbo","status":"publish","type":"product","link":"https:\/\/magoezequias.com.ar\/tienda\/producto\/deletreo-animal-jumbo","title":{"rendered":"Deletreo Animal Jumbo"},"content":{"rendered":"<p><a href=\"https:\/\/magoezequias.com.ar\/tienda\/wp-content\/uploads\/2019\/09\/deletreo-animal-22.jpg\"><img fetchpriority=\"high\" decoding=\"async\" class=\"aligncenter size-full wp-image-1626\" src=\"https:\/\/magoezequias.com.ar\/tienda\/wp-content\/uploads\/2019\/09\/deletreo-animal-22.jpg\" alt=\"\" width=\"348\" height=\"222\" srcset=\"https:\/\/magoezequias.com.ar\/tienda\/wp-content\/uploads\/2019\/09\/deletreo-animal-22.jpg 348w, https:\/\/magoezequias.com.ar\/tienda\/wp-content\/uploads\/2019\/09\/deletreo-animal-22-300x191.jpg 300w\" sizes=\"(max-width: 348px) 100vw, 348px\" \/><\/a><\/p>\n<p>&nbsp;<\/p>\n<p style=\"text-align: justify;\">Un efecto muy entretenido para fiestas familiares donde puede participar un ni\u00f1o y un adulto o el mago. A lo largo de la rutina el ni\u00f1o lograr\u00e1 el objetivo y el adulto siempre cometer\u00e1 errores.<\/p>\n<p style=\"text-align: justify;\">Esta es la cl\u00e1sica rutina del deletreo de cartas realizada en una versi\u00f3n con animales.<\/p>\n<p style=\"text-align: justify;\">El mago mostrar\u00e1 una lista de animales y sus respectivas cartas. El ni\u00f1o va a deletrear con la ayuda de los presentes un animal, pasando una carta por cada letra. Al finalizar el animal deletreado aparecer\u00e1 en la parte superior.<\/p>\n<p style=\"text-align: justify;\">Esto ser\u00e1 intentado por el adulto o el mago pero el animal seleccionado no estar\u00e1, y aparecer\u00e9 otro animal que provoca el temor del mago.<\/p>\n<p style=\"text-align: justify;\">Las acciones anteriores se repiten varias veces hasta que se van descartando todos los animales.<\/p>\n<p style=\"text-align: justify;\">Cuando s\u00f3lo queda una carta y el mago o adulto cree que finalmente podr\u00e1 lograr su objetivo llega un final sorprendente, lleno de magia, comedia y humor.<\/p>\n<p style=\"text-align: justify;\">Una rutina autom\u00e1tica, donde solamente deber\u00e1 abocarse a la presentaci\u00f3n, generando momentos de muchas risas y comedia.<\/p>\n<p style=\"text-align: justify;\">La rutina es muy colorida y f\u00e1cil de seguir para los ni\u00f1os, participando todos al mencionar cada letra.<\/p>\n<p>Las cartas son muy coloridas, de calidad excelente ya que est\u00e1n laminadas y de tama\u00f1o jumbo lo que permite que se vean a gran distancia en sal\u00f3n o escena.<\/p>\n<p style=\"text-align: justify;\">Usted recibe todas las cartas necesarias, un cartel con los nombres de los animales, y claras explicaciones.<\/p>\n","protected":false},"excerpt":{"rendered":"<p>&nbsp; Un efecto muy entretenido para fiestas familiares donde puede participar un ni\u00f1o y un adulto o el mago. A lo largo de la rutina el ni\u00f1o lograr\u00e1 el objetivo y el adulto siempre cometer\u00e1 errores. Esta es la cl\u00e1sica rutina del deletreo de cartas realizada en una versi\u00f3n con animales. El mago mostrar\u00e1 una [&hellip;]<\/p>\n","protected":false},"featured_media":1627,"comment_status":"open","ping_status":"closed","template":"","meta":[],"product_brand":[],"product_cat":[60,8,319,9],"product_tag":[566,100,565,99],"class_list":{"0":"post-1466","1":"product","2":"type-product","3":"status-publish","4":"has-post-thumbnail","6":"product_cat-ezequias-2","7":"product_cat-infantil","8":"product_cat-principiantes","9":"product_cat-salon","10":"product_tag-animal","11":"product_tag-carta","12":"product_tag-deletreo","13":"product_tag-jumbo","15":"first","16":"instock","17":"shipping-taxable","18":"purchasable","19":"product-type-simple"},"aioseo_notices":[],"_links":{"self":[{"href":"https:\/\/magoezequias.com.ar\/tienda\/wp-json\/wp\/v2\/product\/1466","targetHints":{"allow":["GET"]}}],"collection":[{"href":"https:\/\/magoezequias.com.ar\/tienda\/wp-json\/wp\/v2\/product"}],"about":[{"href":"https:\/\/magoezequias.com.ar\/tienda\/wp-json\/wp\/v2\/types\/product"}],"replies":[{"embeddable":true,"href":"https:\/\/magoezequias.com.ar\/tienda\/wp-json\/wp\/v2\/comments?post=1466"}],"version-history":[{"count":0,"href":"https:\/\/magoezequias.com.ar\/tienda\/wp-json\/wp\/v2\/product\/1466\/revisions"}],"wp:featuredmedia":[{"embeddable":true,"href":"https:\/\/magoezequias.com.ar\/tienda\/wp-json\/wp\/v2\/media\/1627"}],"wp:attachment":[{"href":"https:\/\/magoezequias.com.ar\/tienda\/wp-json\/wp\/v2\/media?parent=1466"}],"wp:term":[{"taxonomy":"product_brand","embeddable":true,"href":"https:\/\/magoezequias.com.ar\/tienda\/wp-json\/wp\/v2\/product_brand?post=1466"},{"taxonomy":"product_cat","embeddable":true,"href":"https:\/\/magoezequias.com.ar\/tienda\/wp-json\/wp\/v2\/product_cat?post=1466"},{"taxonomy":"product_tag","embeddable":true,"href":"https:\/\/magoezequias.com.ar\/tienda\/wp-json\/wp\/v2\/product_tag?post=1466"}],"curies":[{"name":"wp","href":"https:\/\/api.w.org\/{rel}","templated":true}]}}