{"id":1472,"date":"2019-10-04T17:31:07","date_gmt":"2019-10-04T17:31:07","guid":{"rendered":"https:\/\/magoezequias.com.ar\/tienda\/?post_type=product&#038;p=1472"},"modified":"2022-11-25T16:55:55","modified_gmt":"2022-11-25T16:55:55","slug":"dado-mental","status":"publish","type":"product","link":"https:\/\/magoezequias.com.ar\/tienda\/producto\/dado-mental","title":{"rendered":"Dado Mental 2.0"},"content":{"rendered":"<p><a href=\"https:\/\/magoezequias.com.ar\/tienda\/wp-content\/uploads\/2019\/10\/mental-dice-2-1160x500.jpg\"><img fetchpriority=\"high\" decoding=\"async\" class=\"aligncenter size-full wp-image-1476\" src=\"https:\/\/magoezequias.com.ar\/tienda\/wp-content\/uploads\/2019\/10\/mental-dice-2-1160x500.jpg\" alt=\"\" width=\"1129\" height=\"500\" srcset=\"https:\/\/magoezequias.com.ar\/tienda\/wp-content\/uploads\/2019\/10\/mental-dice-2-1160x500.jpg 1129w, https:\/\/magoezequias.com.ar\/tienda\/wp-content\/uploads\/2019\/10\/mental-dice-2-1160x500-300x133.jpg 300w, https:\/\/magoezequias.com.ar\/tienda\/wp-content\/uploads\/2019\/10\/mental-dice-2-1160x500-768x340.jpg 768w, https:\/\/magoezequias.com.ar\/tienda\/wp-content\/uploads\/2019\/10\/mental-dice-2-1160x500-1024x453.jpg 1024w, https:\/\/magoezequias.com.ar\/tienda\/wp-content\/uploads\/2019\/10\/mental-dice-2-1160x500-900x400.jpg 900w\" sizes=\"(max-width: 1129px) 100vw, 1129px\" \/><\/a><\/p>\n<p>&nbsp;<\/p>\n<p style=\"text-align: justify;\">Un efecto incre\u00edble ya que el mentalismo ocurre en la mano del espectador!<\/p>\n<p>&nbsp;<\/p>\n<p style=\"text-align: justify;\">Un espectador elige qu\u00e9 lado del dado poner boca arriba y lo pone en la palma de su mano, en una caja, una taza, un cubilete, tambi\u00e9n puede agitarlo en una taza etc. El mago est\u00e1 girado y no ve absolutamente nada pero a\u00fan puede determinar el n\u00famero seleccionado.<\/p>\n<p>&nbsp;<\/p>\n<p style=\"text-align: justify;\">Se puede repetir las veces que desee. Un acto completo en su bolsillo. Una maravillosa lectura de la mente!<\/p>\n<p>&nbsp;<\/p>\n<p style=\"text-align: justify;\">&#8211; En cualquier momento, en cualquier lugar<\/p>\n<p style=\"text-align: justify;\">&#8211; Sin mirar, sin forzaje sin compinche<\/p>\n<p style=\"text-align: justify;\">&#8211; Ajuste r\u00e1pido<\/p>\n<p style=\"text-align: justify;\">&#8211; 100% de precisi\u00f3n<\/p>\n<p style=\"text-align: justify;\">&#8211; Examinable<\/p>\n<p style=\"text-align: justify;\">&#8211; Dados de di\u00e1metro 2.3cm<\/p>\n<p style=\"text-align: justify;\">&#8211; Distancia del receptor hasta 8 metros<\/p>\n<p style=\"text-align: justify;\">&#8211; Carga inal\u00e1mbrica<\/p>\n<p><a href=\"https:\/\/magoezequias.com.ar\/tienda\/wp-content\/uploads\/2019\/10\/Hbb75d50ab0d04f2ca3a27c0a9a9f5350b.png\"><img decoding=\"async\" class=\"aligncenter size-full wp-image-1682\" src=\"https:\/\/magoezequias.com.ar\/tienda\/wp-content\/uploads\/2019\/10\/Hbb75d50ab0d04f2ca3a27c0a9a9f5350b.png\" alt=\"\" width=\"631\" height=\"356\" srcset=\"https:\/\/magoezequias.com.ar\/tienda\/wp-content\/uploads\/2019\/10\/Hbb75d50ab0d04f2ca3a27c0a9a9f5350b.png 631w, https:\/\/magoezequias.com.ar\/tienda\/wp-content\/uploads\/2019\/10\/Hbb75d50ab0d04f2ca3a27c0a9a9f5350b-300x169.png 300w\" sizes=\"(max-width: 631px) 100vw, 631px\" \/><\/a><\/p>\n<p style=\"text-align: justify;\">Viene con un dado, un cubo rubik cascarilla para usar como llavero y poner el dado adentro, esto le permite adivinar los colores. Adem\u00e1s cargador inal\u00e1mbrico, un receptor, un cargador USB receptor e instrucciones de video.<\/p>\n<p><iframe src=\"https:\/\/www.youtube.com\/embed\/hZcnubCNR_A\" width=\"560\" height=\"315\" frameborder=\"0\" allowfullscreen=\"allowfullscreen\"><\/iframe><\/p>\n","protected":false},"excerpt":{"rendered":"<p>&nbsp; Un efecto incre\u00edble ya que el mentalismo ocurre en la mano del espectador! &nbsp; Un espectador elige qu\u00e9 lado del dado poner boca arriba y lo pone en la palma de su mano, en una caja, una taza, un cubilete, tambi\u00e9n puede agitarlo en una taza etc. El mago est\u00e1 girado y no ve [&hellip;]<\/p>\n","protected":false},"featured_media":1476,"comment_status":"open","ping_status":"closed","template":"","meta":[],"product_brand":[],"product_cat":[11,13,9],"product_tag":[384,451,160],"class_list":{"0":"post-1472","1":"product","2":"type-product","3":"status-publish","4":"has-post-thumbnail","6":"product_cat-close-up","7":"product_cat-mentalismo","8":"product_cat-salon","9":"product_tag-dado","10":"product_tag-dice","11":"product_tag-mental","13":"first","14":"outofstock","15":"shipping-taxable","16":"purchasable","17":"product-type-simple"},"aioseo_notices":[],"_links":{"self":[{"href":"https:\/\/magoezequias.com.ar\/tienda\/wp-json\/wp\/v2\/product\/1472","targetHints":{"allow":["GET"]}}],"collection":[{"href":"https:\/\/magoezequias.com.ar\/tienda\/wp-json\/wp\/v2\/product"}],"about":[{"href":"https:\/\/magoezequias.com.ar\/tienda\/wp-json\/wp\/v2\/types\/product"}],"replies":[{"embeddable":true,"href":"https:\/\/magoezequias.com.ar\/tienda\/wp-json\/wp\/v2\/comments?post=1472"}],"version-history":[{"count":0,"href":"https:\/\/magoezequias.com.ar\/tienda\/wp-json\/wp\/v2\/product\/1472\/revisions"}],"wp:featuredmedia":[{"embeddable":true,"href":"https:\/\/magoezequias.com.ar\/tienda\/wp-json\/wp\/v2\/media\/1476"}],"wp:attachment":[{"href":"https:\/\/magoezequias.com.ar\/tienda\/wp-json\/wp\/v2\/media?parent=1472"}],"wp:term":[{"taxonomy":"product_brand","embeddable":true,"href":"https:\/\/magoezequias.com.ar\/tienda\/wp-json\/wp\/v2\/product_brand?post=1472"},{"taxonomy":"product_cat","embeddable":true,"href":"https:\/\/magoezequias.com.ar\/tienda\/wp-json\/wp\/v2\/product_cat?post=1472"},{"taxonomy":"product_tag","embeddable":true,"href":"https:\/\/magoezequias.com.ar\/tienda\/wp-json\/wp\/v2\/product_tag?post=1472"}],"curies":[{"name":"wp","href":"https:\/\/api.w.org\/{rel}","templated":true}]}}