{"id":1492,"date":"2019-10-25T13:50:10","date_gmt":"2019-10-25T13:50:10","guid":{"rendered":"https:\/\/magoezequias.com.ar\/tienda\/?post_type=product&#038;p=1492"},"modified":"2023-02-26T22:05:50","modified_gmt":"2023-02-26T22:05:50","slug":"halloween-magic","status":"publish","type":"product","link":"https:\/\/magoezequias.com.ar\/tienda\/producto\/halloween-magic","title":{"rendered":"Halloween M\u00e1gico"},"content":{"rendered":"<p><a href=\"https:\/\/magoezequias.com.ar\/tienda\/wp-content\/uploads\/2019\/10\/hallowen-magic-3.png\"><img fetchpriority=\"high\" decoding=\"async\" class=\"aligncenter size-full wp-image-1494\" src=\"https:\/\/magoezequias.com.ar\/tienda\/wp-content\/uploads\/2019\/10\/hallowen-magic-3.png\" alt=\"\" width=\"477\" height=\"362\" srcset=\"https:\/\/magoezequias.com.ar\/tienda\/wp-content\/uploads\/2019\/10\/hallowen-magic-3.png 477w, https:\/\/magoezequias.com.ar\/tienda\/wp-content\/uploads\/2019\/10\/hallowen-magic-3-300x228.png 300w\" sizes=\"(max-width: 477px) 100vw, 477px\" \/><\/a><\/p>\n<p style=\"text-align: justify;\">El mago muestra 3 cartas jumbo, 2 con la imagen de calabazas y una brujita, a su ves muestra que dentro de un sobre coloca la imagen de una mansi\u00f3n embrujada, el cual queda siempre a la vista.<\/p>\n<p>&nbsp;<\/p>\n<p style=\"text-align: justify;\">La idea es que nuestros espectadores adivinen donde escondemos a la brujita con su escoba voladora.<\/p>\n<p>&nbsp;<\/p>\n<p style=\"text-align: justify;\">Se pone de dorso la bruja y se entremezcla con las calabazas, pero el mago da vuelta otra calabaza y all\u00ed es m\u00e1s dif\u00edcil. Se le pide a un espectador que diga donde cree que est\u00e1 la bruja. El espectador falla y se muestra la cara de esa carta.<\/p>\n<p>&nbsp;<\/p>\n<p style=\"text-align: justify;\">Para hacerlo m\u00e1s f\u00e1cil el mago saca una calabaza y ahora quedan dos cartas, se pone de dorso, se mezclan y se pide que elija nuevamente\u2026 pero nuevamente no acierta ya que es otra calabaza, la cual se retira tambi\u00e9n.<\/p>\n<p>&nbsp;<\/p>\n<p style=\"text-align: justify;\">Solo queda una carta de dorso que tiene que ser la brujita, \u00a0imposible que el p\u00fablico falle, pero el mago mezcla, da a elegir\u2026 y nuevamente falla el espectador. Al mostrar la cara es otra calabaza.<\/p>\n<p>&nbsp;<\/p>\n<p style=\"text-align: justify;\">La pregunta es donde est\u00e1 nuestra brujita?<\/p>\n<p>&nbsp;<\/p>\n<p style=\"text-align: justify;\">El mago muestra el sobre donde al principio coloc\u00f3 la mansi\u00f3n embrujada y ahora m\u00e1gicamente desde all\u00ed retira a la brujita que sobrevuela con su escoba la mansi\u00f3n!!!<\/p>\n<p>&nbsp;<\/p>\n<p style=\"text-align: justify;\">Una rutina que genera mucha comedia, magia y diversi\u00f3n, y terror y suspenso si usted desea. Muy f\u00e1cil de realizar, solamente se necesita una t\u00e9cnica explicada en el video. Cartas de tama\u00f1o jumbo para ser vistas a grandes distancias.<\/p>\n<p>&nbsp;<\/p>\n<p style=\"text-align: justify;\">Una rutina ideal para todo tipo de p\u00fablico, que ocupa muy poco lugar para transportar y rinde mucho en escena.<\/p>\n<p>&nbsp;<\/p>\n<p style=\"text-align: justify;\">Usted recibe las cartas especiales laminadas, el sobre y un video explicativo.<\/p>\n<p>&nbsp;<\/p>\n<p><iframe src=\"https:\/\/www.youtube.com\/embed\/jdY7dRMaD5Q\" width=\"560\" height=\"315\" frameborder=\"0\" allowfullscreen=\"allowfullscreen\"><\/iframe><\/p>\n","protected":false},"excerpt":{"rendered":"<p>Magia, humor y terror&#8230;. una rutina para todo el a\u00f1o.<\/p>\n","protected":false},"featured_media":1494,"comment_status":"open","ping_status":"closed","template":"","meta":[],"product_brand":[],"product_cat":[319,60,8],"product_tag":[535,533,537,612,22,536],"class_list":{"0":"post-1492","1":"product","2":"type-product","3":"status-publish","4":"has-post-thumbnail","6":"product_cat-principiantes","7":"product_cat-ezequias-2","8":"product_cat-infantil","9":"product_tag-brujita","10":"product_tag-calabaza","11":"product_tag-embrujada","12":"product_tag-halloween","13":"product_tag-magico","14":"product_tag-mansion","16":"first","17":"instock","18":"shipping-taxable","19":"purchasable","20":"product-type-simple"},"aioseo_notices":[],"_links":{"self":[{"href":"https:\/\/magoezequias.com.ar\/tienda\/wp-json\/wp\/v2\/product\/1492","targetHints":{"allow":["GET"]}}],"collection":[{"href":"https:\/\/magoezequias.com.ar\/tienda\/wp-json\/wp\/v2\/product"}],"about":[{"href":"https:\/\/magoezequias.com.ar\/tienda\/wp-json\/wp\/v2\/types\/product"}],"replies":[{"embeddable":true,"href":"https:\/\/magoezequias.com.ar\/tienda\/wp-json\/wp\/v2\/comments?post=1492"}],"version-history":[{"count":0,"href":"https:\/\/magoezequias.com.ar\/tienda\/wp-json\/wp\/v2\/product\/1492\/revisions"}],"wp:featuredmedia":[{"embeddable":true,"href":"https:\/\/magoezequias.com.ar\/tienda\/wp-json\/wp\/v2\/media\/1494"}],"wp:attachment":[{"href":"https:\/\/magoezequias.com.ar\/tienda\/wp-json\/wp\/v2\/media?parent=1492"}],"wp:term":[{"taxonomy":"product_brand","embeddable":true,"href":"https:\/\/magoezequias.com.ar\/tienda\/wp-json\/wp\/v2\/product_brand?post=1492"},{"taxonomy":"product_cat","embeddable":true,"href":"https:\/\/magoezequias.com.ar\/tienda\/wp-json\/wp\/v2\/product_cat?post=1492"},{"taxonomy":"product_tag","embeddable":true,"href":"https:\/\/magoezequias.com.ar\/tienda\/wp-json\/wp\/v2\/product_tag?post=1492"}],"curies":[{"name":"wp","href":"https:\/\/api.w.org\/{rel}","templated":true}]}}