{"id":1540,"date":"2019-11-23T01:48:55","date_gmt":"2019-11-23T01:48:55","guid":{"rendered":"https:\/\/magoezequias.com.ar\/tienda\/?post_type=product&#038;p=1540"},"modified":"2022-01-23T03:10:04","modified_gmt":"2022-01-23T03:10:04","slug":"varita-magica-de-agua","status":"publish","type":"product","link":"https:\/\/magoezequias.com.ar\/tienda\/producto\/varita-magica-de-agua","title":{"rendered":"Varita m\u00e1gica de agua"},"content":{"rendered":"<p><a href=\"https:\/\/magoezequias.com.ar\/tienda\/wp-content\/uploads\/2019\/11\/varita-agua-1.gif\"><img fetchpriority=\"high\" decoding=\"async\" class=\"aligncenter size-full wp-image-1530\" src=\"https:\/\/magoezequias.com.ar\/tienda\/wp-content\/uploads\/2019\/11\/varita-agua-1.gif\" alt=\"\" width=\"480\" height=\"480\" \/><\/a><\/p>\n<p>Despu\u00e9s que el mago realiz\u00f3 la desaparici\u00f3n del agua con un peri\u00f3dico, o en un vaso, toma una varita m\u00e1gica que ha estado usando durante todo el show, para hacer aparecer nuevamente el agua.<\/p>\n<p>&nbsp;<\/p>\n<p>Un elemento que permite una gran variedad de efectos o gags, solamente librado a su imaginaci\u00f3n&#8230;.<\/p>\n<p>&nbsp;<\/p>\n<p><iframe src=\"https:\/\/www.youtube.com\/embed\/CCzQCX37ZIU\" width=\"560\" height=\"315\" frameborder=\"0\" allowfullscreen=\"allowfullscreen\"><\/iframe><\/p>\n","protected":false},"excerpt":{"rendered":"<p>Despu\u00e9s que el mago realiz\u00f3 la desaparici\u00f3n del agua con un peri\u00f3dico, o en un vaso, toma una varita m\u00e1gica que ha estado usando durante todo el show, para hacer aparecer nuevamente el agua. &nbsp; Un elemento que permite una gran variedad de efectos o gags, solamente librado a su imaginaci\u00f3n&#8230;. &nbsp;<\/p>\n","protected":false},"featured_media":1530,"comment_status":"open","ping_status":"closed","template":"","meta":[],"product_brand":[],"product_cat":[10,8,319],"product_tag":[73,86],"class_list":{"0":"post-1540","1":"product","2":"type-product","3":"status-publish","4":"has-post-thumbnail","6":"product_cat-escena","7":"product_cat-infantil","8":"product_cat-principiantes","9":"product_tag-agua","10":"product_tag-varita","12":"first","13":"outofstock","14":"shipping-taxable","15":"purchasable","16":"product-type-simple"},"aioseo_notices":[],"_links":{"self":[{"href":"https:\/\/magoezequias.com.ar\/tienda\/wp-json\/wp\/v2\/product\/1540","targetHints":{"allow":["GET"]}}],"collection":[{"href":"https:\/\/magoezequias.com.ar\/tienda\/wp-json\/wp\/v2\/product"}],"about":[{"href":"https:\/\/magoezequias.com.ar\/tienda\/wp-json\/wp\/v2\/types\/product"}],"replies":[{"embeddable":true,"href":"https:\/\/magoezequias.com.ar\/tienda\/wp-json\/wp\/v2\/comments?post=1540"}],"version-history":[{"count":0,"href":"https:\/\/magoezequias.com.ar\/tienda\/wp-json\/wp\/v2\/product\/1540\/revisions"}],"wp:featuredmedia":[{"embeddable":true,"href":"https:\/\/magoezequias.com.ar\/tienda\/wp-json\/wp\/v2\/media\/1530"}],"wp:attachment":[{"href":"https:\/\/magoezequias.com.ar\/tienda\/wp-json\/wp\/v2\/media?parent=1540"}],"wp:term":[{"taxonomy":"product_brand","embeddable":true,"href":"https:\/\/magoezequias.com.ar\/tienda\/wp-json\/wp\/v2\/product_brand?post=1540"},{"taxonomy":"product_cat","embeddable":true,"href":"https:\/\/magoezequias.com.ar\/tienda\/wp-json\/wp\/v2\/product_cat?post=1540"},{"taxonomy":"product_tag","embeddable":true,"href":"https:\/\/magoezequias.com.ar\/tienda\/wp-json\/wp\/v2\/product_tag?post=1540"}],"curies":[{"name":"wp","href":"https:\/\/api.w.org\/{rel}","templated":true}]}}