{"id":155,"date":"2014-11-11T00:07:27","date_gmt":"2014-11-11T00:07:27","guid":{"rendered":"https:\/\/magoezequias.com.ar\/tienda\/?post_type=product&#038;p=155"},"modified":"2019-11-20T02:59:08","modified_gmt":"2019-11-20T02:59:08","slug":"baraja-comun-azul-standard-bicycle","status":"publish","type":"product","link":"https:\/\/magoezequias.com.ar\/tienda\/producto\/baraja-comun-azul-standard-bicycle","title":{"rendered":"Baraja Com\u00fan Azul Standard (Bicycle)"},"content":{"rendered":"<p><a href=\"https:\/\/magoezequias.com.ar\/tienda\/wp-content\/uploads\/2014\/11\/bicycle_standar4.jpg\"><img fetchpriority=\"high\" decoding=\"async\" class=\"alignnone size-full wp-image-153\" src=\"https:\/\/magoezequias.com.ar\/tienda\/wp-content\/uploads\/2014\/11\/bicycle_standar4.jpg\" alt=\"bicycle_standar4\" width=\"432\" height=\"360\" srcset=\"https:\/\/magoezequias.com.ar\/tienda\/wp-content\/uploads\/2014\/11\/bicycle_standar4.jpg 432w, https:\/\/magoezequias.com.ar\/tienda\/wp-content\/uploads\/2014\/11\/bicycle_standar4-300x250.jpg 300w\" sizes=\"(max-width: 432px) 100vw, 432px\" \/><\/a><\/p>\n<p>Bicycle\u00a0es el nombre de una baraja de cartas producida por USPC (<em>The United States Playing Cards<\/em>) utilizada en la gran mayor\u00eda de\u00a0casinos\u00a0de\u00a0Am\u00e9rica. Tambi\u00e9n es una de las barajas m\u00e1s utilizadas por los ilusionistas para realizar\u00a0cartomagia, b\u00e1sicamente por sus hermosos dise\u00f1os y por su textura que las hace muy f\u00e1ciles de manejar.<\/p>\n<p>Las barajas Bicycle se caracterizan por su acabado\u00a0<em>Air Cushion<\/em>\u00a0y los dos \u00c1ngeles montados en\u00a0bicicleta\u00a0mirando de frente en su reverso (aunque existen otros dise\u00f1os). Tambi\u00e9n es caracter\u00edstico su\u00a0Joker\u00a0montado en bicicleta.<\/p>\n<p>Una baraja de p\u00f3quer de excelente calidad y a un precio accesible. Fabricada por USPCC, los mismos fabricantes de Bee, Tally HO, KEM.<\/p>\n<p>Baraja sola (sin rutinas ni instrucciones).<\/p>\n<p>&nbsp;<\/p>\n","protected":false},"excerpt":{"rendered":"<p>Cartas de excelente calidad, profesionales de tama\u00f1o p\u00f3quer. Las mejores cartas del mundo.<\/p>\n","protected":false},"featured_media":153,"comment_status":"open","ping_status":"closed","template":"","meta":[],"product_brand":[],"product_cat":[7,12],"product_tag":[65,66,80],"class_list":{"0":"post-155","1":"product","2":"type-product","3":"status-publish","4":"has-post-thumbnail","6":"product_cat-accesorios","7":"product_cat-cartomagia","8":"product_tag-baraja","9":"product_tag-bicycle","10":"product_tag-mazo","12":"first","13":"outofstock","14":"shipping-taxable","15":"purchasable","16":"product-type-simple"},"aioseo_notices":[],"_links":{"self":[{"href":"https:\/\/magoezequias.com.ar\/tienda\/wp-json\/wp\/v2\/product\/155","targetHints":{"allow":["GET"]}}],"collection":[{"href":"https:\/\/magoezequias.com.ar\/tienda\/wp-json\/wp\/v2\/product"}],"about":[{"href":"https:\/\/magoezequias.com.ar\/tienda\/wp-json\/wp\/v2\/types\/product"}],"replies":[{"embeddable":true,"href":"https:\/\/magoezequias.com.ar\/tienda\/wp-json\/wp\/v2\/comments?post=155"}],"version-history":[{"count":0,"href":"https:\/\/magoezequias.com.ar\/tienda\/wp-json\/wp\/v2\/product\/155\/revisions"}],"wp:featuredmedia":[{"embeddable":true,"href":"https:\/\/magoezequias.com.ar\/tienda\/wp-json\/wp\/v2\/media\/153"}],"wp:attachment":[{"href":"https:\/\/magoezequias.com.ar\/tienda\/wp-json\/wp\/v2\/media?parent=155"}],"wp:term":[{"taxonomy":"product_brand","embeddable":true,"href":"https:\/\/magoezequias.com.ar\/tienda\/wp-json\/wp\/v2\/product_brand?post=155"},{"taxonomy":"product_cat","embeddable":true,"href":"https:\/\/magoezequias.com.ar\/tienda\/wp-json\/wp\/v2\/product_cat?post=155"},{"taxonomy":"product_tag","embeddable":true,"href":"https:\/\/magoezequias.com.ar\/tienda\/wp-json\/wp\/v2\/product_tag?post=155"}],"curies":[{"name":"wp","href":"https:\/\/api.w.org\/{rel}","templated":true}]}}