{"id":1567,"date":"2019-11-28T23:01:23","date_gmt":"2019-11-28T23:01:23","guid":{"rendered":"https:\/\/magoezequias.com.ar\/tienda\/?post_type=product&#038;p=1567"},"modified":"2021-04-08T05:22:38","modified_gmt":"2021-04-08T05:22:38","slug":"bola-a-cubo","status":"publish","type":"product","link":"https:\/\/magoezequias.com.ar\/tienda\/producto\/bola-a-cubo","title":{"rendered":"Bola a Cubo"},"content":{"rendered":"<p><a href=\"https:\/\/magoezequias.com.ar\/tienda\/wp-content\/uploads\/2019\/11\/bola_de_esponja_a_cuadrado.jpg\"><img fetchpriority=\"high\" decoding=\"async\" class=\"aligncenter size-full wp-image-1577\" src=\"https:\/\/magoezequias.com.ar\/tienda\/wp-content\/uploads\/2019\/11\/bola_de_esponja_a_cuadrado.jpg\" alt=\"\" width=\"200\" height=\"250\" \/><\/a><\/p>\n<p>El mago muestra un cubo de esponja y lo coloca en el pu\u00f1o de su mano, luego de unos pases m\u00e1gicos el cubo se transforma en dos bolas de esponja.<\/p>\n<p>&nbsp;<\/p>\n<p>Luego toma las dos bolas de esponja y las coloca en el pu\u00f1o de su mano, nuevamente realiza otro pase m\u00e1gico y las dos bolas se transforman en un cubo.<\/p>\n<p>&nbsp;<\/p>\n<p>Ideal para utilizar en una rutina de bolas de esponja. Disponible \u00fanicamente en color rojo.<\/p>\n","protected":false},"excerpt":{"rendered":"<p>El mago muestra un cubo de esponja y lo coloca en el pu\u00f1o de su mano, luego de unos pases m\u00e1gicos el cubo se transforma en dos bolas de esponja. &nbsp; Luego toma las dos bolas de esponja y las coloca en el pu\u00f1o de su mano, nuevamente realiza otro pase m\u00e1gico y las dos [&hellip;]<\/p>\n","protected":false},"featured_media":1577,"comment_status":"open","ping_status":"closed","template":"","meta":[],"product_brand":[],"product_cat":[307],"product_tag":[],"class_list":{"0":"post-1567","1":"product","2":"type-product","3":"status-publish","4":"has-post-thumbnail","6":"product_cat-esponjas","8":"first","9":"instock","10":"shipping-taxable","11":"purchasable","12":"product-type-simple"},"aioseo_notices":[],"_links":{"self":[{"href":"https:\/\/magoezequias.com.ar\/tienda\/wp-json\/wp\/v2\/product\/1567","targetHints":{"allow":["GET"]}}],"collection":[{"href":"https:\/\/magoezequias.com.ar\/tienda\/wp-json\/wp\/v2\/product"}],"about":[{"href":"https:\/\/magoezequias.com.ar\/tienda\/wp-json\/wp\/v2\/types\/product"}],"replies":[{"embeddable":true,"href":"https:\/\/magoezequias.com.ar\/tienda\/wp-json\/wp\/v2\/comments?post=1567"}],"version-history":[{"count":0,"href":"https:\/\/magoezequias.com.ar\/tienda\/wp-json\/wp\/v2\/product\/1567\/revisions"}],"wp:featuredmedia":[{"embeddable":true,"href":"https:\/\/magoezequias.com.ar\/tienda\/wp-json\/wp\/v2\/media\/1577"}],"wp:attachment":[{"href":"https:\/\/magoezequias.com.ar\/tienda\/wp-json\/wp\/v2\/media?parent=1567"}],"wp:term":[{"taxonomy":"product_brand","embeddable":true,"href":"https:\/\/magoezequias.com.ar\/tienda\/wp-json\/wp\/v2\/product_brand?post=1567"},{"taxonomy":"product_cat","embeddable":true,"href":"https:\/\/magoezequias.com.ar\/tienda\/wp-json\/wp\/v2\/product_cat?post=1567"},{"taxonomy":"product_tag","embeddable":true,"href":"https:\/\/magoezequias.com.ar\/tienda\/wp-json\/wp\/v2\/product_tag?post=1567"}],"curies":[{"name":"wp","href":"https:\/\/api.w.org\/{rel}","templated":true}]}}