{"id":1579,"date":"2019-11-29T03:42:34","date_gmt":"2019-11-29T03:42:34","guid":{"rendered":"https:\/\/magoezequias.com.ar\/tienda\/?post_type=product&#038;p=1579"},"modified":"2019-11-29T03:42:34","modified_gmt":"2019-11-29T03:42:34","slug":"queso-de-esponja","status":"publish","type":"product","link":"https:\/\/magoezequias.com.ar\/tienda\/producto\/queso-de-esponja","title":{"rendered":"Queso de esponja"},"content":{"rendered":"<p><a href=\"https:\/\/magoezequias.com.ar\/tienda\/wp-content\/uploads\/2019\/11\/queso-esponja-2.jpg\"><img fetchpriority=\"high\" decoding=\"async\" class=\"aligncenter size-full wp-image-1570\" src=\"https:\/\/magoezequias.com.ar\/tienda\/wp-content\/uploads\/2019\/11\/queso-esponja-2.jpg\" alt=\"\" width=\"500\" height=\"506\" srcset=\"https:\/\/magoezequias.com.ar\/tienda\/wp-content\/uploads\/2019\/11\/queso-esponja-2.jpg 500w, https:\/\/magoezequias.com.ar\/tienda\/wp-content\/uploads\/2019\/11\/queso-esponja-2-296x300.jpg 296w, https:\/\/magoezequias.com.ar\/tienda\/wp-content\/uploads\/2019\/11\/queso-esponja-2-300x304.jpg 300w, https:\/\/magoezequias.com.ar\/tienda\/wp-content\/uploads\/2019\/11\/queso-esponja-2-100x100.jpg 100w\" sizes=\"(max-width: 500px) 100vw, 500px\" \/><\/a><\/p>\n<p>Una gran porci\u00f3n o trozo de queso de goma espuma absolutamente real.<\/p>\n<p>Ideal para producci\u00f3n, para gags, para arrojar al p\u00fablico, sacarse del zapato, desaparecer, etc<\/p>\n","protected":false},"excerpt":{"rendered":"<p>Una gran porci\u00f3n o trozo de queso de goma espuma absolutamente real. Ideal para producci\u00f3n, para gags, para arrojar al p\u00fablico, sacarse del zapato, desaparecer, etc<\/p>\n","protected":false},"featured_media":1570,"comment_status":"open","ping_status":"closed","template":"","meta":[],"product_brand":[],"product_cat":[7,307],"product_tag":[311,550],"class_list":{"0":"post-1579","1":"product","2":"type-product","3":"status-publish","4":"has-post-thumbnail","6":"product_cat-accesorios","7":"product_cat-esponjas","8":"product_tag-esponja","9":"product_tag-queso","11":"first","12":"instock","13":"shipping-taxable","14":"purchasable","15":"product-type-simple"},"aioseo_notices":[],"_links":{"self":[{"href":"https:\/\/magoezequias.com.ar\/tienda\/wp-json\/wp\/v2\/product\/1579","targetHints":{"allow":["GET"]}}],"collection":[{"href":"https:\/\/magoezequias.com.ar\/tienda\/wp-json\/wp\/v2\/product"}],"about":[{"href":"https:\/\/magoezequias.com.ar\/tienda\/wp-json\/wp\/v2\/types\/product"}],"replies":[{"embeddable":true,"href":"https:\/\/magoezequias.com.ar\/tienda\/wp-json\/wp\/v2\/comments?post=1579"}],"version-history":[{"count":0,"href":"https:\/\/magoezequias.com.ar\/tienda\/wp-json\/wp\/v2\/product\/1579\/revisions"}],"wp:featuredmedia":[{"embeddable":true,"href":"https:\/\/magoezequias.com.ar\/tienda\/wp-json\/wp\/v2\/media\/1570"}],"wp:attachment":[{"href":"https:\/\/magoezequias.com.ar\/tienda\/wp-json\/wp\/v2\/media?parent=1579"}],"wp:term":[{"taxonomy":"product_brand","embeddable":true,"href":"https:\/\/magoezequias.com.ar\/tienda\/wp-json\/wp\/v2\/product_brand?post=1579"},{"taxonomy":"product_cat","embeddable":true,"href":"https:\/\/magoezequias.com.ar\/tienda\/wp-json\/wp\/v2\/product_cat?post=1579"},{"taxonomy":"product_tag","embeddable":true,"href":"https:\/\/magoezequias.com.ar\/tienda\/wp-json\/wp\/v2\/product_tag?post=1579"}],"curies":[{"name":"wp","href":"https:\/\/api.w.org\/{rel}","templated":true}]}}