{"id":1583,"date":"2019-11-29T03:53:21","date_gmt":"2019-11-29T03:53:21","guid":{"rendered":"https:\/\/magoezequias.com.ar\/tienda\/?post_type=product&#038;p=1583"},"modified":"2019-11-29T03:53:21","modified_gmt":"2019-11-29T03:53:21","slug":"sandwich-de-esponja-grande","status":"publish","type":"product","link":"https:\/\/magoezequias.com.ar\/tienda\/producto\/sandwich-de-esponja-grande","title":{"rendered":"Sandwich de Esponja grande"},"content":{"rendered":"<p><a href=\"https:\/\/magoezequias.com.ar\/tienda\/wp-content\/uploads\/2019\/11\/sandwich-pan-lactal.jpg\"><img fetchpriority=\"high\" decoding=\"async\" class=\"aligncenter size-full wp-image-1574\" src=\"https:\/\/magoezequias.com.ar\/tienda\/wp-content\/uploads\/2019\/11\/sandwich-pan-lactal.jpg\" alt=\"\" width=\"500\" height=\"438\" srcset=\"https:\/\/magoezequias.com.ar\/tienda\/wp-content\/uploads\/2019\/11\/sandwich-pan-lactal.jpg 500w, https:\/\/magoezequias.com.ar\/tienda\/wp-content\/uploads\/2019\/11\/sandwich-pan-lactal-300x263.jpg 300w\" sizes=\"(max-width: 500px) 100vw, 500px\" \/><\/a><\/p>\n<p>Dos rodajas de pan lactal blanco, con jam\u00f3n, pavita, lechuga y queso.<\/p>\n<p>Todo esto conforma un S\u00e1ndwich gigante en tama\u00f1o real del pan lactal.<\/p>\n<p>Ideal para el payaso o para magia c\u00f3mica.<\/p>\n","protected":false},"excerpt":{"rendered":"<p>Dos rodajas de pan lactal blanco, con jam\u00f3n, pavita, lechuga y queso. Todo esto conforma un S\u00e1ndwich gigante en tama\u00f1o real del pan lactal. Ideal para el payaso o para magia c\u00f3mica.<\/p>\n","protected":false},"featured_media":1574,"comment_status":"open","ping_status":"closed","template":"","meta":[],"product_brand":[],"product_cat":[7,8,9,307],"product_tag":[311,553,554],"class_list":{"0":"post-1583","1":"product","2":"type-product","3":"status-publish","4":"has-post-thumbnail","6":"product_cat-accesorios","7":"product_cat-infantil","8":"product_cat-salon","9":"product_cat-esponjas","10":"product_tag-esponja","11":"product_tag-pan","12":"product_tag-sandwich","14":"first","15":"instock","16":"shipping-taxable","17":"purchasable","18":"product-type-simple"},"aioseo_notices":[],"_links":{"self":[{"href":"https:\/\/magoezequias.com.ar\/tienda\/wp-json\/wp\/v2\/product\/1583","targetHints":{"allow":["GET"]}}],"collection":[{"href":"https:\/\/magoezequias.com.ar\/tienda\/wp-json\/wp\/v2\/product"}],"about":[{"href":"https:\/\/magoezequias.com.ar\/tienda\/wp-json\/wp\/v2\/types\/product"}],"replies":[{"embeddable":true,"href":"https:\/\/magoezequias.com.ar\/tienda\/wp-json\/wp\/v2\/comments?post=1583"}],"version-history":[{"count":0,"href":"https:\/\/magoezequias.com.ar\/tienda\/wp-json\/wp\/v2\/product\/1583\/revisions"}],"wp:featuredmedia":[{"embeddable":true,"href":"https:\/\/magoezequias.com.ar\/tienda\/wp-json\/wp\/v2\/media\/1574"}],"wp:attachment":[{"href":"https:\/\/magoezequias.com.ar\/tienda\/wp-json\/wp\/v2\/media?parent=1583"}],"wp:term":[{"taxonomy":"product_brand","embeddable":true,"href":"https:\/\/magoezequias.com.ar\/tienda\/wp-json\/wp\/v2\/product_brand?post=1583"},{"taxonomy":"product_cat","embeddable":true,"href":"https:\/\/magoezequias.com.ar\/tienda\/wp-json\/wp\/v2\/product_cat?post=1583"},{"taxonomy":"product_tag","embeddable":true,"href":"https:\/\/magoezequias.com.ar\/tienda\/wp-json\/wp\/v2\/product_tag?post=1583"}],"curies":[{"name":"wp","href":"https:\/\/api.w.org\/{rel}","templated":true}]}}