{"id":1600,"date":"2019-11-29T12:40:29","date_gmt":"2019-11-29T12:40:29","guid":{"rendered":"https:\/\/magoezequias.com.ar\/tienda\/?post_type=product&#038;p=1600"},"modified":"2019-11-29T12:40:29","modified_gmt":"2019-11-29T12:40:29","slug":"zanahorias-x-2-de-esponja","status":"publish","type":"product","link":"https:\/\/magoezequias.com.ar\/tienda\/producto\/zanahorias-x-2-de-esponja","title":{"rendered":"Zanahorias x 2 de esponja"},"content":{"rendered":"<p><a href=\"https:\/\/magoezequias.com.ar\/tienda\/wp-content\/uploads\/2019\/11\/zanahoriaset-2.jpg\"><img fetchpriority=\"high\" decoding=\"async\" class=\"aligncenter size-full wp-image-1601\" src=\"https:\/\/magoezequias.com.ar\/tienda\/wp-content\/uploads\/2019\/11\/zanahoriaset-2.jpg\" alt=\"\" width=\"450\" height=\"300\" srcset=\"https:\/\/magoezequias.com.ar\/tienda\/wp-content\/uploads\/2019\/11\/zanahoriaset-2.jpg 450w, https:\/\/magoezequias.com.ar\/tienda\/wp-content\/uploads\/2019\/11\/zanahoriaset-2-300x200.jpg 300w\" sizes=\"(max-width: 450px) 100vw, 450px\" \/><\/a><\/p>\n<p>Zanahorias de Goma espuma ideal para producci\u00f3n, se puede ocultar en un pu\u00f1o muy f\u00e1cilmente.<\/p>\n<p>Realizar una rutina de zanahorias inagotables con un mu\u00f1eco o \u00e9l mago.<\/p>\n<p>El set incluye dos zanahorias.<\/p>\n","protected":false},"excerpt":{"rendered":"<p>Zanahorias de Goma espuma ideal para producci\u00f3n, se puede ocultar en un pu\u00f1o muy f\u00e1cilmente. Realizar una rutina de zanahorias inagotables con un mu\u00f1eco o \u00e9l mago. El set incluye dos zanahorias.<\/p>\n","protected":false},"featured_media":1601,"comment_status":"open","ping_status":"closed","template":"","meta":[],"product_brand":[],"product_cat":[307],"product_tag":[],"class_list":{"0":"post-1600","1":"product","2":"type-product","3":"status-publish","4":"has-post-thumbnail","6":"product_cat-esponjas","8":"first","9":"instock","10":"shipping-taxable","11":"purchasable","12":"product-type-simple"},"aioseo_notices":[],"_links":{"self":[{"href":"https:\/\/magoezequias.com.ar\/tienda\/wp-json\/wp\/v2\/product\/1600","targetHints":{"allow":["GET"]}}],"collection":[{"href":"https:\/\/magoezequias.com.ar\/tienda\/wp-json\/wp\/v2\/product"}],"about":[{"href":"https:\/\/magoezequias.com.ar\/tienda\/wp-json\/wp\/v2\/types\/product"}],"replies":[{"embeddable":true,"href":"https:\/\/magoezequias.com.ar\/tienda\/wp-json\/wp\/v2\/comments?post=1600"}],"version-history":[{"count":0,"href":"https:\/\/magoezequias.com.ar\/tienda\/wp-json\/wp\/v2\/product\/1600\/revisions"}],"wp:featuredmedia":[{"embeddable":true,"href":"https:\/\/magoezequias.com.ar\/tienda\/wp-json\/wp\/v2\/media\/1601"}],"wp:attachment":[{"href":"https:\/\/magoezequias.com.ar\/tienda\/wp-json\/wp\/v2\/media?parent=1600"}],"wp:term":[{"taxonomy":"product_brand","embeddable":true,"href":"https:\/\/magoezequias.com.ar\/tienda\/wp-json\/wp\/v2\/product_brand?post=1600"},{"taxonomy":"product_cat","embeddable":true,"href":"https:\/\/magoezequias.com.ar\/tienda\/wp-json\/wp\/v2\/product_cat?post=1600"},{"taxonomy":"product_tag","embeddable":true,"href":"https:\/\/magoezequias.com.ar\/tienda\/wp-json\/wp\/v2\/product_tag?post=1600"}],"curies":[{"name":"wp","href":"https:\/\/api.w.org\/{rel}","templated":true}]}}