{"id":1635,"date":"2020-01-02T19:09:19","date_gmt":"2020-01-02T19:09:19","guid":{"rendered":"https:\/\/magoezequias.com.ar\/tienda\/?post_type=product&#038;p=1635"},"modified":"2025-12-23T10:53:31","modified_gmt":"2025-12-23T13:53:31","slug":"gana-un-abrazo-abrazar-matar","status":"publish","type":"product","link":"https:\/\/magoezequias.com.ar\/tienda\/producto\/gana-un-abrazo-abrazar-matar","title":{"rendered":"Gan\u00e1 un Abrazo (Abrazar &#8211; D\u00f3lar)"},"content":{"rendered":"<p><a href=\"https:\/\/magoezequias.com.ar\/tienda\/wp-content\/uploads\/2020\/01\/abrazo.jpg\"><img fetchpriority=\"high\" decoding=\"async\" class=\"aligncenter size-full wp-image-1638\" src=\"https:\/\/magoezequias.com.ar\/tienda\/wp-content\/uploads\/2020\/01\/abrazo.jpg\" alt=\"\" width=\"628\" height=\"507\" srcset=\"https:\/\/magoezequias.com.ar\/tienda\/wp-content\/uploads\/2020\/01\/abrazo.jpg 628w, https:\/\/magoezequias.com.ar\/tienda\/wp-content\/uploads\/2020\/01\/abrazo-300x242.jpg 300w\" sizes=\"(max-width: 628px) 100vw, 628px\" \/><\/a><\/p>\n<p style=\"text-align: justify;\">Presentamos una versi\u00f3n totalmente autom\u00e1tica del juego Of Dice and Men\u00a0de Tom Stone&#8217;s conocido tambi\u00e9n como \u00ababrazar \/ matar\u00bb.<\/p>\n<p style=\"text-align: justify;\">El mago invita a un participante al escenario y le explica que podr\u00e1 seleccionar cualquier n\u00famero del 1 al 6.<\/p>\n<p>&nbsp;<\/p>\n<p style=\"text-align: justify;\">Detr\u00e1s de cada n\u00famero hay un premio y el seleccionado ser\u00e1 entregado como recompensa.<\/p>\n<p>&nbsp;<\/p>\n<p style=\"text-align: justify;\">Se le da la oportunidad de cambiar las veces que quiera el n\u00famero, pero supongamos que eligi\u00f3 el \u00abTres\u00bb. Se retira claramente la tarjeta con el n\u00famero del soporte y dice \u00abAbrazo\u00bb.<\/p>\n<p><a href=\"https:\/\/magoezequias.com.ar\/tienda\/wp-content\/uploads\/2020\/01\/abrazo-3.jpg\"><img decoding=\"async\" class=\"aligncenter size-full wp-image-1636\" src=\"https:\/\/magoezequias.com.ar\/tienda\/wp-content\/uploads\/2020\/01\/abrazo-3.jpg\" alt=\"\" width=\"415\" height=\"501\" srcset=\"https:\/\/magoezequias.com.ar\/tienda\/wp-content\/uploads\/2020\/01\/abrazo-3.jpg 415w, https:\/\/magoezequias.com.ar\/tienda\/wp-content\/uploads\/2020\/01\/abrazo-3-249x300.jpg 249w, https:\/\/magoezequias.com.ar\/tienda\/wp-content\/uploads\/2020\/01\/abrazo-3-300x362.jpg 300w\" sizes=\"(max-width: 415px) 100vw, 415px\" \/><\/a><\/p>\n<p style=\"text-align: justify;\">El mago se dirige al espectador y le da un gran Abrazo\u2026 viendo en este momento el resto de los espectadores que en todas las otras cartas hab\u00eda una imagen de un billete de 100 d\u00f3lares.<\/p>\n<p>&nbsp;<\/p>\n<p style=\"text-align: justify;\">Esta podr\u00eda ser una de las presentaciones de teatro m\u00e1s memorables y pr\u00e1cticas que hay.\u00a0Es peque\u00f1o y juega en grande, por eso se ha convertido en una rutina b\u00e1sica para tantos magos profesionales de todo el mundo.<\/p>\n<p><a href=\"https:\/\/magoezequias.com.ar\/tienda\/wp-content\/uploads\/2020\/01\/abrazo-4.jpg\"><img decoding=\"async\" class=\"aligncenter size-full wp-image-1639\" src=\"https:\/\/magoezequias.com.ar\/tienda\/wp-content\/uploads\/2020\/01\/abrazo-4.jpg\" alt=\"\" width=\"960\" height=\"539\" srcset=\"https:\/\/magoezequias.com.ar\/tienda\/wp-content\/uploads\/2020\/01\/abrazo-4.jpg 960w, https:\/\/magoezequias.com.ar\/tienda\/wp-content\/uploads\/2020\/01\/abrazo-4-300x168.jpg 300w, https:\/\/magoezequias.com.ar\/tienda\/wp-content\/uploads\/2020\/01\/abrazo-4-768x431.jpg 768w\" sizes=\"(max-width: 960px) 100vw, 960px\" \/><\/a><\/p>\n<p style=\"text-align: justify;\">Nuestra versi\u00f3n es autom\u00e1tica, no utiliza ning\u00fan dado o forzaje, realmente el espectador puede elegir cualquier n\u00famero y cambiar las veces que quiera.<\/p>\n<p>&nbsp;<\/p>\n<p style=\"text-align: justify;\">Recuerde que es f\u00e1cil de hacer, es un paquete peque\u00f1o ya que se pliega totalmente y al desplegarse juega muy bien en grandes escenarios y es autom\u00e1tico para que solamente se aboque a la presentaci\u00f3n.<\/p>\n<p>&nbsp;<\/p>\n<p style=\"text-align: justify;\">Usted puede modificar la presentaci\u00f3n a su estilo y poner la palabra MATAR en ves del billete o lo que usted desee, ya que al ser un cart\u00f3n laminado puede pegar con cinta bifaz lo que desee y cambiarlo las veces que quiera. Esto no dificulta el trucaje.<\/p>\n<p>&nbsp;<\/p>\n<p style=\"text-align: justify;\">\u00a0El paquete incluye: los cartones laminados y trucados, soporte de tarjetas transparente y totalmente plegable.<\/p>\n<p>&nbsp;<\/p>\n<p style=\"text-align: justify;\"><strong>TENEMOS 3 VERSIONES: DOLARES &#8211; EUROS &#8211; EN BLANCO PARA ESCRIBIR CON MARCADOR PARA PIZARRA. INDICAR CUAL ENVIAMOS<\/strong><\/p>\n","protected":false},"excerpt":{"rendered":"<p>Una rutina ideal para magos, mentalistas, maestros de ceremonia, etc. Puede presentarse en situaciones de comedia o mucho misterio.<\/p>\n","protected":false},"featured_media":1638,"comment_status":"open","ping_status":"closed","template":"","meta":[],"product_brand":[],"product_cat":[60,13,9],"product_tag":[567,167,272,17,568],"class_list":{"0":"post-1635","1":"product","2":"type-product","3":"status-publish","4":"has-post-thumbnail","6":"product_cat-ezequias-2","7":"product_cat-mentalismo","8":"product_cat-salon","9":"product_tag-abrazar","10":"product_tag-concurso","11":"product_tag-dolar","12":"product_tag-ezequias","13":"product_tag-matar","15":"first","16":"instock","17":"shipping-taxable","18":"purchasable","19":"product-type-simple"},"aioseo_notices":[],"_links":{"self":[{"href":"https:\/\/magoezequias.com.ar\/tienda\/wp-json\/wp\/v2\/product\/1635","targetHints":{"allow":["GET"]}}],"collection":[{"href":"https:\/\/magoezequias.com.ar\/tienda\/wp-json\/wp\/v2\/product"}],"about":[{"href":"https:\/\/magoezequias.com.ar\/tienda\/wp-json\/wp\/v2\/types\/product"}],"replies":[{"embeddable":true,"href":"https:\/\/magoezequias.com.ar\/tienda\/wp-json\/wp\/v2\/comments?post=1635"}],"version-history":[{"count":2,"href":"https:\/\/magoezequias.com.ar\/tienda\/wp-json\/wp\/v2\/product\/1635\/revisions"}],"predecessor-version":[{"id":18175,"href":"https:\/\/magoezequias.com.ar\/tienda\/wp-json\/wp\/v2\/product\/1635\/revisions\/18175"}],"wp:featuredmedia":[{"embeddable":true,"href":"https:\/\/magoezequias.com.ar\/tienda\/wp-json\/wp\/v2\/media\/1638"}],"wp:attachment":[{"href":"https:\/\/magoezequias.com.ar\/tienda\/wp-json\/wp\/v2\/media?parent=1635"}],"wp:term":[{"taxonomy":"product_brand","embeddable":true,"href":"https:\/\/magoezequias.com.ar\/tienda\/wp-json\/wp\/v2\/product_brand?post=1635"},{"taxonomy":"product_cat","embeddable":true,"href":"https:\/\/magoezequias.com.ar\/tienda\/wp-json\/wp\/v2\/product_cat?post=1635"},{"taxonomy":"product_tag","embeddable":true,"href":"https:\/\/magoezequias.com.ar\/tienda\/wp-json\/wp\/v2\/product_tag?post=1635"}],"curies":[{"name":"wp","href":"https:\/\/api.w.org\/{rel}","templated":true}]}}